{"id":718608,"date":"2025-06-14T17:12:57","date_gmt":"2025-06-14T14:12:57","guid":{"rendered":"https:\/\/nextsnkr.com\/product\/air-jordan-retro-1-grey-red\/"},"modified":"2026-02-01T14:06:06","modified_gmt":"2026-02-01T11:06:06","slug":"air-jordan-retro-1-grey-red","status":"publish","type":"product","link":"https:\/\/nextsnkr.com\/no\/produkt\/air-jordan-retro-1-grey-red\/","title":{"rendered":"AIR JORDAN RETRO 1 gr\u00e5 \/ R\u00f8d sneakers-herre sneakers i l\u00e6r og semsket"},"content":{"rendered":"<h2>AIR JORDAN RETRO 1 gr\u00e5 \/ R\u00f8d sneakers-herre sneakers i l\u00e6r og semsket<\/h2>\n<p>&nbsp;<\/p>\n<p>AIR JORDAN RETRO 1 Gr\u00e5 \/ R\u00f8d joggesko er laget av l\u00e6r og semsket skinn av h\u00f8y kvalitet, noe som garanterer komfort, holdbarhet og et stilig utseende. Den klassiske kombinasjonen av gr\u00e5 og r\u00f8de farger gir en lys aksent til det urbane og sporty utseendet. Den komfortable puten og p\u00e5litelig ytters\u00e5le gir demping og komfort under slitasje. Velg AIR JORDAN RETRO 1 Gr\u00e5 \/ R\u00f8d for en kombinasjon av trendy design og premium kvalitet.<\/p>\n","protected":false},"excerpt":{"rendered":"<p>AIR JORDAN RETRO 1 Gr\u00e5 \/ R\u00f8d joggesko er laget av l\u00e6r og semsket skinn av h\u00f8y kvalitet, noe som garanterer komfort, holdbarhet og et stilig utseende. Den klassiske kombinasjonen av gr\u00e5 og r\u00f8de farger gir en lys aksent til det urbane og sporty utseendet. Den komfortable puten og p\u00e5litelig ytters\u00e5le gir demping og komfort under slitasje. Velg AIR JORDAN RETRO 1 Gr\u00e5 \/ R\u00f8d for en kombinasjon av trendy design og premium kvalitet.<\/p>\n","protected":false},"featured_media":718609,"comment_status":"open","ping_status":"open","template":"","meta":[],"product_brand":[],"product_cat":[3389,3277,3324],"product_tag":[],"class_list":{"0":"post-718608","1":"product","2":"type-product","3":"status-publish","4":"has-post-thumbnail","6":"product_cat-nike-jordan","7":"product_cat-all-product","8":"product_cat-kedy","9":"pa_rozmir-910","10":"pa_rozmir-912","11":"pa_rozmir-914","12":"pa_rozmir-915","13":"pa_rozmir-916","14":"pa_rozmir-917","15":"pa_rozmir-918","16":"pa_rozmir-919","17":"pa_rozmir-920","18":"pa_rozmir-921","19":"pa_rozmir-922","21":"first","22":"instock","23":"purchasable","24":"product-type-variable"},"_links":{"self":[{"href":"https:\/\/nextsnkr.com\/no\/wp-json\/wp\/v2\/product\/718608","targetHints":{"allow":["GET"]}}],"collection":[{"href":"https:\/\/nextsnkr.com\/no\/wp-json\/wp\/v2\/product"}],"about":[{"href":"https:\/\/nextsnkr.com\/no\/wp-json\/wp\/v2\/types\/product"}],"replies":[{"embeddable":true,"href":"https:\/\/nextsnkr.com\/no\/wp-json\/wp\/v2\/comments?post=718608"}],"version-history":[{"count":0,"href":"https:\/\/nextsnkr.com\/no\/wp-json\/wp\/v2\/product\/718608\/revisions"}],"wp:featuredmedia":[{"embeddable":true,"href":"https:\/\/nextsnkr.com\/no\/wp-json\/wp\/v2\/media\/718609"}],"wp:attachment":[{"href":"https:\/\/nextsnkr.com\/no\/wp-json\/wp\/v2\/media?parent=718608"}],"wp:term":[{"taxonomy":"product_brand","embeddable":true,"href":"https:\/\/nextsnkr.com\/no\/wp-json\/wp\/v2\/product_brand?post=718608"},{"taxonomy":"product_cat","embeddable":true,"href":"https:\/\/nextsnkr.com\/no\/wp-json\/wp\/v2\/product_cat?post=718608"},{"taxonomy":"product_tag","embeddable":true,"href":"https:\/\/nextsnkr.com\/no\/wp-json\/wp\/v2\/product_tag?post=718608"}],"curies":[{"name":"wp","href":"https:\/\/api.w.org\/{rel}","templated":true}]}}