{"id":718269,"date":"2025-06-14T17:13:35","date_gmt":"2025-06-14T14:13:35","guid":{"rendered":"https:\/\/nextsnkr.com\/product\/air-jordan-retro-1-low-shadow-brown-premium\/"},"modified":"2026-02-01T14:05:57","modified_gmt":"2026-02-01T11:05:57","slug":"air-jordan-retro-1-low-shadow-brown-premium","status":"publish","type":"product","link":"https:\/\/nextsnkr.com\/no\/produkt\/air-jordan-retro-1-low-shadow-brown-premium\/","title":{"rendered":"KJ\u00d8P BILLIGE MENN AIR JORDAN RETRO 1 Low Shadow Brun Sko Norge Salg P\u00e5 NETT"},"content":{"rendered":"<h2>KJ\u00d8P BILLIGE MENN AIR JORDAN RETRO 1 Low Shadow Brun Sko Norge Salg P\u00e5 NETT<\/h2>\n<p>&nbsp;<\/p>\n<p>AIR JORDAN RETRO 1 Low Shadow Brown joggesko er laget av ekte skinn av h\u00f8y kvalitet, som sikrer holdbarhet, komfort og et stilig utseende. Den f\u00f8rsteklasses designen til Shadow Brown-modellen gir modernitet og gj\u00f8r joggesko til en lys aksent til ethvert utseende. Den slitesterke ytters\u00e5len garanterer p\u00e5litelig demping og en behagelig passform n\u00e5r den brukes daglig. Laget I Vietnam, de er ideelle for aktiv urban stil og daglig bruk.<\/p>\n","protected":false},"excerpt":{"rendered":"<p>AIR JORDAN RETRO 1 Low Shadow Brown joggesko er laget av ekte skinn av h\u00f8y kvalitet, som sikrer holdbarhet, komfort og et stilig utseende. Den f\u00f8rsteklasses designen til Shadow Brown-modellen gir modernitet og gj\u00f8r joggesko til en lys aksent til ethvert utseende. Den slitesterke ytters\u00e5len garanterer p\u00e5litelig demping og en behagelig passform n\u00e5r den brukes daglig. Laget I Vietnam, de er ideelle for aktiv urban stil og daglig bruk.<\/p>\n","protected":false},"featured_media":718270,"comment_status":"open","ping_status":"open","template":"","meta":[],"product_brand":[],"product_cat":[3389,3277,3324],"product_tag":[],"class_list":{"0":"post-718269","1":"product","2":"type-product","3":"status-publish","4":"has-post-thumbnail","6":"product_cat-nike-jordan","7":"product_cat-all-product","8":"product_cat-kedy","9":"pa_rozmir-910","10":"pa_rozmir-912","11":"pa_rozmir-914","12":"pa_rozmir-915","13":"pa_rozmir-916","14":"pa_rozmir-917","15":"pa_rozmir-918","16":"pa_rozmir-919","17":"pa_rozmir-920","18":"pa_rozmir-921","19":"pa_rozmir-922","21":"first","22":"onbackorder","23":"purchasable","24":"product-type-variable"},"_links":{"self":[{"href":"https:\/\/nextsnkr.com\/no\/wp-json\/wp\/v2\/product\/718269","targetHints":{"allow":["GET"]}}],"collection":[{"href":"https:\/\/nextsnkr.com\/no\/wp-json\/wp\/v2\/product"}],"about":[{"href":"https:\/\/nextsnkr.com\/no\/wp-json\/wp\/v2\/types\/product"}],"replies":[{"embeddable":true,"href":"https:\/\/nextsnkr.com\/no\/wp-json\/wp\/v2\/comments?post=718269"}],"version-history":[{"count":0,"href":"https:\/\/nextsnkr.com\/no\/wp-json\/wp\/v2\/product\/718269\/revisions"}],"wp:featuredmedia":[{"embeddable":true,"href":"https:\/\/nextsnkr.com\/no\/wp-json\/wp\/v2\/media\/718270"}],"wp:attachment":[{"href":"https:\/\/nextsnkr.com\/no\/wp-json\/wp\/v2\/media?parent=718269"}],"wp:term":[{"taxonomy":"product_brand","embeddable":true,"href":"https:\/\/nextsnkr.com\/no\/wp-json\/wp\/v2\/product_brand?post=718269"},{"taxonomy":"product_cat","embeddable":true,"href":"https:\/\/nextsnkr.com\/no\/wp-json\/wp\/v2\/product_cat?post=718269"},{"taxonomy":"product_tag","embeddable":true,"href":"https:\/\/nextsnkr.com\/no\/wp-json\/wp\/v2\/product_tag?post=718269"}],"curies":[{"name":"wp","href":"https:\/\/api.w.org\/{rel}","templated":true}]}}