{"id":717929,"date":"2025-06-14T17:14:24","date_gmt":"2025-06-14T14:14:24","guid":{"rendered":"https:\/\/nextsnkr.com\/product\/air-jordan-retro-1-black-white-swoosh\/"},"modified":"2026-02-01T14:05:48","modified_gmt":"2026-02-01T11:05:48","slug":"air-jordan-retro-1-black-white-swoosh","status":"publish","type":"product","link":"https:\/\/nextsnkr.com\/no\/produkt\/air-jordan-retro-1-black-white-swoosh\/","title":{"rendered":"AIR JORDAN RETRO 1 svart \/ Hvit sneakers-l\u00e6r herre kj\u00f8rer sko"},"content":{"rendered":"<h2>AIR JORDAN RETRO 1 svart \/ Hvit sneakers-l\u00e6r herre kj\u00f8rer sko<\/h2>\n<p>&nbsp;<\/p>\n<p>AIR JORDAN RETRO 1 Svart \/ Hvit SWOOSH joggesko er en klassisk modell av herresko laget av ekte skinn. Den svarte OG hvite SWOOSH logo design legger stil og allsidighet til utseendet. Den slitesterke ytters\u00e5len gir komfort, demping og sikkert grep p\u00e5 en rekke overflater. Disse joggeskoene er ideelle for daglig bruk, sport eller utend\u00f8rsaktiviteter, og kombinerer det legendariske AIR JORDAN-merket, h\u00f8y kvalitet og moderne stil.<\/p>\n","protected":false},"excerpt":{"rendered":"<p>AIR JORDAN RETRO 1 Svart \/ Hvit SWOOSH joggesko er en klassisk modell av herresko laget av ekte skinn. Den svarte OG hvite SWOOSH logo design legger stil og allsidighet til utseendet. Den slitesterke ytters\u00e5len gir komfort, demping og sikkert grep p\u00e5 en rekke overflater. Disse joggeskoene er ideelle for daglig bruk, sport eller utend\u00f8rsaktiviteter, og kombinerer det legendariske AIR JORDAN-merket, h\u00f8y kvalitet og moderne stil.<\/p>\n","protected":false},"featured_media":717930,"comment_status":"open","ping_status":"open","template":"","meta":[],"product_brand":[],"product_cat":[3389,3277,3324],"product_tag":[],"class_list":{"0":"post-717929","1":"product","2":"type-product","3":"status-publish","4":"has-post-thumbnail","6":"product_cat-nike-jordan","7":"product_cat-all-product","8":"product_cat-kedy","9":"pa_rozmir-910","10":"pa_rozmir-912","11":"pa_rozmir-914","12":"pa_rozmir-915","13":"pa_rozmir-916","14":"pa_rozmir-917","15":"pa_rozmir-918","16":"pa_rozmir-919","17":"pa_rozmir-920","18":"pa_rozmir-921","19":"pa_rozmir-922","21":"first","22":"instock","23":"purchasable","24":"product-type-variable"},"_links":{"self":[{"href":"https:\/\/nextsnkr.com\/no\/wp-json\/wp\/v2\/product\/717929","targetHints":{"allow":["GET"]}}],"collection":[{"href":"https:\/\/nextsnkr.com\/no\/wp-json\/wp\/v2\/product"}],"about":[{"href":"https:\/\/nextsnkr.com\/no\/wp-json\/wp\/v2\/types\/product"}],"replies":[{"embeddable":true,"href":"https:\/\/nextsnkr.com\/no\/wp-json\/wp\/v2\/comments?post=717929"}],"version-history":[{"count":0,"href":"https:\/\/nextsnkr.com\/no\/wp-json\/wp\/v2\/product\/717929\/revisions"}],"wp:featuredmedia":[{"embeddable":true,"href":"https:\/\/nextsnkr.com\/no\/wp-json\/wp\/v2\/media\/717930"}],"wp:attachment":[{"href":"https:\/\/nextsnkr.com\/no\/wp-json\/wp\/v2\/media?parent=717929"}],"wp:term":[{"taxonomy":"product_brand","embeddable":true,"href":"https:\/\/nextsnkr.com\/no\/wp-json\/wp\/v2\/product_brand?post=717929"},{"taxonomy":"product_cat","embeddable":true,"href":"https:\/\/nextsnkr.com\/no\/wp-json\/wp\/v2\/product_cat?post=717929"},{"taxonomy":"product_tag","embeddable":true,"href":"https:\/\/nextsnkr.com\/no\/wp-json\/wp\/v2\/product_tag?post=717929"}],"curies":[{"name":"wp","href":"https:\/\/api.w.org\/{rel}","templated":true}]}}