{"id":715125,"date":"2025-06-14T17:18:55","date_gmt":"2025-06-14T14:18:55","guid":{"rendered":"https:\/\/nextsnkr.com\/product\/air-jordan-retro-1-orange-patent-swoosh\/"},"modified":"2026-02-01T14:04:17","modified_gmt":"2026-02-01T11:04:17","slug":"air-jordan-retro-1-orange-patent-swoosh","status":"publish","type":"product","link":"https:\/\/nextsnkr.com\/no\/produkt\/air-jordan-retro-1-orange-patent-swoosh\/","title":{"rendered":"AIR JORDAN RETRO 1 Oransje Patent Swoosh joggesko skinn og nubuck"},"content":{"rendered":"<h2>AIR JORDAN RETRO 1 Oransje Patent Swoosh joggesko skinn og nubuck<\/h2>\n<p>&nbsp;<\/p>\n<p>AIR JORDAN RETRO 1 Oransje Patent Swoosh joggesko er laget av l\u00e6r og nubuck av h\u00f8y kvalitet, noe som sikrer holdbarhet, komfort og holdbarhet. Den lyse oransje Swoosh gir en stilig aksent og gj\u00f8r modellen unik. Den ergonomiske s\u00e5len garanterer demping og komfort n\u00e5r du g\u00e5r, mens den klassiske designen fremhever Jordan-merket og moderne urban stil. Disse joggeskoene er laget i Kina og er et godt valg for et aktivt og fasjonabelt utseende.<\/p>\n","protected":false},"excerpt":{"rendered":"<p>AIR JORDAN RETRO 1 Oransje Patent Swoosh joggesko er laget av l\u00e6r og nubuck av h\u00f8y kvalitet, noe som sikrer holdbarhet, komfort og holdbarhet. Den lyse oransje Swoosh gir en stilig aksent og gj\u00f8r modellen unik. Den ergonomiske s\u00e5len garanterer demping og komfort n\u00e5r du g\u00e5r, mens den klassiske designen fremhever Jordan-merket og moderne urban stil. Disse joggeskoene er laget i Kina og er et godt valg for et aktivt og fasjonabelt utseende.<\/p>\n","protected":false},"featured_media":715129,"comment_status":"open","ping_status":"open","template":"","meta":[],"product_brand":[],"product_cat":[3389,3277,3324],"product_tag":[],"class_list":{"0":"post-715125","1":"product","2":"type-product","3":"status-publish","4":"has-post-thumbnail","6":"product_cat-nike-jordan","7":"product_cat-all-product","8":"product_cat-kedy","9":"pa_rozmir-910","10":"pa_rozmir-912","11":"pa_rozmir-914","12":"pa_rozmir-915","13":"pa_rozmir-916","14":"pa_rozmir-917","15":"pa_rozmir-918","16":"pa_rozmir-919","17":"pa_rozmir-920","18":"pa_rozmir-921","19":"pa_rozmir-922","21":"first","22":"onbackorder","23":"purchasable","24":"product-type-variable"},"_links":{"self":[{"href":"https:\/\/nextsnkr.com\/no\/wp-json\/wp\/v2\/product\/715125","targetHints":{"allow":["GET"]}}],"collection":[{"href":"https:\/\/nextsnkr.com\/no\/wp-json\/wp\/v2\/product"}],"about":[{"href":"https:\/\/nextsnkr.com\/no\/wp-json\/wp\/v2\/types\/product"}],"replies":[{"embeddable":true,"href":"https:\/\/nextsnkr.com\/no\/wp-json\/wp\/v2\/comments?post=715125"}],"version-history":[{"count":0,"href":"https:\/\/nextsnkr.com\/no\/wp-json\/wp\/v2\/product\/715125\/revisions"}],"wp:featuredmedia":[{"embeddable":true,"href":"https:\/\/nextsnkr.com\/no\/wp-json\/wp\/v2\/media\/715129"}],"wp:attachment":[{"href":"https:\/\/nextsnkr.com\/no\/wp-json\/wp\/v2\/media?parent=715125"}],"wp:term":[{"taxonomy":"product_brand","embeddable":true,"href":"https:\/\/nextsnkr.com\/no\/wp-json\/wp\/v2\/product_brand?post=715125"},{"taxonomy":"product_cat","embeddable":true,"href":"https:\/\/nextsnkr.com\/no\/wp-json\/wp\/v2\/product_cat?post=715125"},{"taxonomy":"product_tag","embeddable":true,"href":"https:\/\/nextsnkr.com\/no\/wp-json\/wp\/v2\/product_tag?post=715125"}],"curies":[{"name":"wp","href":"https:\/\/api.w.org\/{rel}","templated":true}]}}