{"id":714813,"date":"2025-06-16T21:14:07","date_gmt":"2025-06-16T18:14:07","guid":{"rendered":"https:\/\/nextsnkr.com\/product\/loro-piano-blue\/"},"modified":"2026-02-01T14:04:13","modified_gmt":"2026-02-01T11:04:13","slug":"loro-piano-blue","status":"publish","type":"product","link":"https:\/\/nextsnkr.com\/no\/produkt\/loro-piano-blue\/","title":{"rendered":"Loro Piano Bl\u00e5 loafers-stilig semsket kvinners loafers"},"content":{"rendered":"<h2>Loro Piano Bl\u00e5 loafers-stilig semsket kvinners loafers<\/h2>\n<p>&nbsp;<\/p>\n<p>De elegante Loro Piano Blue loafers er laget av semsket skinn av h\u00f8y kvalitet, og gir komfort, styrke og holdbarhet. Den klassiske designen med en rik bl\u00e5 fargetone gj\u00f8r modellen allsidig for kontor, turg\u00e5ing eller uformell stil. Den lette s\u00e5len garanterer komfort under langvarig slitasje, og den gjennomtenkte formen st\u00f8tter foten. Det perfekte valget for De som setter pris p\u00e5 stil, kvalitet og sofistikert design Fra Loro Piano-merket.<\/p>\n","protected":false},"excerpt":{"rendered":"<p>De elegante Loro Piano Blue loafers er laget av semsket skinn av h\u00f8y kvalitet, og gir komfort, styrke og holdbarhet. Den klassiske designen med en rik bl\u00e5 fargetone gj\u00f8r modellen allsidig for kontor, turg\u00e5ing eller uformell stil. Den lette s\u00e5len garanterer komfort under langvarig slitasje, og den gjennomtenkte formen st\u00f8tter foten. Det perfekte valget for De som setter pris p\u00e5 stil, kvalitet og sofistikert design Fra Loro Piano-merket.<\/p>\n","protected":false},"featured_media":714815,"comment_status":"open","ping_status":"open","template":"","meta":[],"product_brand":[],"product_cat":[3277,4246],"product_tag":[],"class_list":{"0":"post-714813","1":"product","2":"type-product","3":"status-publish","4":"has-post-thumbnail","6":"product_cat-all-product","7":"product_cat-lofery","8":"pa_rozmir-910","9":"pa_rozmir-912","10":"pa_rozmir-914","11":"pa_rozmir-915","12":"pa_rozmir-916","13":"pa_rozmir-917","14":"pa_rozmir-918","15":"pa_rozmir-919","16":"pa_rozmir-920","17":"pa_rozmir-921","18":"pa_rozmir-922","20":"first","21":"instock","22":"purchasable","23":"product-type-variable"},"_links":{"self":[{"href":"https:\/\/nextsnkr.com\/no\/wp-json\/wp\/v2\/product\/714813","targetHints":{"allow":["GET"]}}],"collection":[{"href":"https:\/\/nextsnkr.com\/no\/wp-json\/wp\/v2\/product"}],"about":[{"href":"https:\/\/nextsnkr.com\/no\/wp-json\/wp\/v2\/types\/product"}],"replies":[{"embeddable":true,"href":"https:\/\/nextsnkr.com\/no\/wp-json\/wp\/v2\/comments?post=714813"}],"version-history":[{"count":0,"href":"https:\/\/nextsnkr.com\/no\/wp-json\/wp\/v2\/product\/714813\/revisions"}],"wp:featuredmedia":[{"embeddable":true,"href":"https:\/\/nextsnkr.com\/no\/wp-json\/wp\/v2\/media\/714815"}],"wp:attachment":[{"href":"https:\/\/nextsnkr.com\/no\/wp-json\/wp\/v2\/media?parent=714813"}],"wp:term":[{"taxonomy":"product_brand","embeddable":true,"href":"https:\/\/nextsnkr.com\/no\/wp-json\/wp\/v2\/product_brand?post=714813"},{"taxonomy":"product_cat","embeddable":true,"href":"https:\/\/nextsnkr.com\/no\/wp-json\/wp\/v2\/product_cat?post=714813"},{"taxonomy":"product_tag","embeddable":true,"href":"https:\/\/nextsnkr.com\/no\/wp-json\/wp\/v2\/product_tag?post=714813"}],"curies":[{"name":"wp","href":"https:\/\/api.w.org\/{rel}","templated":true}]}}