{"id":714462,"date":"2025-06-16T21:14:58","date_gmt":"2025-06-16T18:14:58","guid":{"rendered":"https:\/\/nextsnkr.com\/product\/loro-piano-beige\/"},"modified":"2026-02-01T14:04:04","modified_gmt":"2026-02-01T11:04:04","slug":"loro-piano-beige","status":"publish","type":"product","link":"https:\/\/nextsnkr.com\/no\/produkt\/loro-piano-beige\/","title":{"rendered":"Loro Piano Beige loafers-semsket skinn kvinner stilig"},"content":{"rendered":"<h2>Loro Piano Beige loafers-semsket skinn kvinner stilig<\/h2>\n<p>&nbsp;<\/p>\n<p>Loro Piano Beige er en elegant loafer for kvinner laget av semsket skinn av h\u00f8y kvalitet, som kombinerer komfort, stil og holdbarhet. Den lyse beige skyggen gj\u00f8r modellen allsidig og enkel \u00e5 kombinere med forskjellige utseende, fra uformell til forretning. Loro Piano loafers er laget I Vietnam og kjennetegnes av slitesterke s\u00e5ler, behagelig passform p\u00e5 foten og n\u00f8ye utf\u00f8relse av detaljer. Et ideelt valg for de som setter pris p\u00e5 moderne design, komfort og kvalitet p\u00e5 premium sko.<\/p>\n","protected":false},"excerpt":{"rendered":"<p>Loro Piano Beige er en elegant loafer for kvinner laget av semsket skinn av h\u00f8y kvalitet, som kombinerer komfort, stil og holdbarhet. Den lyse beige skyggen gj\u00f8r modellen allsidig og enkel \u00e5 kombinere med forskjellige utseende, fra uformell til forretning. Loro Piano loafers er laget I Vietnam og kjennetegnes av slitesterke s\u00e5ler, behagelig passform p\u00e5 foten og n\u00f8ye utf\u00f8relse av detaljer. Et ideelt valg for de som setter pris p\u00e5 moderne design, komfort og kvalitet p\u00e5 premium sko.<\/p>\n","protected":false},"featured_media":714465,"comment_status":"open","ping_status":"open","template":"","meta":[],"product_brand":[],"product_cat":[3277,4246],"product_tag":[],"class_list":{"0":"post-714462","1":"product","2":"type-product","3":"status-publish","4":"has-post-thumbnail","6":"product_cat-all-product","7":"product_cat-lofery","8":"pa_rozmir-910","9":"pa_rozmir-912","10":"pa_rozmir-914","11":"pa_rozmir-915","12":"pa_rozmir-916","13":"pa_rozmir-917","14":"pa_rozmir-918","15":"pa_rozmir-919","16":"pa_rozmir-920","17":"pa_rozmir-921","18":"pa_rozmir-922","20":"first","21":"onbackorder","22":"purchasable","23":"product-type-variable"},"_links":{"self":[{"href":"https:\/\/nextsnkr.com\/no\/wp-json\/wp\/v2\/product\/714462","targetHints":{"allow":["GET"]}}],"collection":[{"href":"https:\/\/nextsnkr.com\/no\/wp-json\/wp\/v2\/product"}],"about":[{"href":"https:\/\/nextsnkr.com\/no\/wp-json\/wp\/v2\/types\/product"}],"replies":[{"embeddable":true,"href":"https:\/\/nextsnkr.com\/no\/wp-json\/wp\/v2\/comments?post=714462"}],"version-history":[{"count":0,"href":"https:\/\/nextsnkr.com\/no\/wp-json\/wp\/v2\/product\/714462\/revisions"}],"wp:featuredmedia":[{"embeddable":true,"href":"https:\/\/nextsnkr.com\/no\/wp-json\/wp\/v2\/media\/714465"}],"wp:attachment":[{"href":"https:\/\/nextsnkr.com\/no\/wp-json\/wp\/v2\/media?parent=714462"}],"wp:term":[{"taxonomy":"product_brand","embeddable":true,"href":"https:\/\/nextsnkr.com\/no\/wp-json\/wp\/v2\/product_brand?post=714462"},{"taxonomy":"product_cat","embeddable":true,"href":"https:\/\/nextsnkr.com\/no\/wp-json\/wp\/v2\/product_cat?post=714462"},{"taxonomy":"product_tag","embeddable":true,"href":"https:\/\/nextsnkr.com\/no\/wp-json\/wp\/v2\/product_tag?post=714462"}],"curies":[{"name":"wp","href":"https:\/\/api.w.org\/{rel}","templated":true}]}}