{"id":712348,"date":"2025-06-14T17:25:56","date_gmt":"2025-06-14T14:25:56","guid":{"rendered":"https:\/\/nextsnkr.com\/product\/classic-short-black-leather\/"},"modified":"2026-02-01T14:02:46","modified_gmt":"2026-02-01T11:02:46","slug":"classic-short-black-leather","status":"publish","type":"product","link":"https:\/\/nextsnkr.com\/no\/produkt\/classic-short-black-leather\/","title":{"rendered":"Ugg Classic Short Svart Skinn-l\u00e6r svart korte st\u00f8vler"},"content":{"rendered":"<h2>Ugg Classic Short Svart Skinn-l\u00e6r svart korte st\u00f8vler<\/h2>\n<p>&nbsp;<\/p>\n<p>UGG Classic Short Black Leather boots er laget av l\u00e6r av h\u00f8y kvalitet, som sikrer holdbarhet, komfort og et stilig utseende. Den korte modellen holder deg varm og passer for daglig bruk i den kalde \u00e5rstiden. Den klassiske svarte fargen er lett kombinert med noe kl\u00e6r, og den slitesterke s\u00e5len garanterer p\u00e5litelighet og stabilitet. Produsenten er Kina. Velg Ugg Classic Short for en kombinasjon av eleganse, praktisk og komfort.<\/p>\n","protected":false},"excerpt":{"rendered":"<p>UGG Classic Short Black Leather boots er laget av l\u00e6r av h\u00f8y kvalitet, som sikrer holdbarhet, komfort og et stilig utseende. Den korte modellen holder deg varm og passer for daglig bruk i den kalde \u00e5rstiden. Den klassiske svarte fargen er lett kombinert med noe kl\u00e6r, og den slitesterke s\u00e5len garanterer p\u00e5litelighet og stabilitet. Produsenten er Kina. Velg Ugg Classic Short for en kombinasjon av eleganse, praktisk og komfort.<\/p>\n","protected":false},"featured_media":712350,"comment_status":"open","ping_status":"open","template":"","meta":[],"product_brand":[],"product_cat":[3413,3277],"product_tag":[],"class_list":{"0":"post-712348","1":"product","2":"type-product","3":"status-publish","4":"has-post-thumbnail","6":"product_cat-ugg","7":"product_cat-all-product","8":"pa_rozmir-910","9":"pa_rozmir-912","10":"pa_rozmir-914","11":"pa_rozmir-915","12":"pa_rozmir-916","13":"pa_rozmir-917","14":"pa_rozmir-918","15":"pa_rozmir-919","16":"pa_rozmir-920","17":"pa_rozmir-921","18":"pa_rozmir-922","20":"first","21":"onbackorder","22":"purchasable","23":"product-type-variable"},"_links":{"self":[{"href":"https:\/\/nextsnkr.com\/no\/wp-json\/wp\/v2\/product\/712348","targetHints":{"allow":["GET"]}}],"collection":[{"href":"https:\/\/nextsnkr.com\/no\/wp-json\/wp\/v2\/product"}],"about":[{"href":"https:\/\/nextsnkr.com\/no\/wp-json\/wp\/v2\/types\/product"}],"replies":[{"embeddable":true,"href":"https:\/\/nextsnkr.com\/no\/wp-json\/wp\/v2\/comments?post=712348"}],"version-history":[{"count":0,"href":"https:\/\/nextsnkr.com\/no\/wp-json\/wp\/v2\/product\/712348\/revisions"}],"wp:featuredmedia":[{"embeddable":true,"href":"https:\/\/nextsnkr.com\/no\/wp-json\/wp\/v2\/media\/712350"}],"wp:attachment":[{"href":"https:\/\/nextsnkr.com\/no\/wp-json\/wp\/v2\/media?parent=712348"}],"wp:term":[{"taxonomy":"product_brand","embeddable":true,"href":"https:\/\/nextsnkr.com\/no\/wp-json\/wp\/v2\/product_brand?post=712348"},{"taxonomy":"product_cat","embeddable":true,"href":"https:\/\/nextsnkr.com\/no\/wp-json\/wp\/v2\/product_cat?post=712348"},{"taxonomy":"product_tag","embeddable":true,"href":"https:\/\/nextsnkr.com\/no\/wp-json\/wp\/v2\/product_tag?post=712348"}],"curies":[{"name":"wp","href":"https:\/\/api.w.org\/{rel}","templated":true}]}}