{"id":712006,"date":"2025-06-14T17:26:42","date_gmt":"2025-06-14T14:26:42","guid":{"rendered":"https:\/\/nextsnkr.com\/product\/mini-black-classic\/"},"modified":"2026-02-01T14:02:37","modified_gmt":"2026-02-01T11:02:37","slug":"mini-black-classic","status":"publish","type":"product","link":"https:\/\/nextsnkr.com\/no\/produkt\/mini-black-classic\/","title":{"rendered":"UGG Mini Svart Klassiske St\u00f8vler-svart semsket mini st\u00f8vler"},"content":{"rendered":"<h2>UGG Mini Svart Klassiske St\u00f8vler-svart semsket mini st\u00f8vler<\/h2>\n<p>&nbsp;<\/p>\n<p>UGG Mini Black Classic st\u00f8vler er laget av semsket skinn av h\u00f8y kvalitet, som sikrer holdbarhet, komfort og et stilig utseende. Den klassiske svarte fargen og snarveien gj\u00f8r modellen allsidig for daglig bruk i den kalde \u00e5rstiden. Den lette s\u00e5len demper trinnet og st\u00f8tter foten hele dagen. Praktisk, elegant og varm \u2014 det perfekte valget for de som setter pris p\u00e5 komfort OG premium UGG kvalitet.<\/p>\n","protected":false},"excerpt":{"rendered":"<p>UGG Mini Black Classic st\u00f8vler er laget av semsket skinn av h\u00f8y kvalitet, som sikrer holdbarhet, komfort og et stilig utseende. Den klassiske svarte fargen og snarveien gj\u00f8r modellen allsidig for daglig bruk i den kalde \u00e5rstiden. Den lette s\u00e5len demper trinnet og st\u00f8tter foten hele dagen. Praktisk, elegant og varm \u2014 det perfekte valget for de som setter pris p\u00e5 komfort OG premium UGG kvalitet.<\/p>\n","protected":false},"featured_media":712009,"comment_status":"open","ping_status":"open","template":"","meta":[],"product_brand":[],"product_cat":[3413,3277],"product_tag":[],"class_list":{"0":"post-712006","1":"product","2":"type-product","3":"status-publish","4":"has-post-thumbnail","6":"product_cat-ugg","7":"product_cat-all-product","8":"pa_rozmir-910","9":"pa_rozmir-912","10":"pa_rozmir-914","11":"pa_rozmir-915","12":"pa_rozmir-916","13":"pa_rozmir-917","14":"pa_rozmir-918","15":"pa_rozmir-919","16":"pa_rozmir-920","17":"pa_rozmir-921","18":"pa_rozmir-922","20":"first","21":"onbackorder","22":"purchasable","23":"product-type-variable"},"_links":{"self":[{"href":"https:\/\/nextsnkr.com\/no\/wp-json\/wp\/v2\/product\/712006","targetHints":{"allow":["GET"]}}],"collection":[{"href":"https:\/\/nextsnkr.com\/no\/wp-json\/wp\/v2\/product"}],"about":[{"href":"https:\/\/nextsnkr.com\/no\/wp-json\/wp\/v2\/types\/product"}],"replies":[{"embeddable":true,"href":"https:\/\/nextsnkr.com\/no\/wp-json\/wp\/v2\/comments?post=712006"}],"version-history":[{"count":0,"href":"https:\/\/nextsnkr.com\/no\/wp-json\/wp\/v2\/product\/712006\/revisions"}],"wp:featuredmedia":[{"embeddable":true,"href":"https:\/\/nextsnkr.com\/no\/wp-json\/wp\/v2\/media\/712009"}],"wp:attachment":[{"href":"https:\/\/nextsnkr.com\/no\/wp-json\/wp\/v2\/media?parent=712006"}],"wp:term":[{"taxonomy":"product_brand","embeddable":true,"href":"https:\/\/nextsnkr.com\/no\/wp-json\/wp\/v2\/product_brand?post=712006"},{"taxonomy":"product_cat","embeddable":true,"href":"https:\/\/nextsnkr.com\/no\/wp-json\/wp\/v2\/product_cat?post=712006"},{"taxonomy":"product_tag","embeddable":true,"href":"https:\/\/nextsnkr.com\/no\/wp-json\/wp\/v2\/product_tag?post=712006"}],"curies":[{"name":"wp","href":"https:\/\/api.w.org\/{rel}","templated":true}]}}