{"id":710654,"date":"2025-06-14T17:29:16","date_gmt":"2025-06-14T14:29:16","guid":{"rendered":"https:\/\/nextsnkr.com\/product\/lether-mini-black\/"},"modified":"2026-02-01T14:02:00","modified_gmt":"2026-02-01T11:02:00","slug":"lether-mini-black","status":"publish","type":"product","link":"https:\/\/nextsnkr.com\/no\/produkt\/lether-mini-black\/","title":{"rendered":"UGG Lether Mini Black-stilige l\u00e6r st\u00f8vler for hver dag"},"content":{"rendered":"<h2>UGG Lether Mini Black-stilige l\u00e6r st\u00f8vler for hver dag<\/h2>\n<p>&nbsp;<\/p>\n<p>UGG Lether Mini Black boots er en elegant modell laget av ekte l\u00e6r, som kombinerer komfort, holdbarhet og moderne design. Den lette og komfortable passformen sikrer komfort under daglig bruk, og den klassiske svarte fargen gj\u00f8r skoene allsidige for ethvert utseende. Den slitesterke s\u00e5len garanterer holdbarhet, og materialene av f\u00f8rsteklasses kvalitet understreker stilen og anvendeligheten til disse skoene.<\/p>\n","protected":false},"excerpt":{"rendered":"<p>UGG Lether Mini Black boots er en elegant modell laget av ekte l\u00e6r, som kombinerer komfort, holdbarhet og moderne design. Den lette og komfortable passformen sikrer komfort under daglig bruk, og den klassiske svarte fargen gj\u00f8r skoene allsidige for ethvert utseende. Den slitesterke s\u00e5len garanterer holdbarhet, og materialene av f\u00f8rsteklasses kvalitet understreker stilen og anvendeligheten til disse skoene.<\/p>\n","protected":false},"featured_media":710658,"comment_status":"open","ping_status":"open","template":"","meta":[],"product_brand":[],"product_cat":[3413,3277],"product_tag":[],"class_list":{"0":"post-710654","1":"product","2":"type-product","3":"status-publish","4":"has-post-thumbnail","6":"product_cat-ugg","7":"product_cat-all-product","8":"pa_rozmir-910","9":"pa_rozmir-912","10":"pa_rozmir-914","11":"pa_rozmir-915","12":"pa_rozmir-916","13":"pa_rozmir-917","14":"pa_rozmir-918","15":"pa_rozmir-919","16":"pa_rozmir-920","17":"pa_rozmir-921","18":"pa_rozmir-922","20":"first","21":"onbackorder","22":"purchasable","23":"product-type-variable"},"_links":{"self":[{"href":"https:\/\/nextsnkr.com\/no\/wp-json\/wp\/v2\/product\/710654","targetHints":{"allow":["GET"]}}],"collection":[{"href":"https:\/\/nextsnkr.com\/no\/wp-json\/wp\/v2\/product"}],"about":[{"href":"https:\/\/nextsnkr.com\/no\/wp-json\/wp\/v2\/types\/product"}],"replies":[{"embeddable":true,"href":"https:\/\/nextsnkr.com\/no\/wp-json\/wp\/v2\/comments?post=710654"}],"version-history":[{"count":0,"href":"https:\/\/nextsnkr.com\/no\/wp-json\/wp\/v2\/product\/710654\/revisions"}],"wp:featuredmedia":[{"embeddable":true,"href":"https:\/\/nextsnkr.com\/no\/wp-json\/wp\/v2\/media\/710658"}],"wp:attachment":[{"href":"https:\/\/nextsnkr.com\/no\/wp-json\/wp\/v2\/media?parent=710654"}],"wp:term":[{"taxonomy":"product_brand","embeddable":true,"href":"https:\/\/nextsnkr.com\/no\/wp-json\/wp\/v2\/product_brand?post=710654"},{"taxonomy":"product_cat","embeddable":true,"href":"https:\/\/nextsnkr.com\/no\/wp-json\/wp\/v2\/product_cat?post=710654"},{"taxonomy":"product_tag","embeddable":true,"href":"https:\/\/nextsnkr.com\/no\/wp-json\/wp\/v2\/product_tag?post=710654"}],"curies":[{"name":"wp","href":"https:\/\/api.w.org\/{rel}","templated":true}]}}