{"id":708876,"date":"2025-06-16T21:30:35","date_gmt":"2025-06-16T18:30:35","guid":{"rendered":"https:\/\/nextsnkr.com\/product\/nike-air-vapormax-plus-black-volt\/"},"modified":"2026-02-01T14:01:00","modified_gmt":"2026-02-01T11:01:00","slug":"nike-air-vapormax-plus-black-volt","status":"publish","type":"product","link":"https:\/\/nextsnkr.com\/no\/produkt\/nike-air-vapormax-plus-black-volt\/","title":{"rendered":"Nike Air VaporMax Plus Svart Volt tekstil joggesko-lett og stilig"},"content":{"rendered":"<h2>Nike Air VaporMax Plus Svart Volt tekstil joggesko-lett og stilig<\/h2>\n<p>&nbsp;<\/p>\n<p>Nike Air VaporMax Plus Black Volt joggesko er laget av pustende tekstil, som gir komfort, letthet og utmerket ventilasjon av foten. Lyse svarte aksenter med neon Volt-toner gir Et moderne preg og fremhever Nike-merket. VaporMax st\u00f8tdempende s\u00e5le garanterer gangkomfort og fotst\u00f8tte selv under lange turer. Laget I Vietnam, kombinerer disse joggeskoene nyskapende design, komfort og praktisk for daglig bruk.<\/p>\n","protected":false},"excerpt":{"rendered":"<p>Nike Air VaporMax Plus Black Volt joggesko er laget av pustende tekstil, som gir komfort, letthet og utmerket ventilasjon av foten. Lyse svarte aksenter med neon Volt-toner gir Et moderne preg og fremhever Nike-merket. VaporMax st\u00f8tdempende s\u00e5le garanterer gangkomfort og fotst\u00f8tte selv under lange turer. Laget I Vietnam, kombinerer disse joggeskoene nyskapende design, komfort og praktisk for daglig bruk.<\/p>\n","protected":false},"featured_media":708877,"comment_status":"open","ping_status":"open","template":"","meta":[],"product_brand":[],"product_cat":[3277,3278],"product_tag":[],"class_list":{"0":"post-708876","1":"product","2":"type-product","3":"status-publish","4":"has-post-thumbnail","6":"product_cat-all-product","7":"product_cat-krosivky","8":"pa_rozmir-910","9":"pa_rozmir-912","10":"pa_rozmir-914","11":"pa_rozmir-915","12":"pa_rozmir-916","13":"pa_rozmir-917","14":"pa_rozmir-918","15":"pa_rozmir-919","16":"pa_rozmir-920","17":"pa_rozmir-921","18":"pa_rozmir-922","20":"first","21":"onbackorder","22":"purchasable","23":"product-type-variable"},"_links":{"self":[{"href":"https:\/\/nextsnkr.com\/no\/wp-json\/wp\/v2\/product\/708876","targetHints":{"allow":["GET"]}}],"collection":[{"href":"https:\/\/nextsnkr.com\/no\/wp-json\/wp\/v2\/product"}],"about":[{"href":"https:\/\/nextsnkr.com\/no\/wp-json\/wp\/v2\/types\/product"}],"replies":[{"embeddable":true,"href":"https:\/\/nextsnkr.com\/no\/wp-json\/wp\/v2\/comments?post=708876"}],"version-history":[{"count":0,"href":"https:\/\/nextsnkr.com\/no\/wp-json\/wp\/v2\/product\/708876\/revisions"}],"wp:featuredmedia":[{"embeddable":true,"href":"https:\/\/nextsnkr.com\/no\/wp-json\/wp\/v2\/media\/708877"}],"wp:attachment":[{"href":"https:\/\/nextsnkr.com\/no\/wp-json\/wp\/v2\/media?parent=708876"}],"wp:term":[{"taxonomy":"product_brand","embeddable":true,"href":"https:\/\/nextsnkr.com\/no\/wp-json\/wp\/v2\/product_brand?post=708876"},{"taxonomy":"product_cat","embeddable":true,"href":"https:\/\/nextsnkr.com\/no\/wp-json\/wp\/v2\/product_cat?post=708876"},{"taxonomy":"product_tag","embeddable":true,"href":"https:\/\/nextsnkr.com\/no\/wp-json\/wp\/v2\/product_tag?post=708876"}],"curies":[{"name":"wp","href":"https:\/\/api.w.org\/{rel}","templated":true}]}}