{"id":706667,"date":"2025-06-16T21:41:11","date_gmt":"2025-06-16T18:41:11","guid":{"rendered":"https:\/\/nextsnkr.com\/product\/nike-air-jordan-1-retro-high-og-turbo-green\/"},"modified":"2026-02-01T13:59:44","modified_gmt":"2026-02-01T10:59:44","slug":"nike-air-jordan-1-retro-high-og-turbo-green","status":"publish","type":"product","link":"https:\/\/nextsnkr.com\/no\/produkt\/nike-air-jordan-1-retro-high-og-turbo-green\/","title":{"rendered":"Nike Air Jordan 1 Retro High Og Turbo Gr\u00f8nn Sko"},"content":{"rendered":"<h2>Nike Air Jordan 1 Retro High Og Turbo Gr\u00f8nn Sko<\/h2>\n<p>&nbsp;<\/p>\n<p>Nike Air Jordan 1 Retro High og&raquo; Turbo Green &raquo; sneakers er en stilig og komfortabel modell for daglig bruk og urban stil. Laget av h\u00f8ykvalitets l\u00e6r med tekstiltunge og en hard gummis\u00e5le for p\u00e5litelig grep p\u00e5 alle overflater. 801 gram demi-season-modellen gir komfort og holdbarhet. Den lyse skyggen Av Turbokr\u00f8nt understreker individualitet og moderne stil. Disse joggeskoene er laget I Vietnam og er ideelle for aktivt liv og trendy utseende. Velg Air Jordan 1 Retro High OG \u2014 en kombinasjon av stil, kvalitet og prestisje.<\/p>\n","protected":false},"excerpt":{"rendered":"<p>Nike Air Jordan 1 Retro High og&raquo; Turbo Green &raquo; sneakers er en stilig og komfortabel modell for daglig bruk og urban stil. Laget av h\u00f8ykvalitets l\u00e6r med tekstiltunge og en hard gummis\u00e5le for p\u00e5litelig grep p\u00e5 alle overflater. 801 gram demi-season-modellen gir komfort og holdbarhet. Den lyse skyggen Av Turbokr\u00f8nt understreker individualitet og moderne stil. Disse joggeskoene er laget I Vietnam og er ideelle for aktivt liv og trendy utseende. Velg Air Jordan 1 Retro High OG \u2014 en kombinasjon av stil, kvalitet og prestisje.<\/p>\n","protected":false},"featured_media":706668,"comment_status":"open","ping_status":"open","template":"","meta":[],"product_brand":[],"product_cat":[3389,3277,3324],"product_tag":[],"class_list":{"0":"post-706667","1":"product","2":"type-product","3":"status-publish","4":"has-post-thumbnail","6":"product_cat-nike-jordan","7":"product_cat-all-product","8":"product_cat-kedy","9":"pa_rozmir-910","10":"pa_rozmir-912","11":"pa_rozmir-914","12":"pa_rozmir-915","13":"pa_rozmir-916","14":"pa_rozmir-917","15":"pa_rozmir-918","16":"pa_rozmir-919","17":"pa_rozmir-920","18":"pa_rozmir-921","19":"pa_rozmir-922","21":"first","22":"instock","23":"purchasable","24":"product-type-variable"},"_links":{"self":[{"href":"https:\/\/nextsnkr.com\/no\/wp-json\/wp\/v2\/product\/706667","targetHints":{"allow":["GET"]}}],"collection":[{"href":"https:\/\/nextsnkr.com\/no\/wp-json\/wp\/v2\/product"}],"about":[{"href":"https:\/\/nextsnkr.com\/no\/wp-json\/wp\/v2\/types\/product"}],"replies":[{"embeddable":true,"href":"https:\/\/nextsnkr.com\/no\/wp-json\/wp\/v2\/comments?post=706667"}],"version-history":[{"count":0,"href":"https:\/\/nextsnkr.com\/no\/wp-json\/wp\/v2\/product\/706667\/revisions"}],"wp:featuredmedia":[{"embeddable":true,"href":"https:\/\/nextsnkr.com\/no\/wp-json\/wp\/v2\/media\/706668"}],"wp:attachment":[{"href":"https:\/\/nextsnkr.com\/no\/wp-json\/wp\/v2\/media?parent=706667"}],"wp:term":[{"taxonomy":"product_brand","embeddable":true,"href":"https:\/\/nextsnkr.com\/no\/wp-json\/wp\/v2\/product_brand?post=706667"},{"taxonomy":"product_cat","embeddable":true,"href":"https:\/\/nextsnkr.com\/no\/wp-json\/wp\/v2\/product_cat?post=706667"},{"taxonomy":"product_tag","embeddable":true,"href":"https:\/\/nextsnkr.com\/no\/wp-json\/wp\/v2\/product_tag?post=706667"}],"curies":[{"name":"wp","href":"https:\/\/api.w.org\/{rel}","templated":true}]}}