{"id":703628,"date":"2025-06-14T17:40:13","date_gmt":"2025-06-14T14:40:13","guid":{"rendered":"https:\/\/nextsnkr.com\/product\/marc-jacobs-snapshot-pink-yellow-logo\/"},"modified":"2026-02-01T13:58:04","modified_gmt":"2026-02-01T10:58:04","slug":"marc-jacobs-snapshot-pink-yellow-logo","status":"publish","type":"product","link":"https:\/\/nextsnkr.com\/no\/produkt\/marc-jacobs-snapshot-pink-yellow-logo\/","title":{"rendered":"Marc Jacobs Snapshot Rosa \/ Gul logo veske-stilig \u00f8ko-l\u00e6r"},"content":{"rendered":"<h2>Marc Jacobs Snapshot Rosa \/ Gul logo veske-stilig \u00f8ko-l\u00e6r<\/h2>\n<p>&nbsp;<\/p>\n<p>Marc Jacobs Snapshot Pink \/ Yellow Logo bag er laget av \u00f8ko-l\u00e6r av h\u00f8y kvalitet, som sikrer holdbarhet og en behagelig tekstur. Den lyse kombinasjonen av rosa og gule farger med merkets logo gir en fasjonabel aksent til ethvert utseende. Den kompakte st\u00f8rrelsen og det praktiske crossbody-formatet lar deg b\u00e6re vesken daglig og plassere de n\u00f8dvendige tingene. Velg Et \u00d8yeblikksbilde Fra Marc Jacobs for et stilig, praktisk og levende tillegg til garderoben din.<\/p>\n","protected":false},"excerpt":{"rendered":"<p>Marc Jacobs Snapshot Pink \/ Yellow Logo bag er laget av \u00f8ko-l\u00e6r av h\u00f8y kvalitet, som sikrer holdbarhet og en behagelig tekstur. Den lyse kombinasjonen av rosa og gule farger med merkets logo gir en fasjonabel aksent til ethvert utseende. Den kompakte st\u00f8rrelsen og det praktiske crossbody-formatet lar deg b\u00e6re vesken daglig og plassere de n\u00f8dvendige tingene. Velg Et \u00d8yeblikksbilde Fra Marc Jacobs for et stilig, praktisk og levende tillegg til garderoben din.<\/p>\n","protected":false},"featured_media":703629,"comment_status":"open","ping_status":"open","template":"","meta":[],"product_brand":[],"product_cat":[3277,3488],"product_tag":[],"class_list":{"0":"post-703628","1":"product","2":"type-product","3":"status-publish","4":"has-post-thumbnail","6":"product_cat-all-product","7":"product_cat-sumky","8":"pa_rozmir-20kh12kh7","10":"first","11":"instock","12":"purchasable","13":"product-type-simple"},"_links":{"self":[{"href":"https:\/\/nextsnkr.com\/no\/wp-json\/wp\/v2\/product\/703628","targetHints":{"allow":["GET"]}}],"collection":[{"href":"https:\/\/nextsnkr.com\/no\/wp-json\/wp\/v2\/product"}],"about":[{"href":"https:\/\/nextsnkr.com\/no\/wp-json\/wp\/v2\/types\/product"}],"replies":[{"embeddable":true,"href":"https:\/\/nextsnkr.com\/no\/wp-json\/wp\/v2\/comments?post=703628"}],"version-history":[{"count":0,"href":"https:\/\/nextsnkr.com\/no\/wp-json\/wp\/v2\/product\/703628\/revisions"}],"wp:featuredmedia":[{"embeddable":true,"href":"https:\/\/nextsnkr.com\/no\/wp-json\/wp\/v2\/media\/703629"}],"wp:attachment":[{"href":"https:\/\/nextsnkr.com\/no\/wp-json\/wp\/v2\/media?parent=703628"}],"wp:term":[{"taxonomy":"product_brand","embeddable":true,"href":"https:\/\/nextsnkr.com\/no\/wp-json\/wp\/v2\/product_brand?post=703628"},{"taxonomy":"product_cat","embeddable":true,"href":"https:\/\/nextsnkr.com\/no\/wp-json\/wp\/v2\/product_cat?post=703628"},{"taxonomy":"product_tag","embeddable":true,"href":"https:\/\/nextsnkr.com\/no\/wp-json\/wp\/v2\/product_tag?post=703628"}],"curies":[{"name":"wp","href":"https:\/\/api.w.org\/{rel}","templated":true}]}}