{"id":701834,"date":"2025-06-14T17:46:14","date_gmt":"2025-06-14T14:46:14","guid":{"rendered":"https:\/\/nextsnkr.com\/product\/nike-air-jordan-1-mid-se-black-dark-beetroot\/"},"modified":"2026-02-01T13:57:14","modified_gmt":"2026-02-01T10:57:14","slug":"nike-air-jordan-1-mid-se-black-dark-beetroot","status":"publish","type":"product","link":"https:\/\/nextsnkr.com\/no\/produkt\/nike-air-jordan-1-mid-se-black-dark-beetroot\/","title":{"rendered":"Nike Air Jordan 1 Mid SE Svart M\u00f8rk R\u00f8dbet Joggesko-L\u00e6r Joggesko"},"content":{"rendered":"<h2>Nike Air Jordan 1 Mid SE Svart M\u00f8rk R\u00f8dbet Joggesko-L\u00e6r Joggesko<\/h2>\n<p>&nbsp;<\/p>\n<p>Nike Air Jordan 1 Mid SE Black Dark Beetroot sneakers er stilige skinnsko for daglig bruk og sporty stil. Modellen er laget av ekte l\u00e6r av h\u00f8y kvalitet, som gir holdbarhet, komfort og p\u00e5litelig fotst\u00f8tte. Den svarte fargen med M\u00f8rke R\u00f8dbeter aksenter gir modernitet og unikhet til utseendet, mens den klassiske Mid SE silhuetten gj\u00f8r joggeskoene allsidige for enhver uformell stil. Laget I Vietnam, kombinerer disse joggeskoene det legendariske Nike-merket, kvalitet og stil i alle detaljer.<\/p>\n","protected":false},"excerpt":{"rendered":"<p>Nike Air Jordan 1 Mid SE Black Dark Beetroot sneakers er stilige skinnsko for daglig bruk og sporty stil. Modellen er laget av ekte l\u00e6r av h\u00f8y kvalitet, som gir holdbarhet, komfort og p\u00e5litelig fotst\u00f8tte. Den svarte fargen med M\u00f8rke R\u00f8dbeter aksenter gir modernitet og unikhet til utseendet, mens den klassiske Mid SE silhuetten gj\u00f8r joggeskoene allsidige for enhver uformell stil. Laget I Vietnam, kombinerer disse joggeskoene det legendariske Nike-merket, kvalitet og stil i alle detaljer.<\/p>\n","protected":false},"featured_media":701835,"comment_status":"open","ping_status":"open","template":"","meta":[],"product_brand":[],"product_cat":[3389,3277,3324],"product_tag":[],"class_list":{"0":"post-701834","1":"product","2":"type-product","3":"status-publish","4":"has-post-thumbnail","6":"product_cat-nike-jordan","7":"product_cat-all-product","8":"product_cat-kedy","9":"pa_rozmir-910","10":"pa_rozmir-912","11":"pa_rozmir-914","12":"pa_rozmir-915","13":"pa_rozmir-916","14":"pa_rozmir-917","15":"pa_rozmir-918","16":"pa_rozmir-919","17":"pa_rozmir-920","18":"pa_rozmir-921","19":"pa_rozmir-922","21":"first","22":"instock","23":"purchasable","24":"product-type-variable"},"_links":{"self":[{"href":"https:\/\/nextsnkr.com\/no\/wp-json\/wp\/v2\/product\/701834","targetHints":{"allow":["GET"]}}],"collection":[{"href":"https:\/\/nextsnkr.com\/no\/wp-json\/wp\/v2\/product"}],"about":[{"href":"https:\/\/nextsnkr.com\/no\/wp-json\/wp\/v2\/types\/product"}],"replies":[{"embeddable":true,"href":"https:\/\/nextsnkr.com\/no\/wp-json\/wp\/v2\/comments?post=701834"}],"version-history":[{"count":0,"href":"https:\/\/nextsnkr.com\/no\/wp-json\/wp\/v2\/product\/701834\/revisions"}],"wp:featuredmedia":[{"embeddable":true,"href":"https:\/\/nextsnkr.com\/no\/wp-json\/wp\/v2\/media\/701835"}],"wp:attachment":[{"href":"https:\/\/nextsnkr.com\/no\/wp-json\/wp\/v2\/media?parent=701834"}],"wp:term":[{"taxonomy":"product_brand","embeddable":true,"href":"https:\/\/nextsnkr.com\/no\/wp-json\/wp\/v2\/product_brand?post=701834"},{"taxonomy":"product_cat","embeddable":true,"href":"https:\/\/nextsnkr.com\/no\/wp-json\/wp\/v2\/product_cat?post=701834"},{"taxonomy":"product_tag","embeddable":true,"href":"https:\/\/nextsnkr.com\/no\/wp-json\/wp\/v2\/product_tag?post=701834"}],"curies":[{"name":"wp","href":"https:\/\/api.w.org\/{rel}","templated":true}]}}