{"id":701157,"date":"2025-06-14T17:48:37","date_gmt":"2025-06-14T14:48:37","guid":{"rendered":"https:\/\/nextsnkr.com\/product\/air-jordan-1-low-black\/"},"modified":"2026-02-01T13:56:57","modified_gmt":"2026-02-01T10:56:57","slug":"air-jordan-1-low-black","status":"publish","type":"product","link":"https:\/\/nextsnkr.com\/no\/produkt\/air-jordan-1-low-black\/","title":{"rendered":"Air Jordan 1 Lav Svart Sneakers-klassisk svart skinn sneakers"},"content":{"rendered":"<h2>Air Jordan 1 Lav Svart Sneakers-klassisk svart skinn sneakers<\/h2>\n<p>&nbsp;<\/p>\n<p>Air Jordan 1 Low Black sneakers er en stilig ekte skinnmodell for hverdagsbruk. Den svarte fargen gj\u00f8r dem allsidige og enkle \u00e5 kombinere med ethvert utseende. Det slitesterke materialet sikrer holdbarhet, og den komfortable s\u00e5len sikrer komfort hele dagen. Air Jordan 1 Low Black Er det perfekte valget for de som setter pris p\u00e5 stil, kvalitet og praktisk i hvert trinn.<\/p>\n","protected":false},"excerpt":{"rendered":"<p>Air Jordan 1 Low Black sneakers er en stilig ekte skinnmodell for hverdagsbruk. Den svarte fargen gj\u00f8r dem allsidige og enkle \u00e5 kombinere med ethvert utseende. Det slitesterke materialet sikrer holdbarhet, og den komfortable s\u00e5len sikrer komfort hele dagen. Air Jordan 1 Low Black Er det perfekte valget for de som setter pris p\u00e5 stil, kvalitet og praktisk i hvert trinn.<\/p>\n","protected":false},"featured_media":701158,"comment_status":"open","ping_status":"open","template":"","meta":[],"product_brand":[],"product_cat":[3389,3277,3324],"product_tag":[],"class_list":{"0":"post-701157","1":"product","2":"type-product","3":"status-publish","4":"has-post-thumbnail","6":"product_cat-nike-jordan","7":"product_cat-all-product","8":"product_cat-kedy","9":"pa_rozmir-910","10":"pa_rozmir-912","11":"pa_rozmir-914","12":"pa_rozmir-915","13":"pa_rozmir-916","14":"pa_rozmir-917","15":"pa_rozmir-918","16":"pa_rozmir-919","17":"pa_rozmir-920","18":"pa_rozmir-921","19":"pa_rozmir-922","21":"first","22":"onbackorder","23":"purchasable","24":"product-type-variable"},"_links":{"self":[{"href":"https:\/\/nextsnkr.com\/no\/wp-json\/wp\/v2\/product\/701157","targetHints":{"allow":["GET"]}}],"collection":[{"href":"https:\/\/nextsnkr.com\/no\/wp-json\/wp\/v2\/product"}],"about":[{"href":"https:\/\/nextsnkr.com\/no\/wp-json\/wp\/v2\/types\/product"}],"replies":[{"embeddable":true,"href":"https:\/\/nextsnkr.com\/no\/wp-json\/wp\/v2\/comments?post=701157"}],"version-history":[{"count":0,"href":"https:\/\/nextsnkr.com\/no\/wp-json\/wp\/v2\/product\/701157\/revisions"}],"wp:featuredmedia":[{"embeddable":true,"href":"https:\/\/nextsnkr.com\/no\/wp-json\/wp\/v2\/media\/701158"}],"wp:attachment":[{"href":"https:\/\/nextsnkr.com\/no\/wp-json\/wp\/v2\/media?parent=701157"}],"wp:term":[{"taxonomy":"product_brand","embeddable":true,"href":"https:\/\/nextsnkr.com\/no\/wp-json\/wp\/v2\/product_brand?post=701157"},{"taxonomy":"product_cat","embeddable":true,"href":"https:\/\/nextsnkr.com\/no\/wp-json\/wp\/v2\/product_cat?post=701157"},{"taxonomy":"product_tag","embeddable":true,"href":"https:\/\/nextsnkr.com\/no\/wp-json\/wp\/v2\/product_tag?post=701157"}],"curies":[{"name":"wp","href":"https:\/\/api.w.org\/{rel}","templated":true}]}}