{"id":699108,"date":"2025-06-14T19:43:27","date_gmt":"2025-06-14T16:43:27","guid":{"rendered":"https:\/\/nextsnkr.com\/product\/air-jordan-luka-2\/"},"modified":"2026-02-01T13:55:50","modified_gmt":"2026-02-01T10:55:50","slug":"air-jordan-luka-2","status":"publish","type":"product","link":"https:\/\/nextsnkr.com\/no\/produkt\/air-jordan-luka-2\/","title":{"rendered":"Kj\u00f8p billige menn nike Air Jordan Luka 2 Retro basketball Sko svart norge salg p\u00e5 Nett"},"content":{"rendered":"<h2>Kj\u00f8p billige menn nike Air Jordan Luka 2 Retro basketball Sko svart norge salg p\u00e5 Nett<\/h2>\n<p>&nbsp;<\/p>\n<p>Air Jordan Luka 2 joggesko er sportssko av h\u00f8y kvalitet laget av ekte skinn, designet for komfort og st\u00f8tte av foten under aktiv bevegelse. Den slitesterke ytters\u00e5len gir demping og stabilitet p\u00e5 forskjellige overflater, og den stilige designen understreker et moderne sporty utseende. Disse Air Jordan-joggeskoene er ideelle for daglig bruk, trening eller basketballspill, og kombinerer merkevare, kvalitet og komfort, noe som gir p\u00e5litelighet og selvtillit i hvert trinn.<\/p>\n","protected":false},"excerpt":{"rendered":"<p>Air Jordan Luka 2 joggesko er sportssko av h\u00f8y kvalitet laget av ekte skinn, designet for komfort og st\u00f8tte av foten under aktiv bevegelse. Den slitesterke ytters\u00e5len gir demping og stabilitet p\u00e5 forskjellige overflater, og den stilige designen understreker et moderne sporty utseende. Disse Air Jordan-joggeskoene er ideelle for daglig bruk, trening eller basketballspill, og kombinerer merkevare, kvalitet og komfort, noe som gir p\u00e5litelighet og selvtillit i hvert trinn.<\/p>\n","protected":false},"featured_media":699109,"comment_status":"open","ping_status":"open","template":"","meta":[],"product_brand":[],"product_cat":[3389,3277,3278],"product_tag":[],"class_list":{"0":"post-699108","1":"product","2":"type-product","3":"status-publish","4":"has-post-thumbnail","6":"product_cat-nike-jordan","7":"product_cat-all-product","8":"product_cat-krosivky","9":"pa_rozmir-910","10":"pa_rozmir-912","11":"pa_rozmir-914","12":"pa_rozmir-915","13":"pa_rozmir-916","14":"pa_rozmir-917","15":"pa_rozmir-918","16":"pa_rozmir-919","17":"pa_rozmir-920","18":"pa_rozmir-921","19":"pa_rozmir-922","21":"first","22":"instock","23":"purchasable","24":"product-type-variable"},"_links":{"self":[{"href":"https:\/\/nextsnkr.com\/no\/wp-json\/wp\/v2\/product\/699108","targetHints":{"allow":["GET"]}}],"collection":[{"href":"https:\/\/nextsnkr.com\/no\/wp-json\/wp\/v2\/product"}],"about":[{"href":"https:\/\/nextsnkr.com\/no\/wp-json\/wp\/v2\/types\/product"}],"replies":[{"embeddable":true,"href":"https:\/\/nextsnkr.com\/no\/wp-json\/wp\/v2\/comments?post=699108"}],"version-history":[{"count":0,"href":"https:\/\/nextsnkr.com\/no\/wp-json\/wp\/v2\/product\/699108\/revisions"}],"wp:featuredmedia":[{"embeddable":true,"href":"https:\/\/nextsnkr.com\/no\/wp-json\/wp\/v2\/media\/699109"}],"wp:attachment":[{"href":"https:\/\/nextsnkr.com\/no\/wp-json\/wp\/v2\/media?parent=699108"}],"wp:term":[{"taxonomy":"product_brand","embeddable":true,"href":"https:\/\/nextsnkr.com\/no\/wp-json\/wp\/v2\/product_brand?post=699108"},{"taxonomy":"product_cat","embeddable":true,"href":"https:\/\/nextsnkr.com\/no\/wp-json\/wp\/v2\/product_cat?post=699108"},{"taxonomy":"product_tag","embeddable":true,"href":"https:\/\/nextsnkr.com\/no\/wp-json\/wp\/v2\/product_tag?post=699108"}],"curies":[{"name":"wp","href":"https:\/\/api.w.org\/{rel}","templated":true}]}}