{"id":698938,"date":"2025-06-14T19:44:14","date_gmt":"2025-06-14T16:44:14","guid":{"rendered":"https:\/\/nextsnkr.com\/product\/air-jordan-1-black-grey\/"},"modified":"2026-02-01T13:55:45","modified_gmt":"2026-02-01T10:55:45","slug":"air-jordan-1-black-grey","status":"publish","type":"product","link":"https:\/\/nextsnkr.com\/no\/produkt\/air-jordan-1-black-grey\/","title":{"rendered":"Air Jordan 1 Svart-Gr\u00e5 joggesko-stilige h\u00f8ye joggesko"},"content":{"rendered":"<h2>Air Jordan 1 Svart-Gr\u00e5 joggesko-stilige h\u00f8ye joggesko<\/h2>\n<p>&nbsp;<\/p>\n<p>Air Jordan 1&#8243; black\/grey &raquo; sneakers kombinerer legendarisk design og moderne komfort. Den h\u00f8ye silhuetten gir p\u00e5litelig fotst\u00f8tte, og den klassiske kombinasjonen av svarte og gr\u00e5 farger gj\u00f8r modellen allsidig og stilig. Disse joggeskoene, laget I Vietnam, passer for hverdagsbruk, urban stil og aktiv livsstil. Air Jordan 1 Svart \/ Gr\u00e5 er det perfekte valget for de som verdsetter merkevare, kvalitet og fasjonabelt utseende i ethvert milj\u00f8.<\/p>\n","protected":false},"excerpt":{"rendered":"<p>Air Jordan 1&#8243; black\/grey &raquo; sneakers kombinerer legendarisk design og moderne komfort. Den h\u00f8ye silhuetten gir p\u00e5litelig fotst\u00f8tte, og den klassiske kombinasjonen av svarte og gr\u00e5 farger gj\u00f8r modellen allsidig og stilig. Disse joggeskoene, laget I Vietnam, passer for hverdagsbruk, urban stil og aktiv livsstil. Air Jordan 1 Svart \/ Gr\u00e5 er det perfekte valget for de som verdsetter merkevare, kvalitet og fasjonabelt utseende i ethvert milj\u00f8.<\/p>\n","protected":false},"featured_media":698939,"comment_status":"open","ping_status":"open","template":"","meta":[],"product_brand":[],"product_cat":[3389,3277,3324],"product_tag":[],"class_list":{"0":"post-698938","1":"product","2":"type-product","3":"status-publish","4":"has-post-thumbnail","6":"product_cat-nike-jordan","7":"product_cat-all-product","8":"product_cat-kedy","9":"pa_rozmir-910","10":"pa_rozmir-912","11":"pa_rozmir-914","12":"pa_rozmir-915","13":"pa_rozmir-916","14":"pa_rozmir-917","15":"pa_rozmir-918","16":"pa_rozmir-919","17":"pa_rozmir-920","18":"pa_rozmir-921","19":"pa_rozmir-922","21":"first","22":"instock","23":"purchasable","24":"product-type-variable"},"_links":{"self":[{"href":"https:\/\/nextsnkr.com\/no\/wp-json\/wp\/v2\/product\/698938","targetHints":{"allow":["GET"]}}],"collection":[{"href":"https:\/\/nextsnkr.com\/no\/wp-json\/wp\/v2\/product"}],"about":[{"href":"https:\/\/nextsnkr.com\/no\/wp-json\/wp\/v2\/types\/product"}],"replies":[{"embeddable":true,"href":"https:\/\/nextsnkr.com\/no\/wp-json\/wp\/v2\/comments?post=698938"}],"version-history":[{"count":0,"href":"https:\/\/nextsnkr.com\/no\/wp-json\/wp\/v2\/product\/698938\/revisions"}],"wp:featuredmedia":[{"embeddable":true,"href":"https:\/\/nextsnkr.com\/no\/wp-json\/wp\/v2\/media\/698939"}],"wp:attachment":[{"href":"https:\/\/nextsnkr.com\/no\/wp-json\/wp\/v2\/media?parent=698938"}],"wp:term":[{"taxonomy":"product_brand","embeddable":true,"href":"https:\/\/nextsnkr.com\/no\/wp-json\/wp\/v2\/product_brand?post=698938"},{"taxonomy":"product_cat","embeddable":true,"href":"https:\/\/nextsnkr.com\/no\/wp-json\/wp\/v2\/product_cat?post=698938"},{"taxonomy":"product_tag","embeddable":true,"href":"https:\/\/nextsnkr.com\/no\/wp-json\/wp\/v2\/product_tag?post=698938"}],"curies":[{"name":"wp","href":"https:\/\/api.w.org\/{rel}","templated":true}]}}