{"id":698197,"date":"2025-06-14T19:47:23","date_gmt":"2025-06-14T16:47:23","guid":{"rendered":"https:\/\/nextsnkr.com\/product\/air-jordan-4-retro-white-red\/"},"modified":"2026-02-01T13:55:23","modified_gmt":"2026-02-01T10:55:23","slug":"air-jordan-4-retro-white-red","status":"publish","type":"product","link":"https:\/\/nextsnkr.com\/no\/produkt\/air-jordan-4-retro-white-red\/","title":{"rendered":"Air Jordan 4 Retro hvit \/ R\u00f8d sneakers-stilfull l\u00e6r herre \/ dame"},"content":{"rendered":"<h2>Air Jordan 4 Retro hvit \/ R\u00f8d sneakers-stilfull l\u00e6r herre \/ dame<\/h2>\n<p>&nbsp;<\/p>\n<p>Air Jordan 4 Retro Hvit \/ R\u00f8d joggesko er klassiske skinnsko for daglig bruk og aktiv stil. Modellen er laget av ekte l\u00e6r av h\u00f8y kvalitet, som gir holdbarhet, komfort og p\u00e5litelig fotst\u00f8tte. Den hvite fargen med r\u00f8de aksenter gir utseendet lysstyrke og modernitet, og Den legendariske silhuetten Av Retro 4 gj\u00f8r joggeskoene allsidige for enhver uformell stil. Det perfekte valget for de som setter pris p\u00e5 stil, kvalitet og komfort Fra Merkevaren Air Jordan.<\/p>\n","protected":false},"excerpt":{"rendered":"<p>Air Jordan 4 Retro Hvit \/ R\u00f8d joggesko er klassiske skinnsko for daglig bruk og aktiv stil. Modellen er laget av ekte l\u00e6r av h\u00f8y kvalitet, som gir holdbarhet, komfort og p\u00e5litelig fotst\u00f8tte. Den hvite fargen med r\u00f8de aksenter gir utseendet lysstyrke og modernitet, og Den legendariske silhuetten Av Retro 4 gj\u00f8r joggeskoene allsidige for enhver uformell stil. Det perfekte valget for de som setter pris p\u00e5 stil, kvalitet og komfort Fra Merkevaren Air Jordan.<\/p>\n","protected":false},"featured_media":698201,"comment_status":"open","ping_status":"open","template":"","meta":[],"product_brand":[],"product_cat":[3389,3277,3278],"product_tag":[],"class_list":{"0":"post-698197","1":"product","2":"type-product","3":"status-publish","4":"has-post-thumbnail","6":"product_cat-nike-jordan","7":"product_cat-all-product","8":"product_cat-krosivky","9":"pa_rozmir-910","10":"pa_rozmir-912","11":"pa_rozmir-914","12":"pa_rozmir-915","13":"pa_rozmir-916","14":"pa_rozmir-917","15":"pa_rozmir-918","16":"pa_rozmir-919","17":"pa_rozmir-920","18":"pa_rozmir-921","19":"pa_rozmir-922","21":"first","22":"instock","23":"purchasable","24":"product-type-variable"},"_links":{"self":[{"href":"https:\/\/nextsnkr.com\/no\/wp-json\/wp\/v2\/product\/698197","targetHints":{"allow":["GET"]}}],"collection":[{"href":"https:\/\/nextsnkr.com\/no\/wp-json\/wp\/v2\/product"}],"about":[{"href":"https:\/\/nextsnkr.com\/no\/wp-json\/wp\/v2\/types\/product"}],"replies":[{"embeddable":true,"href":"https:\/\/nextsnkr.com\/no\/wp-json\/wp\/v2\/comments?post=698197"}],"version-history":[{"count":0,"href":"https:\/\/nextsnkr.com\/no\/wp-json\/wp\/v2\/product\/698197\/revisions"}],"wp:featuredmedia":[{"embeddable":true,"href":"https:\/\/nextsnkr.com\/no\/wp-json\/wp\/v2\/media\/698201"}],"wp:attachment":[{"href":"https:\/\/nextsnkr.com\/no\/wp-json\/wp\/v2\/media?parent=698197"}],"wp:term":[{"taxonomy":"product_brand","embeddable":true,"href":"https:\/\/nextsnkr.com\/no\/wp-json\/wp\/v2\/product_brand?post=698197"},{"taxonomy":"product_cat","embeddable":true,"href":"https:\/\/nextsnkr.com\/no\/wp-json\/wp\/v2\/product_cat?post=698197"},{"taxonomy":"product_tag","embeddable":true,"href":"https:\/\/nextsnkr.com\/no\/wp-json\/wp\/v2\/product_tag?post=698197"}],"curies":[{"name":"wp","href":"https:\/\/api.w.org\/{rel}","templated":true}]}}