{"id":697867,"date":"2025-06-14T19:48:10","date_gmt":"2025-06-14T16:48:10","guid":{"rendered":"https:\/\/nextsnkr.com\/product\/jordan-1-low-beige\/"},"modified":"2026-02-01T13:55:14","modified_gmt":"2026-02-01T10:55:14","slug":"jordan-1-low-beige","status":"publish","type":"product","link":"https:\/\/nextsnkr.com\/no\/produkt\/jordan-1-low-beige\/","title":{"rendered":"Jordan 1 Low Beige sneakers laget av ekte skinn"},"content":{"rendered":"<h2>Jordan 1 Low Beige sneakers laget av ekte skinn<\/h2>\n<p>&nbsp;<\/p>\n<p>De elegante jordan 1 Low Beige joggeskoene er laget av ekte skinn av h\u00f8y kvalitet, som gir komfort, styrke og holdbarhet. Den klassiske beige designen legger vekt p\u00e5 stil og er lett kombinert med et hvilket som helst bilde, egnet for b\u00e5de daglig bruk og aktivt byliv. Disse joggeskoene er laget i Vietnam og kombinerer Jordan-merkets f\u00f8rsteklasses stil og moderne estetikk, noe som gj\u00f8r dem til det perfekte valget for kjennere av sportssko av h\u00f8y kvalitet.<\/p>\n","protected":false},"excerpt":{"rendered":"<p>De elegante jordan 1 Low Beige joggeskoene er laget av ekte skinn av h\u00f8y kvalitet, som gir komfort, styrke og holdbarhet. Den klassiske beige designen legger vekt p\u00e5 stil og er lett kombinert med et hvilket som helst bilde, egnet for b\u00e5de daglig bruk og aktivt byliv. Disse joggeskoene er laget i Vietnam og kombinerer Jordan-merkets f\u00f8rsteklasses stil og moderne estetikk, noe som gj\u00f8r dem til det perfekte valget for kjennere av sportssko av h\u00f8y kvalitet.<\/p>\n","protected":false},"featured_media":697869,"comment_status":"open","ping_status":"open","template":"","meta":[],"product_brand":[],"product_cat":[3389,3277,3324],"product_tag":[],"class_list":{"0":"post-697867","1":"product","2":"type-product","3":"status-publish","4":"has-post-thumbnail","6":"product_cat-nike-jordan","7":"product_cat-all-product","8":"product_cat-kedy","9":"pa_rozmir-910","10":"pa_rozmir-912","11":"pa_rozmir-914","12":"pa_rozmir-915","13":"pa_rozmir-916","14":"pa_rozmir-917","15":"pa_rozmir-918","16":"pa_rozmir-919","17":"pa_rozmir-920","18":"pa_rozmir-921","19":"pa_rozmir-922","21":"first","22":"instock","23":"purchasable","24":"product-type-variable"},"_links":{"self":[{"href":"https:\/\/nextsnkr.com\/no\/wp-json\/wp\/v2\/product\/697867","targetHints":{"allow":["GET"]}}],"collection":[{"href":"https:\/\/nextsnkr.com\/no\/wp-json\/wp\/v2\/product"}],"about":[{"href":"https:\/\/nextsnkr.com\/no\/wp-json\/wp\/v2\/types\/product"}],"replies":[{"embeddable":true,"href":"https:\/\/nextsnkr.com\/no\/wp-json\/wp\/v2\/comments?post=697867"}],"version-history":[{"count":0,"href":"https:\/\/nextsnkr.com\/no\/wp-json\/wp\/v2\/product\/697867\/revisions"}],"wp:featuredmedia":[{"embeddable":true,"href":"https:\/\/nextsnkr.com\/no\/wp-json\/wp\/v2\/media\/697869"}],"wp:attachment":[{"href":"https:\/\/nextsnkr.com\/no\/wp-json\/wp\/v2\/media?parent=697867"}],"wp:term":[{"taxonomy":"product_brand","embeddable":true,"href":"https:\/\/nextsnkr.com\/no\/wp-json\/wp\/v2\/product_brand?post=697867"},{"taxonomy":"product_cat","embeddable":true,"href":"https:\/\/nextsnkr.com\/no\/wp-json\/wp\/v2\/product_cat?post=697867"},{"taxonomy":"product_tag","embeddable":true,"href":"https:\/\/nextsnkr.com\/no\/wp-json\/wp\/v2\/product_tag?post=697867"}],"curies":[{"name":"wp","href":"https:\/\/api.w.org\/{rel}","templated":true}]}}