{"id":695111,"date":"2025-06-18T19:23:32","date_gmt":"2025-06-18T16:23:32","guid":{"rendered":"https:\/\/nextsnkr.com\/product\/trainer-sneaker\/"},"modified":"2026-02-01T13:53:46","modified_gmt":"2026-02-01T10:53:46","slug":"trainer-sneaker","status":"publish","type":"product","link":"https:\/\/nextsnkr.com\/no\/produkt\/trainer-sneaker\/","title":{"rendered":"Trainer Sneaker sneakers-stilige skinnsko til daglig bruk"},"content":{"rendered":"<h2>Trainer Sneaker sneakers-stilige skinnsko til daglig bruk<\/h2>\n<p>&nbsp;<\/p>\n<p>De stilige Trainer Sneaker-joggeskoene er laget av ekte skinn, noe som sikrer holdbarhet, komfort og lang levetid. Den klassiske designen er enkel \u00e5 kombinere med fritidskl\u00e6r, og den gjennomtenkte ytters\u00e5len garanterer demping og komfort under en aktiv dag. Den lette og slitesterke konstruksjonen gj\u00f8r disse joggeskoene til et ideelt valg for byvandringer, arbeid eller sportsstil. Et ideelt alternativ for de som setter pris p\u00e5 kvalitet, komfort og moderne design.<\/p>\n","protected":false},"excerpt":{"rendered":"<p>De stilige Trainer Sneaker-joggeskoene er laget av ekte skinn, noe som sikrer holdbarhet, komfort og lang levetid. Den klassiske designen er enkel \u00e5 kombinere med fritidskl\u00e6r, og den gjennomtenkte ytters\u00e5len garanterer demping og komfort under en aktiv dag. Den lette og slitesterke konstruksjonen gj\u00f8r disse joggeskoene til et ideelt valg for byvandringer, arbeid eller sportsstil. Et ideelt alternativ for de som setter pris p\u00e5 kvalitet, komfort og moderne design.<\/p>\n","protected":false},"featured_media":695115,"comment_status":"open","ping_status":"open","template":"","meta":[],"product_brand":[],"product_cat":[3277,3324],"product_tag":[],"class_list":{"0":"post-695111","1":"product","2":"type-product","3":"status-publish","4":"has-post-thumbnail","6":"product_cat-all-product","7":"product_cat-kedy","8":"pa_rozmir-910","9":"pa_rozmir-912","10":"pa_rozmir-914","11":"pa_rozmir-915","12":"pa_rozmir-916","13":"pa_rozmir-917","14":"pa_rozmir-918","15":"pa_rozmir-919","16":"pa_rozmir-920","17":"pa_rozmir-921","18":"pa_rozmir-922","20":"first","21":"instock","22":"purchasable","23":"product-type-variable"},"_links":{"self":[{"href":"https:\/\/nextsnkr.com\/no\/wp-json\/wp\/v2\/product\/695111","targetHints":{"allow":["GET"]}}],"collection":[{"href":"https:\/\/nextsnkr.com\/no\/wp-json\/wp\/v2\/product"}],"about":[{"href":"https:\/\/nextsnkr.com\/no\/wp-json\/wp\/v2\/types\/product"}],"replies":[{"embeddable":true,"href":"https:\/\/nextsnkr.com\/no\/wp-json\/wp\/v2\/comments?post=695111"}],"version-history":[{"count":0,"href":"https:\/\/nextsnkr.com\/no\/wp-json\/wp\/v2\/product\/695111\/revisions"}],"wp:featuredmedia":[{"embeddable":true,"href":"https:\/\/nextsnkr.com\/no\/wp-json\/wp\/v2\/media\/695115"}],"wp:attachment":[{"href":"https:\/\/nextsnkr.com\/no\/wp-json\/wp\/v2\/media?parent=695111"}],"wp:term":[{"taxonomy":"product_brand","embeddable":true,"href":"https:\/\/nextsnkr.com\/no\/wp-json\/wp\/v2\/product_brand?post=695111"},{"taxonomy":"product_cat","embeddable":true,"href":"https:\/\/nextsnkr.com\/no\/wp-json\/wp\/v2\/product_cat?post=695111"},{"taxonomy":"product_tag","embeddable":true,"href":"https:\/\/nextsnkr.com\/no\/wp-json\/wp\/v2\/product_tag?post=695111"}],"curies":[{"name":"wp","href":"https:\/\/api.w.org\/{rel}","templated":true}]}}