{"id":692904,"date":"2025-06-18T19:29:36","date_gmt":"2025-06-18T16:29:36","guid":{"rendered":"https:\/\/nextsnkr.com\/product\/jacquemus-4\/"},"modified":"2026-02-01T13:52:16","modified_gmt":"2026-02-01T10:52:16","slug":"jacquemus-4","status":"publish","type":"product","link":"https:\/\/nextsnkr.com\/no\/produkt\/jacquemus-4\/","title":{"rendered":"Jacquemus \u00f8ko-l\u00e6rveske-stil og eleganse for daglig bruk"},"content":{"rendered":"<h2>Jacquemus \u00f8ko-l\u00e6rveske-stil og eleganse for daglig bruk<\/h2>\n<p>&nbsp;<\/p>\n<p>Den elegante Jacquemus-vesken er laget av \u00f8ko-l\u00e6r av h\u00f8y kvalitet, som sikrer holdbarhet og slitestyrke. Lett og romslig, den er egnet for daglig bruk, arbeid eller turg\u00e5ing. Den stilige designen Og merkevaren Jacquemus legger vekt p\u00e5 din raffinerte smak og fasjonable bilde. et ideelt valg for de som setter pris p\u00e5 komfort, praktisk og moderne estetikk i tilbeh\u00f8r.<\/p>\n","protected":false},"excerpt":{"rendered":"<p>Den elegante Jacquemus-vesken er laget av \u00f8ko-l\u00e6r av h\u00f8y kvalitet, som sikrer holdbarhet og slitestyrke. Lett og romslig, den er egnet for daglig bruk, arbeid eller turg\u00e5ing. Den stilige designen Og merkevaren Jacquemus legger vekt p\u00e5 din raffinerte smak og fasjonable bilde. et ideelt valg for de som setter pris p\u00e5 komfort, praktisk og moderne estetikk i tilbeh\u00f8r.<\/p>\n","protected":false},"featured_media":692905,"comment_status":"open","ping_status":"open","template":"","meta":[],"product_brand":[],"product_cat":[3277,3488],"product_tag":[],"class_list":{"0":"post-692904","1":"product","2":"type-product","3":"status-publish","4":"has-post-thumbnail","6":"product_cat-all-product","7":"product_cat-sumky","8":"pa_rozmir-sale-23x13","10":"first","11":"instock","12":"purchasable","13":"product-type-simple"},"_links":{"self":[{"href":"https:\/\/nextsnkr.com\/no\/wp-json\/wp\/v2\/product\/692904","targetHints":{"allow":["GET"]}}],"collection":[{"href":"https:\/\/nextsnkr.com\/no\/wp-json\/wp\/v2\/product"}],"about":[{"href":"https:\/\/nextsnkr.com\/no\/wp-json\/wp\/v2\/types\/product"}],"replies":[{"embeddable":true,"href":"https:\/\/nextsnkr.com\/no\/wp-json\/wp\/v2\/comments?post=692904"}],"version-history":[{"count":0,"href":"https:\/\/nextsnkr.com\/no\/wp-json\/wp\/v2\/product\/692904\/revisions"}],"wp:featuredmedia":[{"embeddable":true,"href":"https:\/\/nextsnkr.com\/no\/wp-json\/wp\/v2\/media\/692905"}],"wp:attachment":[{"href":"https:\/\/nextsnkr.com\/no\/wp-json\/wp\/v2\/media?parent=692904"}],"wp:term":[{"taxonomy":"product_brand","embeddable":true,"href":"https:\/\/nextsnkr.com\/no\/wp-json\/wp\/v2\/product_brand?post=692904"},{"taxonomy":"product_cat","embeddable":true,"href":"https:\/\/nextsnkr.com\/no\/wp-json\/wp\/v2\/product_cat?post=692904"},{"taxonomy":"product_tag","embeddable":true,"href":"https:\/\/nextsnkr.com\/no\/wp-json\/wp\/v2\/product_tag?post=692904"}],"curies":[{"name":"wp","href":"https:\/\/api.w.org\/{rel}","templated":true}]}}