{"id":692483,"date":"2025-06-18T19:30:56","date_gmt":"2025-06-18T16:30:56","guid":{"rendered":"https:\/\/nextsnkr.com\/product\/nike-slides-black\/"},"modified":"2026-02-01T13:52:07","modified_gmt":"2026-02-01T10:52:07","slug":"nike-slides-black","status":"publish","type":"product","link":"https:\/\/nextsnkr.com\/no\/produkt\/nike-slides-black\/","title":{"rendered":"Nike Slides Svarte Skumt\u00f8fler for komfort og stil"},"content":{"rendered":"<h2>Nike Slides Svarte Skumt\u00f8fler for komfort og stil<\/h2>\n<p>&nbsp;<\/p>\n<p>De svarte Nike Slides er laget av skum av h\u00f8y kvalitet, og gir letthet, komfort og demping for hvert trinn. Den ergonomiske designen er egnet for daglig bruk, avslapning eller turg\u00e5ing. Modellen er allsidig og praktisk, lett kombinert med ulike sports-og uformelle kl\u00e6r. Kj\u00f8p Nike Slides Black Og nyt kombinasjonen av stil, bekvemmelighet og merkevarekvalitet.<\/p>\n","protected":false},"excerpt":{"rendered":"<p>De svarte Nike Slides er laget av skum av h\u00f8y kvalitet, og gir letthet, komfort og demping for hvert trinn. Den ergonomiske designen er egnet for daglig bruk, avslapning eller turg\u00e5ing. Modellen er allsidig og praktisk, lett kombinert med ulike sports-og uformelle kl\u00e6r. Kj\u00f8p Nike Slides Black Og nyt kombinasjonen av stil, bekvemmelighet og merkevarekvalitet.<\/p>\n","protected":false},"featured_media":692484,"comment_status":"open","ping_status":"open","template":"","meta":[],"product_brand":[],"product_cat":[3277,3426],"product_tag":[],"class_list":{"0":"post-692483","1":"product","2":"type-product","3":"status-publish","4":"has-post-thumbnail","6":"product_cat-all-product","7":"product_cat-shlopantsi","8":"pa_rozmir-910","9":"pa_rozmir-912","10":"pa_rozmir-914","11":"pa_rozmir-915","12":"pa_rozmir-916","13":"pa_rozmir-917","14":"pa_rozmir-918","15":"pa_rozmir-919","16":"pa_rozmir-920","17":"pa_rozmir-921","18":"pa_rozmir-922","20":"first","21":"onbackorder","22":"purchasable","23":"product-type-variable"},"_links":{"self":[{"href":"https:\/\/nextsnkr.com\/no\/wp-json\/wp\/v2\/product\/692483","targetHints":{"allow":["GET"]}}],"collection":[{"href":"https:\/\/nextsnkr.com\/no\/wp-json\/wp\/v2\/product"}],"about":[{"href":"https:\/\/nextsnkr.com\/no\/wp-json\/wp\/v2\/types\/product"}],"replies":[{"embeddable":true,"href":"https:\/\/nextsnkr.com\/no\/wp-json\/wp\/v2\/comments?post=692483"}],"version-history":[{"count":0,"href":"https:\/\/nextsnkr.com\/no\/wp-json\/wp\/v2\/product\/692483\/revisions"}],"wp:featuredmedia":[{"embeddable":true,"href":"https:\/\/nextsnkr.com\/no\/wp-json\/wp\/v2\/media\/692484"}],"wp:attachment":[{"href":"https:\/\/nextsnkr.com\/no\/wp-json\/wp\/v2\/media?parent=692483"}],"wp:term":[{"taxonomy":"product_brand","embeddable":true,"href":"https:\/\/nextsnkr.com\/no\/wp-json\/wp\/v2\/product_brand?post=692483"},{"taxonomy":"product_cat","embeddable":true,"href":"https:\/\/nextsnkr.com\/no\/wp-json\/wp\/v2\/product_cat?post=692483"},{"taxonomy":"product_tag","embeddable":true,"href":"https:\/\/nextsnkr.com\/no\/wp-json\/wp\/v2\/product_tag?post=692483"}],"curies":[{"name":"wp","href":"https:\/\/api.w.org\/{rel}","templated":true}]}}