{"id":692334,"date":"2025-06-17T21:08:42","date_gmt":"2025-06-17T18:08:42","guid":{"rendered":"https:\/\/nextsnkr.com\/product\/adidas-yeezy-foam-runner-mineral-white-rozprodazh\/"},"modified":"2026-02-01T13:52:03","modified_gmt":"2026-02-01T10:52:03","slug":"adidas-yeezy-foam-runner-mineral-white-rozprodazh","status":"publish","type":"product","link":"https:\/\/nextsnkr.com\/no\/produkt\/adidas-yeezy-foam-runner-mineral-white-rozprodazh\/","title":{"rendered":"Adidas Yeezy Foam Runner Mineral Hvite EVA t\u00f8fler er lette og stilige"},"content":{"rendered":"<h2>Adidas Yeezy Foam Runner Mineral Hvite EVA t\u00f8fler er lette og stilige<\/h2>\n<p>&nbsp;<\/p>\n<p>Adidas Yeezy Foam Runner Mineral Hvite t\u00f8fler er laget av lett OG slitesterkt EVA-materiale, som gir komfort, demping og holdbarhet. Den minimalistiske hvite designen tilf\u00f8rer moderne stil og fremhever Adidas Yeezy-merket, noe som gj\u00f8r modellen allsidig for daglig bruk og hjemmeopphold. Den lette designen gj\u00f8r at f\u00f8ttene kan &laquo;puste&raquo;, og praktisk og praktisk gj\u00f8r t\u00f8fler til et ideelt valg for sommer og midt sesong. Laget I Vietnam, kombinerer de stil, komfort og funksjonalitet.<\/p>\n","protected":false},"excerpt":{"rendered":"<p>Adidas Yeezy Foam Runner Mineral Hvite t\u00f8fler er laget av lett OG slitesterkt EVA-materiale, som gir komfort, demping og holdbarhet. Den minimalistiske hvite designen tilf\u00f8rer moderne stil og fremhever Adidas Yeezy-merket, noe som gj\u00f8r modellen allsidig for daglig bruk og hjemmeopphold. Den lette designen gj\u00f8r at f\u00f8ttene kan &laquo;puste&raquo;, og praktisk og praktisk gj\u00f8r t\u00f8fler til et ideelt valg for sommer og midt sesong. Laget I Vietnam, kombinerer de stil, komfort og funksjonalitet.<\/p>\n","protected":false},"featured_media":692338,"comment_status":"open","ping_status":"open","template":"","meta":[],"product_brand":[],"product_cat":[3402,3277,3426],"product_tag":[],"class_list":{"0":"post-692334","1":"product","2":"type-product","3":"status-publish","4":"has-post-thumbnail","6":"product_cat-adidas-yeezy","7":"product_cat-all-product","8":"product_cat-shlopantsi","9":"pa_rozmir-910","10":"pa_rozmir-912","11":"pa_rozmir-914","12":"pa_rozmir-915","13":"pa_rozmir-916","14":"pa_rozmir-917","15":"pa_rozmir-918","16":"pa_rozmir-919","17":"pa_rozmir-920","18":"pa_rozmir-921","19":"pa_rozmir-922","21":"first","22":"instock","23":"purchasable","24":"product-type-variable"},"_links":{"self":[{"href":"https:\/\/nextsnkr.com\/no\/wp-json\/wp\/v2\/product\/692334","targetHints":{"allow":["GET"]}}],"collection":[{"href":"https:\/\/nextsnkr.com\/no\/wp-json\/wp\/v2\/product"}],"about":[{"href":"https:\/\/nextsnkr.com\/no\/wp-json\/wp\/v2\/types\/product"}],"replies":[{"embeddable":true,"href":"https:\/\/nextsnkr.com\/no\/wp-json\/wp\/v2\/comments?post=692334"}],"version-history":[{"count":0,"href":"https:\/\/nextsnkr.com\/no\/wp-json\/wp\/v2\/product\/692334\/revisions"}],"wp:featuredmedia":[{"embeddable":true,"href":"https:\/\/nextsnkr.com\/no\/wp-json\/wp\/v2\/media\/692338"}],"wp:attachment":[{"href":"https:\/\/nextsnkr.com\/no\/wp-json\/wp\/v2\/media?parent=692334"}],"wp:term":[{"taxonomy":"product_brand","embeddable":true,"href":"https:\/\/nextsnkr.com\/no\/wp-json\/wp\/v2\/product_brand?post=692334"},{"taxonomy":"product_cat","embeddable":true,"href":"https:\/\/nextsnkr.com\/no\/wp-json\/wp\/v2\/product_cat?post=692334"},{"taxonomy":"product_tag","embeddable":true,"href":"https:\/\/nextsnkr.com\/no\/wp-json\/wp\/v2\/product_tag?post=692334"}],"curies":[{"name":"wp","href":"https:\/\/api.w.org\/{rel}","templated":true}]}}