{"id":691098,"date":"2025-06-17T21:12:09","date_gmt":"2025-06-17T18:12:09","guid":{"rendered":"https:\/\/nextsnkr.com\/product\/slide-black-rasprodazha\/"},"modified":"2026-02-01T13:51:20","modified_gmt":"2026-02-01T10:51:20","slug":"slide-black-rasprodazha","status":"publish","type":"product","link":"https:\/\/nextsnkr.com\/no\/produkt\/slide-black-rasprodazha\/","title":{"rendered":"Slide Black Slippers-lette EVA-flip-flops for menn"},"content":{"rendered":"<h2>Slide Black Slippers-lette EVA-flip-flops for menn<\/h2>\n<p>&nbsp;<\/p>\n<p>Slide Black t\u00f8fler er laget av lett OG slitesterkt EVA-materiale, som gir komfort, demping og en behagelig passform p\u00e5 foten. Den svarte fargen gj\u00f8r modellen allsidig og kan enkelt kombineres med hvilken som helst sommergarderobe. Perfekt for hjem, strand, basseng eller fritidskl\u00e6r om sommeren. Slide Black slippers er laget I Vietnam og kombinerer praktisk, holdbarhet og enkel pleie, og blir et p\u00e5litelig valg for utend\u00f8rsaktiviteter og hverdagskomfort.<\/p>\n","protected":false},"excerpt":{"rendered":"<p>Slide Black t\u00f8fler er laget av lett OG slitesterkt EVA-materiale, som gir komfort, demping og en behagelig passform p\u00e5 foten. Den svarte fargen gj\u00f8r modellen allsidig og kan enkelt kombineres med hvilken som helst sommergarderobe. Perfekt for hjem, strand, basseng eller fritidskl\u00e6r om sommeren. Slide Black slippers er laget I Vietnam og kombinerer praktisk, holdbarhet og enkel pleie, og blir et p\u00e5litelig valg for utend\u00f8rsaktiviteter og hverdagskomfort.<\/p>\n","protected":false},"featured_media":691099,"comment_status":"open","ping_status":"open","template":"","meta":[],"product_brand":[],"product_cat":[3277,3426],"product_tag":[],"class_list":{"0":"post-691098","1":"product","2":"type-product","3":"status-publish","4":"has-post-thumbnail","6":"product_cat-all-product","7":"product_cat-shlopantsi","8":"pa_rozmir-910","9":"pa_rozmir-912","10":"pa_rozmir-914","11":"pa_rozmir-915","12":"pa_rozmir-916","13":"pa_rozmir-917","14":"pa_rozmir-918","15":"pa_rozmir-919","16":"pa_rozmir-920","17":"pa_rozmir-921","18":"pa_rozmir-922","20":"first","21":"instock","22":"purchasable","23":"product-type-variable"},"_links":{"self":[{"href":"https:\/\/nextsnkr.com\/no\/wp-json\/wp\/v2\/product\/691098","targetHints":{"allow":["GET"]}}],"collection":[{"href":"https:\/\/nextsnkr.com\/no\/wp-json\/wp\/v2\/product"}],"about":[{"href":"https:\/\/nextsnkr.com\/no\/wp-json\/wp\/v2\/types\/product"}],"replies":[{"embeddable":true,"href":"https:\/\/nextsnkr.com\/no\/wp-json\/wp\/v2\/comments?post=691098"}],"version-history":[{"count":0,"href":"https:\/\/nextsnkr.com\/no\/wp-json\/wp\/v2\/product\/691098\/revisions"}],"wp:featuredmedia":[{"embeddable":true,"href":"https:\/\/nextsnkr.com\/no\/wp-json\/wp\/v2\/media\/691099"}],"wp:attachment":[{"href":"https:\/\/nextsnkr.com\/no\/wp-json\/wp\/v2\/media?parent=691098"}],"wp:term":[{"taxonomy":"product_brand","embeddable":true,"href":"https:\/\/nextsnkr.com\/no\/wp-json\/wp\/v2\/product_brand?post=691098"},{"taxonomy":"product_cat","embeddable":true,"href":"https:\/\/nextsnkr.com\/no\/wp-json\/wp\/v2\/product_cat?post=691098"},{"taxonomy":"product_tag","embeddable":true,"href":"https:\/\/nextsnkr.com\/no\/wp-json\/wp\/v2\/product_tag?post=691098"}],"curies":[{"name":"wp","href":"https:\/\/api.w.org\/{rel}","templated":true}]}}