{"id":690249,"date":"2025-06-18T19:36:42","date_gmt":"2025-06-18T16:36:42","guid":{"rendered":"https:\/\/nextsnkr.com\/product\/vans-old-skool-black-white\/"},"modified":"2026-02-01T13:50:52","modified_gmt":"2026-02-01T10:50:52","slug":"vans-old-skool-black-white","status":"publish","type":"product","link":"https:\/\/nextsnkr.com\/no\/produkt\/vans-old-skool-black-white\/","title":{"rendered":"Vans Old Skool black \/ White sneakers-stilige semsket skinn-tekstilsko til daglig bruk"},"content":{"rendered":"<h2>Vans Old Skool black \/ White sneakers-stilige semsket skinn-tekstilsko til daglig bruk<\/h2>\n<p>&nbsp;<\/p>\n<p>Vans Old Skool Svarte \/ Hvite joggesko er laget av slitesterk semsket skinn og tekstil, noe som garanterer holdbarhet og komfort under daglig bruk. Den klassiske svart-hvite designen understreker stil og allsidighet for ethvert utseende. Lette og komfortable, de er ideelle for fotturer, byliv og utend\u00f8rsaktiviteter. Ved \u00e5 velge Vans Old Skool f\u00e5r du en kombinasjon av legendarisk merkevare, p\u00e5litelighet og fasjonabelt utseende.<\/p>\n","protected":false},"excerpt":{"rendered":"<p>Vans Old Skool Svarte \/ Hvite joggesko er laget av slitesterk semsket skinn og tekstil, noe som garanterer holdbarhet og komfort under daglig bruk. Den klassiske svart-hvite designen understreker stil og allsidighet for ethvert utseende. Lette og komfortable, de er ideelle for fotturer, byliv og utend\u00f8rsaktiviteter. Ved \u00e5 velge Vans Old Skool f\u00e5r du en kombinasjon av legendarisk merkevare, p\u00e5litelighet og fasjonabelt utseende.<\/p>\n","protected":false},"featured_media":690250,"comment_status":"open","ping_status":"open","template":"","meta":[],"product_brand":[],"product_cat":[3277,3324],"product_tag":[],"class_list":{"0":"post-690249","1":"product","2":"type-product","3":"status-publish","4":"has-post-thumbnail","6":"product_cat-all-product","7":"product_cat-kedy","8":"pa_rozmir-910","9":"pa_rozmir-912","10":"pa_rozmir-914","11":"pa_rozmir-915","12":"pa_rozmir-916","13":"pa_rozmir-917","14":"pa_rozmir-918","15":"pa_rozmir-919","16":"pa_rozmir-920","17":"pa_rozmir-921","18":"pa_rozmir-922","20":"first","21":"onbackorder","22":"purchasable","23":"product-type-variable"},"_links":{"self":[{"href":"https:\/\/nextsnkr.com\/no\/wp-json\/wp\/v2\/product\/690249","targetHints":{"allow":["GET"]}}],"collection":[{"href":"https:\/\/nextsnkr.com\/no\/wp-json\/wp\/v2\/product"}],"about":[{"href":"https:\/\/nextsnkr.com\/no\/wp-json\/wp\/v2\/types\/product"}],"replies":[{"embeddable":true,"href":"https:\/\/nextsnkr.com\/no\/wp-json\/wp\/v2\/comments?post=690249"}],"version-history":[{"count":0,"href":"https:\/\/nextsnkr.com\/no\/wp-json\/wp\/v2\/product\/690249\/revisions"}],"wp:featuredmedia":[{"embeddable":true,"href":"https:\/\/nextsnkr.com\/no\/wp-json\/wp\/v2\/media\/690250"}],"wp:attachment":[{"href":"https:\/\/nextsnkr.com\/no\/wp-json\/wp\/v2\/media?parent=690249"}],"wp:term":[{"taxonomy":"product_brand","embeddable":true,"href":"https:\/\/nextsnkr.com\/no\/wp-json\/wp\/v2\/product_brand?post=690249"},{"taxonomy":"product_cat","embeddable":true,"href":"https:\/\/nextsnkr.com\/no\/wp-json\/wp\/v2\/product_cat?post=690249"},{"taxonomy":"product_tag","embeddable":true,"href":"https:\/\/nextsnkr.com\/no\/wp-json\/wp\/v2\/product_tag?post=690249"}],"curies":[{"name":"wp","href":"https:\/\/api.w.org\/{rel}","templated":true}]}}