{"id":689095,"date":"2025-06-17T21:18:54","date_gmt":"2025-06-17T18:18:54","guid":{"rendered":"https:\/\/nextsnkr.com\/product\/yeezy-slide-lite-gray-rasprodazha\/"},"modified":"2026-02-01T13:50:09","modified_gmt":"2026-02-01T10:50:09","slug":"yeezy-slide-lite-gray-rasprodazha","status":"publish","type":"product","link":"https:\/\/nextsnkr.com\/no\/produkt\/yeezy-slide-lite-gray-rasprodazha\/","title":{"rendered":"Yeezy Slide Lite Gr\u00e5 EVA t\u00f8fler for komfort og daglig bruk"},"content":{"rendered":"<h2>Yeezy Slide Lite Gr\u00e5 EVA t\u00f8fler for komfort og daglig bruk<\/h2>\n<p>&nbsp;<\/p>\n<p>Den stilige Og lette Yeezy Slide Lite Gray er laget av H\u00d8YKVALITETS EVA-materiale, som gir maksimal komfort og demping under daglig bruk. Yeezy-merkevaremodellen har et moderne design og en allsidig gr\u00e5 farge, egnet for hjem, fritid og hverdagsbruk. Disse t\u00f8flene er laget I Vietnam og kombinerer merkets overlegne kvalitet og letthet for langvarig komfort hele dagen.<\/p>\n","protected":false},"excerpt":{"rendered":"<p>Den stilige Og lette Yeezy Slide Lite Gray er laget av H\u00d8YKVALITETS EVA-materiale, som gir maksimal komfort og demping under daglig bruk. Yeezy-merkevaremodellen har et moderne design og en allsidig gr\u00e5 farge, egnet for hjem, fritid og hverdagsbruk. Disse t\u00f8flene er laget I Vietnam og kombinerer merkets overlegne kvalitet og letthet for langvarig komfort hele dagen.<\/p>\n","protected":false},"featured_media":689097,"comment_status":"open","ping_status":"open","template":"","meta":[],"product_brand":[],"product_cat":[3402,3277,3426],"product_tag":[],"class_list":{"0":"post-689095","1":"product","2":"type-product","3":"status-publish","4":"has-post-thumbnail","6":"product_cat-adidas-yeezy","7":"product_cat-all-product","8":"product_cat-shlopantsi","9":"pa_rozmir-910","10":"pa_rozmir-912","11":"pa_rozmir-914","12":"pa_rozmir-915","13":"pa_rozmir-916","14":"pa_rozmir-917","15":"pa_rozmir-918","16":"pa_rozmir-919","17":"pa_rozmir-920","18":"pa_rozmir-921","19":"pa_rozmir-922","21":"first","22":"instock","23":"purchasable","24":"product-type-variable"},"_links":{"self":[{"href":"https:\/\/nextsnkr.com\/no\/wp-json\/wp\/v2\/product\/689095","targetHints":{"allow":["GET"]}}],"collection":[{"href":"https:\/\/nextsnkr.com\/no\/wp-json\/wp\/v2\/product"}],"about":[{"href":"https:\/\/nextsnkr.com\/no\/wp-json\/wp\/v2\/types\/product"}],"replies":[{"embeddable":true,"href":"https:\/\/nextsnkr.com\/no\/wp-json\/wp\/v2\/comments?post=689095"}],"version-history":[{"count":0,"href":"https:\/\/nextsnkr.com\/no\/wp-json\/wp\/v2\/product\/689095\/revisions"}],"wp:featuredmedia":[{"embeddable":true,"href":"https:\/\/nextsnkr.com\/no\/wp-json\/wp\/v2\/media\/689097"}],"wp:attachment":[{"href":"https:\/\/nextsnkr.com\/no\/wp-json\/wp\/v2\/media?parent=689095"}],"wp:term":[{"taxonomy":"product_brand","embeddable":true,"href":"https:\/\/nextsnkr.com\/no\/wp-json\/wp\/v2\/product_brand?post=689095"},{"taxonomy":"product_cat","embeddable":true,"href":"https:\/\/nextsnkr.com\/no\/wp-json\/wp\/v2\/product_cat?post=689095"},{"taxonomy":"product_tag","embeddable":true,"href":"https:\/\/nextsnkr.com\/no\/wp-json\/wp\/v2\/product_tag?post=689095"}],"curies":[{"name":"wp","href":"https:\/\/api.w.org\/{rel}","templated":true}]}}