{"id":687379,"date":"2025-06-18T19:48:15","date_gmt":"2025-06-18T16:48:15","guid":{"rendered":"https:\/\/nextsnkr.com\/product\/new-balance-574-send-pink-m\/"},"modified":"2026-02-01T13:49:02","modified_gmt":"2026-02-01T10:49:02","slug":"new-balance-574-send-pink-m","status":"publish","type":"product","link":"https:\/\/nextsnkr.com\/no\/produkt\/new-balance-574-send-pink-m\/","title":{"rendered":"New Balance 574 Sand \/ Rosa menn semsket sko"},"content":{"rendered":"<h2>New Balance 574 Sand \/ Rosa menn semsket sko<\/h2>\n<p>&nbsp;<\/p>\n<p>New Balance 574 Sand \/ Pink (M) joggesko kombinerer naturlig semsket skinn og pustende tekstiler, noe som gir komfort, letthet og p\u00e5litelig st\u00f8tte. Den delikate kombinasjonen av sand og rosa farger gir modellen et stilig og moderne utseende. Den st\u00f8tdempende s\u00e5len garanterer komfort under gange og aktiv daglig bruk. Det perfekte valget for menn som setter pris p\u00e5 klassisk design, kvalitet og komfort. Produsent: Kina. SKU: nbl-0048-169678<\/p>\n","protected":false},"excerpt":{"rendered":"<p>New Balance 574 Sand \/ Pink (M) joggesko kombinerer naturlig semsket skinn og pustende tekstiler, noe som gir komfort, letthet og p\u00e5litelig st\u00f8tte. Den delikate kombinasjonen av sand og rosa farger gir modellen et stilig og moderne utseende. Den st\u00f8tdempende s\u00e5len garanterer komfort under gange og aktiv daglig bruk. Det perfekte valget for menn som setter pris p\u00e5 klassisk design, kvalitet og komfort. Produsent: Kina. SKU: nbl-0048-169678<\/p>\n","protected":false},"featured_media":687383,"comment_status":"open","ping_status":"open","template":"","meta":[],"product_brand":[],"product_cat":[3277,3278],"product_tag":[],"class_list":{"0":"post-687379","1":"product","2":"type-product","3":"status-publish","4":"has-post-thumbnail","6":"product_cat-all-product","7":"product_cat-krosivky","8":"pa_rozmir-910","9":"pa_rozmir-912","10":"pa_rozmir-914","11":"pa_rozmir-915","12":"pa_rozmir-916","13":"pa_rozmir-917","14":"pa_rozmir-918","15":"pa_rozmir-919","16":"pa_rozmir-920","17":"pa_rozmir-921","18":"pa_rozmir-922","20":"first","21":"onbackorder","22":"purchasable","23":"product-type-variable"},"_links":{"self":[{"href":"https:\/\/nextsnkr.com\/no\/wp-json\/wp\/v2\/product\/687379","targetHints":{"allow":["GET"]}}],"collection":[{"href":"https:\/\/nextsnkr.com\/no\/wp-json\/wp\/v2\/product"}],"about":[{"href":"https:\/\/nextsnkr.com\/no\/wp-json\/wp\/v2\/types\/product"}],"replies":[{"embeddable":true,"href":"https:\/\/nextsnkr.com\/no\/wp-json\/wp\/v2\/comments?post=687379"}],"version-history":[{"count":0,"href":"https:\/\/nextsnkr.com\/no\/wp-json\/wp\/v2\/product\/687379\/revisions"}],"wp:featuredmedia":[{"embeddable":true,"href":"https:\/\/nextsnkr.com\/no\/wp-json\/wp\/v2\/media\/687383"}],"wp:attachment":[{"href":"https:\/\/nextsnkr.com\/no\/wp-json\/wp\/v2\/media?parent=687379"}],"wp:term":[{"taxonomy":"product_brand","embeddable":true,"href":"https:\/\/nextsnkr.com\/no\/wp-json\/wp\/v2\/product_brand?post=687379"},{"taxonomy":"product_cat","embeddable":true,"href":"https:\/\/nextsnkr.com\/no\/wp-json\/wp\/v2\/product_cat?post=687379"},{"taxonomy":"product_tag","embeddable":true,"href":"https:\/\/nextsnkr.com\/no\/wp-json\/wp\/v2\/product_tag?post=687379"}],"curies":[{"name":"wp","href":"https:\/\/api.w.org\/{rel}","templated":true}]}}