{"id":686682,"date":"2025-06-18T19:49:52","date_gmt":"2025-06-18T16:49:52","guid":{"rendered":"https:\/\/nextsnkr.com\/product\/new-balance-574-light-grey-m\/"},"modified":"2026-02-01T13:48:43","modified_gmt":"2026-02-01T10:48:43","slug":"new-balance-574-light-grey-m","status":"publish","type":"product","link":"https:\/\/nextsnkr.com\/no\/produkt\/new-balance-574-light-grey-m\/","title":{"rendered":"New Balance 574 Lys Gr\u00e5 menns joggesko-suede, tekstil"},"content":{"rendered":"<h2>New Balance 574 Lys Gr\u00e5 menns joggesko-suede, tekstil<\/h2>\n<p>&nbsp;<\/p>\n<p>New Balance 574 Lys Gr\u00e5 menns joggesko kombinerer stil og komfort for daglig slitasje. Laget av semsket skinn og tekstiler av h\u00f8y kvalitet, gir de pusteevne og p\u00e5litelig fotst\u00f8tte. Lette og komfortable, disse joggeskoene er perfekte for turg\u00e5ing, sport og urban stil. Velg New Balance 574 Lys Gr\u00e5 og fremheve din moderne utseende med merkede komfort.<\/p>\n","protected":false},"excerpt":{"rendered":"<p>New Balance 574 Lys Gr\u00e5 menns joggesko kombinerer stil og komfort for daglig slitasje. Laget av semsket skinn og tekstiler av h\u00f8y kvalitet, gir de pusteevne og p\u00e5litelig fotst\u00f8tte. Lette og komfortable, disse joggeskoene er perfekte for turg\u00e5ing, sport og urban stil. Velg New Balance 574 Lys Gr\u00e5 og fremheve din moderne utseende med merkede komfort.<\/p>\n","protected":false},"featured_media":686687,"comment_status":"open","ping_status":"open","template":"","meta":[],"product_brand":[],"product_cat":[3277,3278],"product_tag":[],"class_list":{"0":"post-686682","1":"product","2":"type-product","3":"status-publish","4":"has-post-thumbnail","6":"product_cat-all-product","7":"product_cat-krosivky","8":"pa_rozmir-910","9":"pa_rozmir-912","10":"pa_rozmir-914","11":"pa_rozmir-915","12":"pa_rozmir-916","13":"pa_rozmir-917","14":"pa_rozmir-918","15":"pa_rozmir-919","16":"pa_rozmir-920","17":"pa_rozmir-921","18":"pa_rozmir-922","20":"first","21":"onbackorder","22":"purchasable","23":"product-type-variable"},"_links":{"self":[{"href":"https:\/\/nextsnkr.com\/no\/wp-json\/wp\/v2\/product\/686682","targetHints":{"allow":["GET"]}}],"collection":[{"href":"https:\/\/nextsnkr.com\/no\/wp-json\/wp\/v2\/product"}],"about":[{"href":"https:\/\/nextsnkr.com\/no\/wp-json\/wp\/v2\/types\/product"}],"replies":[{"embeddable":true,"href":"https:\/\/nextsnkr.com\/no\/wp-json\/wp\/v2\/comments?post=686682"}],"version-history":[{"count":0,"href":"https:\/\/nextsnkr.com\/no\/wp-json\/wp\/v2\/product\/686682\/revisions"}],"wp:featuredmedia":[{"embeddable":true,"href":"https:\/\/nextsnkr.com\/no\/wp-json\/wp\/v2\/media\/686687"}],"wp:attachment":[{"href":"https:\/\/nextsnkr.com\/no\/wp-json\/wp\/v2\/media?parent=686682"}],"wp:term":[{"taxonomy":"product_brand","embeddable":true,"href":"https:\/\/nextsnkr.com\/no\/wp-json\/wp\/v2\/product_brand?post=686682"},{"taxonomy":"product_cat","embeddable":true,"href":"https:\/\/nextsnkr.com\/no\/wp-json\/wp\/v2\/product_cat?post=686682"},{"taxonomy":"product_tag","embeddable":true,"href":"https:\/\/nextsnkr.com\/no\/wp-json\/wp\/v2\/product_tag?post=686682"}],"curies":[{"name":"wp","href":"https:\/\/api.w.org\/{rel}","templated":true}]}}