{"id":683176,"date":"2025-06-17T21:36:37","date_gmt":"2025-06-17T18:36:37","guid":{"rendered":"https:\/\/nextsnkr.com\/product\/nike-sb-dunk-low-white-gray\/"},"modified":"2026-02-01T13:46:47","modified_gmt":"2026-02-01T10:46:47","slug":"nike-sb-dunk-low-white-gray","status":"publish","type":"product","link":"https:\/\/nextsnkr.com\/no\/produkt\/nike-sb-dunk-low-white-gray\/","title":{"rendered":"Nike SB Dunk Low hvit \/ Gr\u00e5 sneakers-l\u00e6r, prisgunstig og komfortabel"},"content":{"rendered":"<h2>Nike SB Dunk Low hvit \/ Gr\u00e5 sneakers-l\u00e6r, prisgunstig og komfortabel<\/h2>\n<p>&nbsp;<\/p>\n<p>Nike SB Dunk Low White \/ Grey sneakers er en moderne modell laget av l\u00e6r av h\u00f8y kvalitet, designet for daglig bruk og en aktiv livsstil. Det hvite og gr\u00e5 fargevalget gir allsidighet og er enkelt \u00e5 kombinere med alle kl\u00e6r. Vietnamesisk produksjon garanterer p\u00e5litelighet, holdbarhet og komfort n\u00e5r du g\u00e5r. Disse joggeskoene er ideelle for byen, turg\u00e5ing og sport, og kombinerer stil, kvalitet og komfort i hvert trinn.<\/p>\n","protected":false},"excerpt":{"rendered":"<p>Nike SB Dunk Low White \/ Grey sneakers er en moderne modell laget av l\u00e6r av h\u00f8y kvalitet, designet for daglig bruk og en aktiv livsstil. Det hvite og gr\u00e5 fargevalget gir allsidighet og er enkelt \u00e5 kombinere med alle kl\u00e6r. Vietnamesisk produksjon garanterer p\u00e5litelighet, holdbarhet og komfort n\u00e5r du g\u00e5r. Disse joggeskoene er ideelle for byen, turg\u00e5ing og sport, og kombinerer stil, kvalitet og komfort i hvert trinn.<\/p>\n","protected":false},"featured_media":683177,"comment_status":"open","ping_status":"open","template":"","meta":[],"product_brand":[],"product_cat":[3277,3324],"product_tag":[],"class_list":{"0":"post-683176","1":"product","2":"type-product","3":"status-publish","4":"has-post-thumbnail","6":"product_cat-all-product","7":"product_cat-kedy","8":"pa_rozmir-910","9":"pa_rozmir-912","10":"pa_rozmir-914","11":"pa_rozmir-915","12":"pa_rozmir-916","13":"pa_rozmir-917","14":"pa_rozmir-918","15":"pa_rozmir-919","16":"pa_rozmir-920","17":"pa_rozmir-921","18":"pa_rozmir-922","20":"first","21":"onbackorder","22":"purchasable","23":"product-type-variable"},"_links":{"self":[{"href":"https:\/\/nextsnkr.com\/no\/wp-json\/wp\/v2\/product\/683176","targetHints":{"allow":["GET"]}}],"collection":[{"href":"https:\/\/nextsnkr.com\/no\/wp-json\/wp\/v2\/product"}],"about":[{"href":"https:\/\/nextsnkr.com\/no\/wp-json\/wp\/v2\/types\/product"}],"replies":[{"embeddable":true,"href":"https:\/\/nextsnkr.com\/no\/wp-json\/wp\/v2\/comments?post=683176"}],"version-history":[{"count":0,"href":"https:\/\/nextsnkr.com\/no\/wp-json\/wp\/v2\/product\/683176\/revisions"}],"wp:featuredmedia":[{"embeddable":true,"href":"https:\/\/nextsnkr.com\/no\/wp-json\/wp\/v2\/media\/683177"}],"wp:attachment":[{"href":"https:\/\/nextsnkr.com\/no\/wp-json\/wp\/v2\/media?parent=683176"}],"wp:term":[{"taxonomy":"product_brand","embeddable":true,"href":"https:\/\/nextsnkr.com\/no\/wp-json\/wp\/v2\/product_brand?post=683176"},{"taxonomy":"product_cat","embeddable":true,"href":"https:\/\/nextsnkr.com\/no\/wp-json\/wp\/v2\/product_cat?post=683176"},{"taxonomy":"product_tag","embeddable":true,"href":"https:\/\/nextsnkr.com\/no\/wp-json\/wp\/v2\/product_tag?post=683176"}],"curies":[{"name":"wp","href":"https:\/\/api.w.org\/{rel}","templated":true}]}}