{"id":683005,"date":"2025-06-18T20:50:03","date_gmt":"2025-06-18T17:50:03","guid":{"rendered":"https:\/\/nextsnkr.com\/product\/nike-sb-dunk-panda-black-white\/"},"modified":"2026-02-01T13:46:43","modified_gmt":"2026-02-01T10:46:43","slug":"nike-sb-dunk-panda-black-white","status":"publish","type":"product","link":"https:\/\/nextsnkr.com\/no\/produkt\/nike-sb-dunk-panda-black-white\/","title":{"rendered":"NIKE SB Dunk Panda svart \/ Hvit sneakers-stil og komfort"},"content":{"rendered":"<h2>NIKE SB Dunk Panda svart \/ Hvit sneakers-stil og komfort<\/h2>\n<p>&nbsp;<\/p>\n<p>De stilige NIKE SB Dunk Panda Svart \/ Hvite joggeskoene er laget av l\u00e6r av h\u00f8y kvalitet, som sikrer holdbarhet og komfort n\u00e5r de brukes. Ideell for daglig bruk og utend\u00f8rsaktiviteter. Den uts\u00f8kte svart-hvite designen gj\u00f8r DISSE NIKE SB-joggeskoene allsidige for ethvert utseende, og kombinerer moderne stil og p\u00e5litelighet. Velg komfort og et lyst utseende hver dag.<\/p>\n","protected":false},"excerpt":{"rendered":"<p>De stilige NIKE SB Dunk Panda Svart \/ Hvite joggeskoene er laget av l\u00e6r av h\u00f8y kvalitet, som sikrer holdbarhet og komfort n\u00e5r de brukes. Ideell for daglig bruk og utend\u00f8rsaktiviteter. Den uts\u00f8kte svart-hvite designen gj\u00f8r DISSE NIKE SB-joggeskoene allsidige for ethvert utseende, og kombinerer moderne stil og p\u00e5litelighet. Velg komfort og et lyst utseende hver dag.<\/p>\n","protected":false},"featured_media":683006,"comment_status":"open","ping_status":"open","template":"","meta":[],"product_brand":[],"product_cat":[3277,3324],"product_tag":[],"class_list":{"0":"post-683005","1":"product","2":"type-product","3":"status-publish","4":"has-post-thumbnail","6":"product_cat-all-product","7":"product_cat-kedy","8":"pa_rozmir-910","9":"pa_rozmir-912","10":"pa_rozmir-914","11":"pa_rozmir-915","12":"pa_rozmir-916","13":"pa_rozmir-917","14":"pa_rozmir-918","15":"pa_rozmir-919","16":"pa_rozmir-920","17":"pa_rozmir-921","18":"pa_rozmir-922","20":"first","21":"instock","22":"purchasable","23":"product-type-variable"},"_links":{"self":[{"href":"https:\/\/nextsnkr.com\/no\/wp-json\/wp\/v2\/product\/683005","targetHints":{"allow":["GET"]}}],"collection":[{"href":"https:\/\/nextsnkr.com\/no\/wp-json\/wp\/v2\/product"}],"about":[{"href":"https:\/\/nextsnkr.com\/no\/wp-json\/wp\/v2\/types\/product"}],"replies":[{"embeddable":true,"href":"https:\/\/nextsnkr.com\/no\/wp-json\/wp\/v2\/comments?post=683005"}],"version-history":[{"count":0,"href":"https:\/\/nextsnkr.com\/no\/wp-json\/wp\/v2\/product\/683005\/revisions"}],"wp:featuredmedia":[{"embeddable":true,"href":"https:\/\/nextsnkr.com\/no\/wp-json\/wp\/v2\/media\/683006"}],"wp:attachment":[{"href":"https:\/\/nextsnkr.com\/no\/wp-json\/wp\/v2\/media?parent=683005"}],"wp:term":[{"taxonomy":"product_brand","embeddable":true,"href":"https:\/\/nextsnkr.com\/no\/wp-json\/wp\/v2\/product_brand?post=683005"},{"taxonomy":"product_cat","embeddable":true,"href":"https:\/\/nextsnkr.com\/no\/wp-json\/wp\/v2\/product_cat?post=683005"},{"taxonomy":"product_tag","embeddable":true,"href":"https:\/\/nextsnkr.com\/no\/wp-json\/wp\/v2\/product_tag?post=683005"}],"curies":[{"name":"wp","href":"https:\/\/api.w.org\/{rel}","templated":true}]}}