{"id":681815,"date":"2025-06-17T21:39:17","date_gmt":"2025-06-17T18:39:17","guid":{"rendered":"https:\/\/nextsnkr.com\/product\/nike-hot-step-air-terra-drake-nocta-white\/"},"modified":"2026-02-01T13:45:58","modified_gmt":"2026-02-01T10:45:58","slug":"nike-hot-step-air-terra-drake-nocta-white","status":"publish","type":"product","link":"https:\/\/nextsnkr.com\/no\/produkt\/nike-hot-step-air-terra-drake-nocta-white\/","title":{"rendered":"Nike Varmt Trinn Air Terra Drake nocta Hvitt Skinn Joggesko"},"content":{"rendered":"<h2>Nike Varmt Trinn Air Terra Drake nocta Hvitt Skinn Joggesko<\/h2>\n<p>&nbsp;<\/p>\n<p>Nike Hot Step Air Terra Drake Nocta Hvite joggesko er stilige og komfortable sko for daglig bruk og aktivt byliv. Laget av l\u00e6r av h\u00f8y kvalitet, gir de holdbarhet, sikker fotfiksering og en behagelig passform. Hvit farge gir friskhet og allsidighet til bildet, egnet for enhver stil av kl\u00e6r. Nike-modellen har f\u00f8rsteklasses kvalitet, moderne design og praktisk bruk, noe som gj\u00f8r Den til et ideelt valg for turg\u00e5ing, sport og hverdagsbruk.<\/p>\n","protected":false},"excerpt":{"rendered":"<p>Nike Hot Step Air Terra Drake Nocta Hvite joggesko er stilige og komfortable sko for daglig bruk og aktivt byliv. Laget av l\u00e6r av h\u00f8y kvalitet, gir de holdbarhet, sikker fotfiksering og en behagelig passform. Hvit farge gir friskhet og allsidighet til bildet, egnet for enhver stil av kl\u00e6r. Nike-modellen har f\u00f8rsteklasses kvalitet, moderne design og praktisk bruk, noe som gj\u00f8r Den til et ideelt valg for turg\u00e5ing, sport og hverdagsbruk.<\/p>\n","protected":false},"featured_media":681816,"comment_status":"open","ping_status":"open","template":"","meta":[],"product_brand":[],"product_cat":[3277,3278],"product_tag":[],"class_list":{"0":"post-681815","1":"product","2":"type-product","3":"status-publish","4":"has-post-thumbnail","6":"product_cat-all-product","7":"product_cat-krosivky","8":"pa_rozmir-910","9":"pa_rozmir-912","10":"pa_rozmir-914","11":"pa_rozmir-915","12":"pa_rozmir-916","13":"pa_rozmir-917","14":"pa_rozmir-918","15":"pa_rozmir-919","16":"pa_rozmir-920","17":"pa_rozmir-921","18":"pa_rozmir-922","20":"first","21":"instock","22":"purchasable","23":"product-type-variable"},"_links":{"self":[{"href":"https:\/\/nextsnkr.com\/no\/wp-json\/wp\/v2\/product\/681815","targetHints":{"allow":["GET"]}}],"collection":[{"href":"https:\/\/nextsnkr.com\/no\/wp-json\/wp\/v2\/product"}],"about":[{"href":"https:\/\/nextsnkr.com\/no\/wp-json\/wp\/v2\/types\/product"}],"replies":[{"embeddable":true,"href":"https:\/\/nextsnkr.com\/no\/wp-json\/wp\/v2\/comments?post=681815"}],"version-history":[{"count":0,"href":"https:\/\/nextsnkr.com\/no\/wp-json\/wp\/v2\/product\/681815\/revisions"}],"wp:featuredmedia":[{"embeddable":true,"href":"https:\/\/nextsnkr.com\/no\/wp-json\/wp\/v2\/media\/681816"}],"wp:attachment":[{"href":"https:\/\/nextsnkr.com\/no\/wp-json\/wp\/v2\/media?parent=681815"}],"wp:term":[{"taxonomy":"product_brand","embeddable":true,"href":"https:\/\/nextsnkr.com\/no\/wp-json\/wp\/v2\/product_brand?post=681815"},{"taxonomy":"product_cat","embeddable":true,"href":"https:\/\/nextsnkr.com\/no\/wp-json\/wp\/v2\/product_cat?post=681815"},{"taxonomy":"product_tag","embeddable":true,"href":"https:\/\/nextsnkr.com\/no\/wp-json\/wp\/v2\/product_tag?post=681815"}],"curies":[{"name":"wp","href":"https:\/\/api.w.org\/{rel}","templated":true}]}}