{"id":681294,"date":"2025-06-13T12:42:47","date_gmt":"2025-06-13T09:42:47","guid":{"rendered":"https:\/\/nextsnkr.com\/product\/louis-vuitton-trainer-white-blue\/"},"modified":"2026-02-01T13:45:44","modified_gmt":"2026-02-01T10:45:44","slug":"louis-vuitton-trainer-white-blue","status":"publish","type":"product","link":"https:\/\/nextsnkr.com\/no\/produkt\/louis-vuitton-trainer-white-blue\/","title":{"rendered":"Louis Vuitton Trainer Hvit \/ Bl\u00e5 sneakers-premium t-skjorte for ten\u00e5ringer"},"content":{"rendered":"<h2>Louis Vuitton Trainer Hvit \/ Bl\u00e5 sneakers-premium t-skjorte for ten\u00e5ringer<\/h2>\n<p>&nbsp;<\/p>\n<p>Louis Vuitton Trainer White \/ Blue sneakers er en elitemodell laget for de som setter pris p\u00e5 luksusdesign og up\u00e5klagelig kvalitet. Laget av f\u00f8rsteklasses ekte skinn, gir de komfort, holdbarhet og et stilig utseende i ethvert utseende. Den kontrasterende kombinasjonen av hvite og bl\u00e5 farger fremhever modellens moderne karakter. Det perfekte valget for fritidskl\u00e6r, urban stil og Louis Vuitton-merkevarekjennere som s\u00f8ker \u00e5 skille seg ut og investere i kvalitet.<\/p>\n","protected":false},"excerpt":{"rendered":"<p>Louis Vuitton Trainer White \/ Blue sneakers er en elitemodell laget for de som setter pris p\u00e5 luksusdesign og up\u00e5klagelig kvalitet. Laget av f\u00f8rsteklasses ekte skinn, gir de komfort, holdbarhet og et stilig utseende i ethvert utseende. Den kontrasterende kombinasjonen av hvite og bl\u00e5 farger fremhever modellens moderne karakter. Det perfekte valget for fritidskl\u00e6r, urban stil og Louis Vuitton-merkevarekjennere som s\u00f8ker \u00e5 skille seg ut og investere i kvalitet.<\/p>\n","protected":false},"featured_media":681295,"comment_status":"open","ping_status":"open","template":"","meta":[],"product_brand":[],"product_cat":[3277,3278],"product_tag":[],"class_list":{"0":"post-681294","1":"product","2":"type-product","3":"status-publish","4":"has-post-thumbnail","6":"product_cat-all-product","7":"product_cat-krosivky","8":"pa_rozmir-910","9":"pa_rozmir-912","10":"pa_rozmir-914","11":"pa_rozmir-915","12":"pa_rozmir-916","13":"pa_rozmir-917","14":"pa_rozmir-918","15":"pa_rozmir-919","16":"pa_rozmir-920","17":"pa_rozmir-921","18":"pa_rozmir-922","20":"first","21":"instock","22":"purchasable","23":"product-type-variable"},"_links":{"self":[{"href":"https:\/\/nextsnkr.com\/no\/wp-json\/wp\/v2\/product\/681294","targetHints":{"allow":["GET"]}}],"collection":[{"href":"https:\/\/nextsnkr.com\/no\/wp-json\/wp\/v2\/product"}],"about":[{"href":"https:\/\/nextsnkr.com\/no\/wp-json\/wp\/v2\/types\/product"}],"replies":[{"embeddable":true,"href":"https:\/\/nextsnkr.com\/no\/wp-json\/wp\/v2\/comments?post=681294"}],"version-history":[{"count":0,"href":"https:\/\/nextsnkr.com\/no\/wp-json\/wp\/v2\/product\/681294\/revisions"}],"wp:featuredmedia":[{"embeddable":true,"href":"https:\/\/nextsnkr.com\/no\/wp-json\/wp\/v2\/media\/681295"}],"wp:attachment":[{"href":"https:\/\/nextsnkr.com\/no\/wp-json\/wp\/v2\/media?parent=681294"}],"wp:term":[{"taxonomy":"product_brand","embeddable":true,"href":"https:\/\/nextsnkr.com\/no\/wp-json\/wp\/v2\/product_brand?post=681294"},{"taxonomy":"product_cat","embeddable":true,"href":"https:\/\/nextsnkr.com\/no\/wp-json\/wp\/v2\/product_cat?post=681294"},{"taxonomy":"product_tag","embeddable":true,"href":"https:\/\/nextsnkr.com\/no\/wp-json\/wp\/v2\/product_tag?post=681294"}],"curies":[{"name":"wp","href":"https:\/\/api.w.org\/{rel}","templated":true}]}}