{"id":679607,"date":"2025-06-13T12:45:43","date_gmt":"2025-06-13T09:45:43","guid":{"rendered":"https:\/\/nextsnkr.com\/product\/bottega-veneta-mini-pink-no-logo-rozprodazh\/"},"modified":"2026-02-01T13:44:58","modified_gmt":"2026-02-01T10:44:58","slug":"bottega-veneta-mini-pink-no-logo-rozprodazh","status":"publish","type":"product","link":"https:\/\/nextsnkr.com\/no\/produkt\/bottega-veneta-mini-pink-no-logo-rozprodazh\/","title":{"rendered":"Bottega Veneta Mini Rosa st\u00f8vler-kvinners vinter st\u00f8vler laget av l\u00e6r"},"content":{"rendered":"<h2>Bottega Veneta Mini Rosa st\u00f8vler-kvinners vinter st\u00f8vler laget av l\u00e6r<\/h2>\n<p>&nbsp;<\/p>\n<p>Bottega Veneta Mini Pink boots er en stilig vintermodell i en delikat rosa farge, skapt for varme og komfort. Laget av l\u00e6r og myk fleece, beholder de varmen perfekt og gir en behagelig f\u00f8lelse under langvarig slitasje. Den lakoniske designen uten logoer kombineres enkelt med ethvert vinterutseende. Produsenten er Kina. Velg Bottega Veneta Mini Pink for \u00e5 gi stil og komfort til den kalde \u00e5rstiden. Kode: VB008-227718.<\/p>\n","protected":false},"excerpt":{"rendered":"<p>Bottega Veneta Mini Pink boots er en stilig vintermodell i en delikat rosa farge, skapt for varme og komfort. Laget av l\u00e6r og myk fleece, beholder de varmen perfekt og gir en behagelig f\u00f8lelse under langvarig slitasje. Den lakoniske designen uten logoer kombineres enkelt med ethvert vinterutseende. Produsenten er Kina. Velg Bottega Veneta Mini Pink for \u00e5 gi stil og komfort til den kalde \u00e5rstiden. Kode: VB008-227718.<\/p>\n","protected":false},"featured_media":679608,"comment_status":"open","ping_status":"open","template":"","meta":[],"product_brand":[],"product_cat":[3277,3337],"product_tag":[],"class_list":{"0":"post-679607","1":"product","2":"type-product","3":"status-publish","4":"has-post-thumbnail","6":"product_cat-all-product","7":"product_cat-cherevyky","8":"pa_rozmir-910","9":"pa_rozmir-912","10":"pa_rozmir-914","11":"pa_rozmir-915","12":"pa_rozmir-916","13":"pa_rozmir-917","14":"pa_rozmir-918","15":"pa_rozmir-919","16":"pa_rozmir-920","17":"pa_rozmir-921","18":"pa_rozmir-922","20":"first","21":"instock","22":"purchasable","23":"product-type-variable"},"_links":{"self":[{"href":"https:\/\/nextsnkr.com\/no\/wp-json\/wp\/v2\/product\/679607","targetHints":{"allow":["GET"]}}],"collection":[{"href":"https:\/\/nextsnkr.com\/no\/wp-json\/wp\/v2\/product"}],"about":[{"href":"https:\/\/nextsnkr.com\/no\/wp-json\/wp\/v2\/types\/product"}],"replies":[{"embeddable":true,"href":"https:\/\/nextsnkr.com\/no\/wp-json\/wp\/v2\/comments?post=679607"}],"version-history":[{"count":0,"href":"https:\/\/nextsnkr.com\/no\/wp-json\/wp\/v2\/product\/679607\/revisions"}],"wp:featuredmedia":[{"embeddable":true,"href":"https:\/\/nextsnkr.com\/no\/wp-json\/wp\/v2\/media\/679608"}],"wp:attachment":[{"href":"https:\/\/nextsnkr.com\/no\/wp-json\/wp\/v2\/media?parent=679607"}],"wp:term":[{"taxonomy":"product_brand","embeddable":true,"href":"https:\/\/nextsnkr.com\/no\/wp-json\/wp\/v2\/product_brand?post=679607"},{"taxonomy":"product_cat","embeddable":true,"href":"https:\/\/nextsnkr.com\/no\/wp-json\/wp\/v2\/product_cat?post=679607"},{"taxonomy":"product_tag","embeddable":true,"href":"https:\/\/nextsnkr.com\/no\/wp-json\/wp\/v2\/product_tag?post=679607"}],"curies":[{"name":"wp","href":"https:\/\/api.w.org\/{rel}","templated":true}]}}