{"id":679237,"date":"2025-06-13T12:46:07","date_gmt":"2025-06-13T09:46:07","guid":{"rendered":"https:\/\/nextsnkr.com\/product\/lug-boots-rozprodazh\/"},"modified":"2026-02-01T13:44:49","modified_gmt":"2026-02-01T10:44:49","slug":"lug-boots-rozprodazh","status":"publish","type":"product","link":"https:\/\/nextsnkr.com\/no\/produkt\/lug-boots-rozprodazh\/","title":{"rendered":"Lugg St\u00f8vler-kvinners italienske l\u00e6rst\u00f8vler, p\u00e5 salg"},"content":{"rendered":"<h2>Lugg St\u00f8vler-kvinners italienske l\u00e6rst\u00f8vler, p\u00e5 salg<\/h2>\n<p>&nbsp;<\/p>\n<p>Lug St\u00f8vler er stilige og praktiske sko laget av ekte l\u00e6r, preget av holdbarhet og komfort. Den italienske produksjonen garanterer h\u00f8y kvalitet p\u00e5 utf\u00f8relse og holdbarhet. Takket v\u00e6re den allsidige designen er st\u00f8vlene egnet for hverdagsbruk, kombinert med b\u00e5de uformelle og mer elegante kl\u00e6r. Et r\u00f8verkj\u00f8pssalg er en flott mulighet til \u00e5 kj\u00f8pe H\u00f8ykvalitets St\u00f8vler Til en fornuftig pris.<\/p>\n","protected":false},"excerpt":{"rendered":"<p>Lug St\u00f8vler er stilige og praktiske sko laget av ekte l\u00e6r, preget av holdbarhet og komfort. Den italienske produksjonen garanterer h\u00f8y kvalitet p\u00e5 utf\u00f8relse og holdbarhet. Takket v\u00e6re den allsidige designen er st\u00f8vlene egnet for hverdagsbruk, kombinert med b\u00e5de uformelle og mer elegante kl\u00e6r. Et r\u00f8verkj\u00f8pssalg er en flott mulighet til \u00e5 kj\u00f8pe H\u00f8ykvalitets St\u00f8vler Til en fornuftig pris.<\/p>\n","protected":false},"featured_media":679241,"comment_status":"open","ping_status":"open","template":"","meta":[],"product_brand":[],"product_cat":[3277,3337],"product_tag":[],"class_list":{"0":"post-679237","1":"product","2":"type-product","3":"status-publish","4":"has-post-thumbnail","6":"product_cat-all-product","7":"product_cat-cherevyky","8":"pa_rozmir-910","9":"pa_rozmir-912","10":"pa_rozmir-914","11":"pa_rozmir-915","12":"pa_rozmir-916","13":"pa_rozmir-917","14":"pa_rozmir-918","15":"pa_rozmir-919","16":"pa_rozmir-920","17":"pa_rozmir-921","18":"pa_rozmir-922","20":"first","21":"onbackorder","22":"purchasable","23":"product-type-variable"},"_links":{"self":[{"href":"https:\/\/nextsnkr.com\/no\/wp-json\/wp\/v2\/product\/679237","targetHints":{"allow":["GET"]}}],"collection":[{"href":"https:\/\/nextsnkr.com\/no\/wp-json\/wp\/v2\/product"}],"about":[{"href":"https:\/\/nextsnkr.com\/no\/wp-json\/wp\/v2\/types\/product"}],"replies":[{"embeddable":true,"href":"https:\/\/nextsnkr.com\/no\/wp-json\/wp\/v2\/comments?post=679237"}],"version-history":[{"count":0,"href":"https:\/\/nextsnkr.com\/no\/wp-json\/wp\/v2\/product\/679237\/revisions"}],"wp:featuredmedia":[{"embeddable":true,"href":"https:\/\/nextsnkr.com\/no\/wp-json\/wp\/v2\/media\/679241"}],"wp:attachment":[{"href":"https:\/\/nextsnkr.com\/no\/wp-json\/wp\/v2\/media?parent=679237"}],"wp:term":[{"taxonomy":"product_brand","embeddable":true,"href":"https:\/\/nextsnkr.com\/no\/wp-json\/wp\/v2\/product_brand?post=679237"},{"taxonomy":"product_cat","embeddable":true,"href":"https:\/\/nextsnkr.com\/no\/wp-json\/wp\/v2\/product_cat?post=679237"},{"taxonomy":"product_tag","embeddable":true,"href":"https:\/\/nextsnkr.com\/no\/wp-json\/wp\/v2\/product_tag?post=679237"}],"curies":[{"name":"wp","href":"https:\/\/api.w.org\/{rel}","templated":true}]}}