{"id":677567,"date":"2025-06-13T12:48:12","date_gmt":"2025-06-13T09:48:12","guid":{"rendered":"https:\/\/nextsnkr.com\/product\/slide-black-no-logo\/"},"modified":"2026-02-01T13:43:51","modified_gmt":"2026-02-01T10:43:51","slug":"slide-black-no-logo","status":"publish","type":"product","link":"https:\/\/nextsnkr.com\/no\/produkt\/slide-black-no-logo\/","title":{"rendered":"Slide BLACK EVA slippers-lette og komfortable flip-flops for menn"},"content":{"rendered":"<h2>Slide BLACK EVA slippers-lette og komfortable flip-flops for menn<\/h2>\n<p>&nbsp;<\/p>\n<p>Slide Black No Logo t\u00f8fler er laget av mykt OG elastisk EVA-materiale, som gir letthet, komfort og holdbarhet under daglig bruk. Modellen er ideell for hjem, strand, basseng eller friluftsliv. Takket v\u00e6re den minimalistiske designen uten logoer ser t\u00f8flene allsidige og moderne ut. Laget I Vietnam, er de et praktisk valg for de som setter pris p\u00e5 komfort og enkelhet.<\/p>\n","protected":false},"excerpt":{"rendered":"<p>Slide Black No Logo t\u00f8fler er laget av mykt OG elastisk EVA-materiale, som gir letthet, komfort og holdbarhet under daglig bruk. Modellen er ideell for hjem, strand, basseng eller friluftsliv. Takket v\u00e6re den minimalistiske designen uten logoer ser t\u00f8flene allsidige og moderne ut. Laget I Vietnam, er de et praktisk valg for de som setter pris p\u00e5 komfort og enkelhet.<\/p>\n","protected":false},"featured_media":677568,"comment_status":"open","ping_status":"open","template":"","meta":[],"product_brand":[],"product_cat":[3277,3426],"product_tag":[],"class_list":{"0":"post-677567","1":"product","2":"type-product","3":"status-publish","4":"has-post-thumbnail","6":"product_cat-all-product","7":"product_cat-shlopantsi","8":"pa_rozmir-910","9":"pa_rozmir-912","10":"pa_rozmir-914","11":"pa_rozmir-915","12":"pa_rozmir-916","13":"pa_rozmir-917","14":"pa_rozmir-918","15":"pa_rozmir-919","16":"pa_rozmir-920","17":"pa_rozmir-921","18":"pa_rozmir-922","20":"first","21":"instock","22":"purchasable","23":"product-type-variable"},"_links":{"self":[{"href":"https:\/\/nextsnkr.com\/no\/wp-json\/wp\/v2\/product\/677567","targetHints":{"allow":["GET"]}}],"collection":[{"href":"https:\/\/nextsnkr.com\/no\/wp-json\/wp\/v2\/product"}],"about":[{"href":"https:\/\/nextsnkr.com\/no\/wp-json\/wp\/v2\/types\/product"}],"replies":[{"embeddable":true,"href":"https:\/\/nextsnkr.com\/no\/wp-json\/wp\/v2\/comments?post=677567"}],"version-history":[{"count":0,"href":"https:\/\/nextsnkr.com\/no\/wp-json\/wp\/v2\/product\/677567\/revisions"}],"wp:featuredmedia":[{"embeddable":true,"href":"https:\/\/nextsnkr.com\/no\/wp-json\/wp\/v2\/media\/677568"}],"wp:attachment":[{"href":"https:\/\/nextsnkr.com\/no\/wp-json\/wp\/v2\/media?parent=677567"}],"wp:term":[{"taxonomy":"product_brand","embeddable":true,"href":"https:\/\/nextsnkr.com\/no\/wp-json\/wp\/v2\/product_brand?post=677567"},{"taxonomy":"product_cat","embeddable":true,"href":"https:\/\/nextsnkr.com\/no\/wp-json\/wp\/v2\/product_cat?post=677567"},{"taxonomy":"product_tag","embeddable":true,"href":"https:\/\/nextsnkr.com\/no\/wp-json\/wp\/v2\/product_tag?post=677567"}],"curies":[{"name":"wp","href":"https:\/\/api.w.org\/{rel}","templated":true}]}}