{"id":675084,"date":"2025-06-18T21:10:51","date_gmt":"2025-06-18T18:10:51","guid":{"rendered":"https:\/\/nextsnkr.com\/product\/nike-sb-dunk-x-off-white-lot-24-50-premium\/"},"modified":"2026-02-01T13:42:30","modified_gmt":"2026-02-01T10:42:30","slug":"nike-sb-dunk-x-off-white-lot-24-50-premium","status":"publish","type":"product","link":"https:\/\/nextsnkr.com\/no\/produkt\/nike-sb-dunk-x-off-white-lot-24-50-premium\/","title":{"rendered":"NIKE SB Dunk x OFF-WHITE Lot 24: 50 Premium sneakers-l\u00e6r og tekstil"},"content":{"rendered":"<h2>NIKE SB Dunk x OFF-WHITE Lot 24: 50 Premium sneakers-l\u00e6r og tekstil<\/h2>\n<p>&nbsp;<\/p>\n<p>NIKE SB Dunk x OFF-WHITE Lot 24: 50 Premium joggesko er laget av l\u00e6r og tekstiler av h\u00f8y kvalitet, noe som garanterer komfort og holdbarhet. Modellen kombinerer DEN unike designen TIL OFF-WHITE-merket og den stilige silhuetten Til Nike SB Dunk, egnet for daglig bruk og utend\u00f8rsaktiviteter. Produsenten Er Vietnam, som gir p\u00e5litelig kvalitet. Det perfekte valget for de som setter pris p\u00e5 mote og funksjonalitet samtidig.<\/p>\n","protected":false},"excerpt":{"rendered":"<p>NIKE SB Dunk x OFF-WHITE Lot 24: 50 Premium joggesko er laget av l\u00e6r og tekstiler av h\u00f8y kvalitet, noe som garanterer komfort og holdbarhet. Modellen kombinerer DEN unike designen TIL OFF-WHITE-merket og den stilige silhuetten Til Nike SB Dunk, egnet for daglig bruk og utend\u00f8rsaktiviteter. Produsenten Er Vietnam, som gir p\u00e5litelig kvalitet. Det perfekte valget for de som setter pris p\u00e5 mote og funksjonalitet samtidig.<\/p>\n","protected":false},"featured_media":675086,"comment_status":"open","ping_status":"open","template":"","meta":[],"product_brand":[],"product_cat":[3277,3324],"product_tag":[],"class_list":{"0":"post-675084","1":"product","2":"type-product","3":"status-publish","4":"has-post-thumbnail","6":"product_cat-all-product","7":"product_cat-kedy","8":"pa_rozmir-910","9":"pa_rozmir-912","10":"pa_rozmir-914","11":"pa_rozmir-915","12":"pa_rozmir-916","13":"pa_rozmir-917","14":"pa_rozmir-918","15":"pa_rozmir-919","16":"pa_rozmir-920","17":"pa_rozmir-921","18":"pa_rozmir-922","20":"first","21":"instock","22":"purchasable","23":"product-type-variable"},"_links":{"self":[{"href":"https:\/\/nextsnkr.com\/no\/wp-json\/wp\/v2\/product\/675084","targetHints":{"allow":["GET"]}}],"collection":[{"href":"https:\/\/nextsnkr.com\/no\/wp-json\/wp\/v2\/product"}],"about":[{"href":"https:\/\/nextsnkr.com\/no\/wp-json\/wp\/v2\/types\/product"}],"replies":[{"embeddable":true,"href":"https:\/\/nextsnkr.com\/no\/wp-json\/wp\/v2\/comments?post=675084"}],"version-history":[{"count":0,"href":"https:\/\/nextsnkr.com\/no\/wp-json\/wp\/v2\/product\/675084\/revisions"}],"wp:featuredmedia":[{"embeddable":true,"href":"https:\/\/nextsnkr.com\/no\/wp-json\/wp\/v2\/media\/675086"}],"wp:attachment":[{"href":"https:\/\/nextsnkr.com\/no\/wp-json\/wp\/v2\/media?parent=675084"}],"wp:term":[{"taxonomy":"product_brand","embeddable":true,"href":"https:\/\/nextsnkr.com\/no\/wp-json\/wp\/v2\/product_brand?post=675084"},{"taxonomy":"product_cat","embeddable":true,"href":"https:\/\/nextsnkr.com\/no\/wp-json\/wp\/v2\/product_cat?post=675084"},{"taxonomy":"product_tag","embeddable":true,"href":"https:\/\/nextsnkr.com\/no\/wp-json\/wp\/v2\/product_tag?post=675084"}],"curies":[{"name":"wp","href":"https:\/\/api.w.org\/{rel}","templated":true}]}}