{"id":674755,"date":"2025-06-18T21:11:53","date_gmt":"2025-06-18T18:11:53","guid":{"rendered":"https:\/\/nextsnkr.com\/product\/nike-sb-dunk-disrupt-barely-rose\/"},"modified":"2026-02-01T13:42:19","modified_gmt":"2026-02-01T10:42:19","slug":"nike-sb-dunk-disrupt-barely-rose","status":"publish","type":"product","link":"https:\/\/nextsnkr.com\/no\/produkt\/nike-sb-dunk-disrupt-barely-rose\/","title":{"rendered":"Nike Sb Dunk Disrupt Barely Rose joggesko-l\u00e6r og tekstil joggesko"},"content":{"rendered":"<h2>Nike Sb Dunk Disrupt Barely Rose joggesko-l\u00e6r og tekstil joggesko<\/h2>\n<p>&nbsp;<\/p>\n<p>De stilige nike SB Dunk Disrupt Barely Rose-joggeskoene kombinerer f\u00f8rsteklasses l\u00e6r og pustende tekstiler for komfort og holdbarhet. Modellen gir behagelig demping og stabilitet under aktiv bruk, og den delikate rosa nyansen gj\u00f8r joggeskoene til en lys aksent i ethvert utseende. Det perfekte valget for fritidskl\u00e6r, skateboard eller urban stil. Det legendariske Nike-merket garanterer h\u00f8y kvalitet og stilig design.<\/p>\n","protected":false},"excerpt":{"rendered":"<p>De stilige nike SB Dunk Disrupt Barely Rose-joggeskoene kombinerer f\u00f8rsteklasses l\u00e6r og pustende tekstiler for komfort og holdbarhet. Modellen gir behagelig demping og stabilitet under aktiv bruk, og den delikate rosa nyansen gj\u00f8r joggeskoene til en lys aksent i ethvert utseende. Det perfekte valget for fritidskl\u00e6r, skateboard eller urban stil. Det legendariske Nike-merket garanterer h\u00f8y kvalitet og stilig design.<\/p>\n","protected":false},"featured_media":674758,"comment_status":"open","ping_status":"open","template":"","meta":[],"product_brand":[],"product_cat":[3277,3324],"product_tag":[],"class_list":{"0":"post-674755","1":"product","2":"type-product","3":"status-publish","4":"has-post-thumbnail","6":"product_cat-all-product","7":"product_cat-kedy","8":"pa_rozmir-910","9":"pa_rozmir-912","10":"pa_rozmir-914","11":"pa_rozmir-915","12":"pa_rozmir-916","13":"pa_rozmir-917","14":"pa_rozmir-918","15":"pa_rozmir-919","16":"pa_rozmir-920","17":"pa_rozmir-921","18":"pa_rozmir-922","20":"first","21":"instock","22":"purchasable","23":"product-type-variable"},"_links":{"self":[{"href":"https:\/\/nextsnkr.com\/no\/wp-json\/wp\/v2\/product\/674755","targetHints":{"allow":["GET"]}}],"collection":[{"href":"https:\/\/nextsnkr.com\/no\/wp-json\/wp\/v2\/product"}],"about":[{"href":"https:\/\/nextsnkr.com\/no\/wp-json\/wp\/v2\/types\/product"}],"replies":[{"embeddable":true,"href":"https:\/\/nextsnkr.com\/no\/wp-json\/wp\/v2\/comments?post=674755"}],"version-history":[{"count":0,"href":"https:\/\/nextsnkr.com\/no\/wp-json\/wp\/v2\/product\/674755\/revisions"}],"wp:featuredmedia":[{"embeddable":true,"href":"https:\/\/nextsnkr.com\/no\/wp-json\/wp\/v2\/media\/674758"}],"wp:attachment":[{"href":"https:\/\/nextsnkr.com\/no\/wp-json\/wp\/v2\/media?parent=674755"}],"wp:term":[{"taxonomy":"product_brand","embeddable":true,"href":"https:\/\/nextsnkr.com\/no\/wp-json\/wp\/v2\/product_brand?post=674755"},{"taxonomy":"product_cat","embeddable":true,"href":"https:\/\/nextsnkr.com\/no\/wp-json\/wp\/v2\/product_cat?post=674755"},{"taxonomy":"product_tag","embeddable":true,"href":"https:\/\/nextsnkr.com\/no\/wp-json\/wp\/v2\/product_tag?post=674755"}],"curies":[{"name":"wp","href":"https:\/\/api.w.org\/{rel}","templated":true}]}}