{"id":672756,"date":"2025-06-18T21:17:40","date_gmt":"2025-06-18T18:17:40","guid":{"rendered":"https:\/\/nextsnkr.com\/product\/nike-sb-dunk-mint-pink\/"},"modified":"2026-02-01T13:41:24","modified_gmt":"2026-02-01T10:41:24","slug":"nike-sb-dunk-mint-pink","status":"publish","type":"product","link":"https:\/\/nextsnkr.com\/no\/produkt\/nike-sb-dunk-mint-pink\/","title":{"rendered":"NIKE SB DUNK Mint-Rosa joggesko-stilige skinnsko til daglig bruk"},"content":{"rendered":"<h2>NIKE SB DUNK Mint-Rosa joggesko-stilige skinnsko til daglig bruk<\/h2>\n<p>&nbsp;<\/p>\n<p>De elegante NIKE SB DUNK Mint \/ Pink joggeskoene er laget av l\u00e6r av h\u00f8y kvalitet, noe som sikrer holdbarhet og komfort. Perfekt for daglig slitasje og utend\u00f8rsaktiviteter, som kombinerer moderne design og funksjonalitet. Lys mynte og rosa farger gir joggeskoene et lyst og stilig utseende, med vekt p\u00e5 deres individualitet. Velg NIKE SB DUNK joggesko for \u00e5 kombinere trendy utseende og p\u00e5litelighet p\u00e5 daglig basis.<\/p>\n","protected":false},"excerpt":{"rendered":"<p>De elegante NIKE SB DUNK Mint \/ Pink joggeskoene er laget av l\u00e6r av h\u00f8y kvalitet, noe som sikrer holdbarhet og komfort. Perfekt for daglig slitasje og utend\u00f8rsaktiviteter, som kombinerer moderne design og funksjonalitet. Lys mynte og rosa farger gir joggeskoene et lyst og stilig utseende, med vekt p\u00e5 deres individualitet. Velg NIKE SB DUNK joggesko for \u00e5 kombinere trendy utseende og p\u00e5litelighet p\u00e5 daglig basis.<\/p>\n","protected":false},"featured_media":672757,"comment_status":"open","ping_status":"open","template":"","meta":[],"product_brand":[],"product_cat":[3277,3324],"product_tag":[],"class_list":{"0":"post-672756","1":"product","2":"type-product","3":"status-publish","4":"has-post-thumbnail","6":"product_cat-all-product","7":"product_cat-kedy","8":"pa_rozmir-910","9":"pa_rozmir-912","10":"pa_rozmir-914","11":"pa_rozmir-915","12":"pa_rozmir-916","13":"pa_rozmir-917","14":"pa_rozmir-918","15":"pa_rozmir-919","16":"pa_rozmir-920","17":"pa_rozmir-921","18":"pa_rozmir-922","20":"first","21":"instock","22":"purchasable","23":"product-type-variable"},"_links":{"self":[{"href":"https:\/\/nextsnkr.com\/no\/wp-json\/wp\/v2\/product\/672756","targetHints":{"allow":["GET"]}}],"collection":[{"href":"https:\/\/nextsnkr.com\/no\/wp-json\/wp\/v2\/product"}],"about":[{"href":"https:\/\/nextsnkr.com\/no\/wp-json\/wp\/v2\/types\/product"}],"replies":[{"embeddable":true,"href":"https:\/\/nextsnkr.com\/no\/wp-json\/wp\/v2\/comments?post=672756"}],"version-history":[{"count":0,"href":"https:\/\/nextsnkr.com\/no\/wp-json\/wp\/v2\/product\/672756\/revisions"}],"wp:featuredmedia":[{"embeddable":true,"href":"https:\/\/nextsnkr.com\/no\/wp-json\/wp\/v2\/media\/672757"}],"wp:attachment":[{"href":"https:\/\/nextsnkr.com\/no\/wp-json\/wp\/v2\/media?parent=672756"}],"wp:term":[{"taxonomy":"product_brand","embeddable":true,"href":"https:\/\/nextsnkr.com\/no\/wp-json\/wp\/v2\/product_brand?post=672756"},{"taxonomy":"product_cat","embeddable":true,"href":"https:\/\/nextsnkr.com\/no\/wp-json\/wp\/v2\/product_cat?post=672756"},{"taxonomy":"product_tag","embeddable":true,"href":"https:\/\/nextsnkr.com\/no\/wp-json\/wp\/v2\/product_tag?post=672756"}],"curies":[{"name":"wp","href":"https:\/\/api.w.org\/{rel}","templated":true}]}}