{"id":672050,"date":"2025-06-13T12:55:27","date_gmt":"2025-06-13T09:55:27","guid":{"rendered":"https:\/\/nextsnkr.com\/product\/slide-orange-no-logo\/"},"modified":"2026-02-01T13:40:54","modified_gmt":"2026-02-01T10:40:54","slug":"slide-orange-no-logo","status":"publish","type":"product","link":"https:\/\/nextsnkr.com\/no\/produkt\/slide-orange-no-logo\/","title":{"rendered":"Slide Orange EVA slippers-lette og behagelige sommert\u00f8fler"},"content":{"rendered":"<h2>Slide Orange EVA slippers-lette og behagelige sommert\u00f8fler<\/h2>\n<p>&nbsp;<\/p>\n<p>Slide Orange no Logo t\u00f8fler er laget av lett OG slitesterkt EVA-materiale, noe som gir komfort, mykhet og holdbarhet. Takket v\u00e6re deres ergonomiske form og st\u00f8tdempende s\u00e5le, er de egnet for daglig bruk hjemme, p\u00e5 stranden eller mens du slapper av. Den lyse oransje fargen gir stil, og produksjonen i Vietnam garanterer ytelse av h\u00f8y kvalitet. Det perfekte valget for sommeren og en komfortabel livsstil.<\/p>\n","protected":false},"excerpt":{"rendered":"<p>Slide Orange no Logo t\u00f8fler er laget av lett OG slitesterkt EVA-materiale, noe som gir komfort, mykhet og holdbarhet. Takket v\u00e6re deres ergonomiske form og st\u00f8tdempende s\u00e5le, er de egnet for daglig bruk hjemme, p\u00e5 stranden eller mens du slapper av. Den lyse oransje fargen gir stil, og produksjonen i Vietnam garanterer ytelse av h\u00f8y kvalitet. Det perfekte valget for sommeren og en komfortabel livsstil.<\/p>\n","protected":false},"featured_media":672052,"comment_status":"open","ping_status":"open","template":"","meta":[],"product_brand":[],"product_cat":[3277,3426],"product_tag":[],"class_list":{"0":"post-672050","1":"product","2":"type-product","3":"status-publish","4":"has-post-thumbnail","6":"product_cat-all-product","7":"product_cat-shlopantsi","8":"pa_rozmir-910","9":"pa_rozmir-912","10":"pa_rozmir-914","11":"pa_rozmir-915","12":"pa_rozmir-916","13":"pa_rozmir-917","14":"pa_rozmir-918","15":"pa_rozmir-919","16":"pa_rozmir-920","17":"pa_rozmir-921","18":"pa_rozmir-922","20":"first","21":"instock","22":"purchasable","23":"product-type-variable"},"_links":{"self":[{"href":"https:\/\/nextsnkr.com\/no\/wp-json\/wp\/v2\/product\/672050","targetHints":{"allow":["GET"]}}],"collection":[{"href":"https:\/\/nextsnkr.com\/no\/wp-json\/wp\/v2\/product"}],"about":[{"href":"https:\/\/nextsnkr.com\/no\/wp-json\/wp\/v2\/types\/product"}],"replies":[{"embeddable":true,"href":"https:\/\/nextsnkr.com\/no\/wp-json\/wp\/v2\/comments?post=672050"}],"version-history":[{"count":0,"href":"https:\/\/nextsnkr.com\/no\/wp-json\/wp\/v2\/product\/672050\/revisions"}],"wp:featuredmedia":[{"embeddable":true,"href":"https:\/\/nextsnkr.com\/no\/wp-json\/wp\/v2\/media\/672052"}],"wp:attachment":[{"href":"https:\/\/nextsnkr.com\/no\/wp-json\/wp\/v2\/media?parent=672050"}],"wp:term":[{"taxonomy":"product_brand","embeddable":true,"href":"https:\/\/nextsnkr.com\/no\/wp-json\/wp\/v2\/product_brand?post=672050"},{"taxonomy":"product_cat","embeddable":true,"href":"https:\/\/nextsnkr.com\/no\/wp-json\/wp\/v2\/product_cat?post=672050"},{"taxonomy":"product_tag","embeddable":true,"href":"https:\/\/nextsnkr.com\/no\/wp-json\/wp\/v2\/product_tag?post=672050"}],"curies":[{"name":"wp","href":"https:\/\/api.w.org\/{rel}","templated":true}]}}