{"id":670652,"date":"2025-06-13T12:56:58","date_gmt":"2025-06-13T09:56:58","guid":{"rendered":"https:\/\/nextsnkr.com\/product\/run-low-white-no-brand\/"},"modified":"2026-02-01T13:40:15","modified_gmt":"2026-02-01T10:40:15","slug":"run-low-white-no-brand","status":"publish","type":"product","link":"https:\/\/nextsnkr.com\/no\/produkt\/run-low-white-no-brand\/","title":{"rendered":"Run Low White sneakers-hvite tekstilsko med \u00f8ko-skinn"},"content":{"rendered":"<h2>Run Low White sneakers-hvite tekstilsko med \u00f8ko-skinn<\/h2>\n<p>&nbsp;<\/p>\n<p>De Hvite joggeskoene Run Low Er laget av en kombinasjon av tekstiler og \u00f8ko-l\u00e6r, som gir letthet, komfort og et stilig utseende til daglig. Den lakoniske hvite designen gj\u00f8r modellen allsidig for ethvert utseende. Takket v\u00e6re materialer av h\u00f8y kvalitet og en p\u00e5litelig s\u00e5l, er joggeskoene perfekte for \u00e5 g\u00e5, studere eller en aktiv urbane rytme. Laget I Vietnam, de er et praktisk valg til en rimelig pris.<\/p>\n","protected":false},"excerpt":{"rendered":"<p>De Hvite joggeskoene Run Low Er laget av en kombinasjon av tekstiler og \u00f8ko-l\u00e6r, som gir letthet, komfort og et stilig utseende til daglig. Den lakoniske hvite designen gj\u00f8r modellen allsidig for ethvert utseende. Takket v\u00e6re materialer av h\u00f8y kvalitet og en p\u00e5litelig s\u00e5l, er joggeskoene perfekte for \u00e5 g\u00e5, studere eller en aktiv urbane rytme. Laget I Vietnam, de er et praktisk valg til en rimelig pris.<\/p>\n","protected":false},"featured_media":670655,"comment_status":"open","ping_status":"open","template":"","meta":[],"product_brand":[],"product_cat":[3277,3324],"product_tag":[],"class_list":{"0":"post-670652","1":"product","2":"type-product","3":"status-publish","4":"has-post-thumbnail","6":"product_cat-all-product","7":"product_cat-kedy","8":"pa_rozmir-910","9":"pa_rozmir-912","10":"pa_rozmir-914","11":"pa_rozmir-915","12":"pa_rozmir-916","13":"pa_rozmir-917","14":"pa_rozmir-918","15":"pa_rozmir-919","16":"pa_rozmir-920","17":"pa_rozmir-921","18":"pa_rozmir-922","20":"first","21":"onbackorder","22":"purchasable","23":"product-type-variable"},"_links":{"self":[{"href":"https:\/\/nextsnkr.com\/no\/wp-json\/wp\/v2\/product\/670652","targetHints":{"allow":["GET"]}}],"collection":[{"href":"https:\/\/nextsnkr.com\/no\/wp-json\/wp\/v2\/product"}],"about":[{"href":"https:\/\/nextsnkr.com\/no\/wp-json\/wp\/v2\/types\/product"}],"replies":[{"embeddable":true,"href":"https:\/\/nextsnkr.com\/no\/wp-json\/wp\/v2\/comments?post=670652"}],"version-history":[{"count":0,"href":"https:\/\/nextsnkr.com\/no\/wp-json\/wp\/v2\/product\/670652\/revisions"}],"wp:featuredmedia":[{"embeddable":true,"href":"https:\/\/nextsnkr.com\/no\/wp-json\/wp\/v2\/media\/670655"}],"wp:attachment":[{"href":"https:\/\/nextsnkr.com\/no\/wp-json\/wp\/v2\/media?parent=670652"}],"wp:term":[{"taxonomy":"product_brand","embeddable":true,"href":"https:\/\/nextsnkr.com\/no\/wp-json\/wp\/v2\/product_brand?post=670652"},{"taxonomy":"product_cat","embeddable":true,"href":"https:\/\/nextsnkr.com\/no\/wp-json\/wp\/v2\/product_cat?post=670652"},{"taxonomy":"product_tag","embeddable":true,"href":"https:\/\/nextsnkr.com\/no\/wp-json\/wp\/v2\/product_tag?post=670652"}],"curies":[{"name":"wp","href":"https:\/\/api.w.org\/{rel}","templated":true}]}}