{"id":669257,"date":"2025-06-13T12:58:41","date_gmt":"2025-06-13T09:58:41","guid":{"rendered":"https:\/\/nextsnkr.com\/product\/ozw-grey-no-brand\/"},"modified":"2026-02-01T13:39:39","modified_gmt":"2026-02-01T10:39:39","slug":"ozw-grey-no-brand","status":"publish","type":"product","link":"https:\/\/nextsnkr.com\/no\/produkt\/ozw-grey-no-brand\/","title":{"rendered":"Ozw Grey no Brand sneakers-lette tekstilsko med \u00f8ko-skinn"},"content":{"rendered":"<h2>Ozw Grey no Brand sneakers-lette tekstilsko med \u00f8ko-skinn<\/h2>\n<p>&nbsp;<\/p>\n<p>Ozw Grey no Brand sneakers er en stilig og allsidig modell for daglig bruk. Kombinasjonen av tekstiler og \u00f8ko-l\u00e6r gir letthet, komfort og holdbarhet, og den gr\u00e5 skyggen gj\u00f8r paret allsidig for ethvert utseende. Laget I Vietnam, garanterer disse joggeskoene en fin konstruksjon og p\u00e5litelighet. Velg Ozw Grey No Brand hvis du er ute etter komfortable, praktiske og moderne joggesko for en aktiv livsstil.<\/p>\n","protected":false},"excerpt":{"rendered":"<p>Ozw Grey no Brand sneakers er en stilig og allsidig modell for daglig bruk. Kombinasjonen av tekstiler og \u00f8ko-l\u00e6r gir letthet, komfort og holdbarhet, og den gr\u00e5 skyggen gj\u00f8r paret allsidig for ethvert utseende. Laget I Vietnam, garanterer disse joggeskoene en fin konstruksjon og p\u00e5litelighet. Velg Ozw Grey No Brand hvis du er ute etter komfortable, praktiske og moderne joggesko for en aktiv livsstil.<\/p>\n","protected":false},"featured_media":669261,"comment_status":"open","ping_status":"open","template":"","meta":[],"product_brand":[],"product_cat":[3277,3278],"product_tag":[],"class_list":{"0":"post-669257","1":"product","2":"type-product","3":"status-publish","4":"has-post-thumbnail","6":"product_cat-all-product","7":"product_cat-krosivky","8":"pa_rozmir-910","9":"pa_rozmir-912","10":"pa_rozmir-914","11":"pa_rozmir-915","12":"pa_rozmir-916","13":"pa_rozmir-917","14":"pa_rozmir-918","15":"pa_rozmir-919","16":"pa_rozmir-920","17":"pa_rozmir-921","18":"pa_rozmir-922","20":"first","21":"onbackorder","22":"purchasable","23":"product-type-variable"},"_links":{"self":[{"href":"https:\/\/nextsnkr.com\/no\/wp-json\/wp\/v2\/product\/669257","targetHints":{"allow":["GET"]}}],"collection":[{"href":"https:\/\/nextsnkr.com\/no\/wp-json\/wp\/v2\/product"}],"about":[{"href":"https:\/\/nextsnkr.com\/no\/wp-json\/wp\/v2\/types\/product"}],"replies":[{"embeddable":true,"href":"https:\/\/nextsnkr.com\/no\/wp-json\/wp\/v2\/comments?post=669257"}],"version-history":[{"count":0,"href":"https:\/\/nextsnkr.com\/no\/wp-json\/wp\/v2\/product\/669257\/revisions"}],"wp:featuredmedia":[{"embeddable":true,"href":"https:\/\/nextsnkr.com\/no\/wp-json\/wp\/v2\/media\/669261"}],"wp:attachment":[{"href":"https:\/\/nextsnkr.com\/no\/wp-json\/wp\/v2\/media?parent=669257"}],"wp:term":[{"taxonomy":"product_brand","embeddable":true,"href":"https:\/\/nextsnkr.com\/no\/wp-json\/wp\/v2\/product_brand?post=669257"},{"taxonomy":"product_cat","embeddable":true,"href":"https:\/\/nextsnkr.com\/no\/wp-json\/wp\/v2\/product_cat?post=669257"},{"taxonomy":"product_tag","embeddable":true,"href":"https:\/\/nextsnkr.com\/no\/wp-json\/wp\/v2\/product_tag?post=669257"}],"curies":[{"name":"wp","href":"https:\/\/api.w.org\/{rel}","templated":true}]}}