{"id":668717,"date":"2025-06-18T21:28:40","date_gmt":"2025-06-18T18:28:40","guid":{"rendered":"https:\/\/nextsnkr.com\/product\/nike-sb-dunk-x-off-white-lot-38-50-premium\/"},"modified":"2026-02-01T13:39:14","modified_gmt":"2026-02-01T10:39:14","slug":"nike-sb-dunk-x-off-white-lot-38-50-premium","status":"publish","type":"product","link":"https:\/\/nextsnkr.com\/no\/produkt\/nike-sb-dunk-x-off-white-lot-38-50-premium\/","title":{"rendered":"NIKE SB Dunk x OFF-WHITE Lot 38: 50 Premium sneakers-semsket skinn og l\u00e6r"},"content":{"rendered":"<h2>NIKE SB Dunk x OFF-WHITE Lot 38: 50 Premium sneakers-semsket skinn og l\u00e6r<\/h2>\n<p>&nbsp;<\/p>\n<p>De stilige NIKE SB Dunk x OFF-WHITE Lot 38: 50 Premium-joggeskoene kombinerer semsket skinn og l\u00e6r, noe som gir komfort og holdbarhet. Modellen ble opprettet i samarbeid MED OFF-WHITE-merket, som garanterer et unikt design og et moderne utseende. Produsenten er Vietnam, som bekrefter kvaliteten og p\u00e5liteligheten. Det perfekte valget for hverdagsbruk, utend\u00f8rsaktiviteter og de som setter pris p\u00e5 stil og eksklusivitet p\u00e5 samme tid.<\/p>\n","protected":false},"excerpt":{"rendered":"<p>De stilige NIKE SB Dunk x OFF-WHITE Lot 38: 50 Premium-joggeskoene kombinerer semsket skinn og l\u00e6r, noe som gir komfort og holdbarhet. Modellen ble opprettet i samarbeid MED OFF-WHITE-merket, som garanterer et unikt design og et moderne utseende. Produsenten er Vietnam, som bekrefter kvaliteten og p\u00e5liteligheten. Det perfekte valget for hverdagsbruk, utend\u00f8rsaktiviteter og de som setter pris p\u00e5 stil og eksklusivitet p\u00e5 samme tid.<\/p>\n","protected":false},"featured_media":668718,"comment_status":"open","ping_status":"open","template":"","meta":[],"product_brand":[],"product_cat":[3277,3324],"product_tag":[],"class_list":{"0":"post-668717","1":"product","2":"type-product","3":"status-publish","4":"has-post-thumbnail","6":"product_cat-all-product","7":"product_cat-kedy","8":"pa_rozmir-910","9":"pa_rozmir-912","10":"pa_rozmir-914","11":"pa_rozmir-915","12":"pa_rozmir-916","13":"pa_rozmir-917","14":"pa_rozmir-918","15":"pa_rozmir-919","16":"pa_rozmir-920","17":"pa_rozmir-921","18":"pa_rozmir-922","20":"first","21":"instock","22":"purchasable","23":"product-type-variable"},"_links":{"self":[{"href":"https:\/\/nextsnkr.com\/no\/wp-json\/wp\/v2\/product\/668717","targetHints":{"allow":["GET"]}}],"collection":[{"href":"https:\/\/nextsnkr.com\/no\/wp-json\/wp\/v2\/product"}],"about":[{"href":"https:\/\/nextsnkr.com\/no\/wp-json\/wp\/v2\/types\/product"}],"replies":[{"embeddable":true,"href":"https:\/\/nextsnkr.com\/no\/wp-json\/wp\/v2\/comments?post=668717"}],"version-history":[{"count":0,"href":"https:\/\/nextsnkr.com\/no\/wp-json\/wp\/v2\/product\/668717\/revisions"}],"wp:featuredmedia":[{"embeddable":true,"href":"https:\/\/nextsnkr.com\/no\/wp-json\/wp\/v2\/media\/668718"}],"wp:attachment":[{"href":"https:\/\/nextsnkr.com\/no\/wp-json\/wp\/v2\/media?parent=668717"}],"wp:term":[{"taxonomy":"product_brand","embeddable":true,"href":"https:\/\/nextsnkr.com\/no\/wp-json\/wp\/v2\/product_brand?post=668717"},{"taxonomy":"product_cat","embeddable":true,"href":"https:\/\/nextsnkr.com\/no\/wp-json\/wp\/v2\/product_cat?post=668717"},{"taxonomy":"product_tag","embeddable":true,"href":"https:\/\/nextsnkr.com\/no\/wp-json\/wp\/v2\/product_tag?post=668717"}],"curies":[{"name":"wp","href":"https:\/\/api.w.org\/{rel}","templated":true}]}}