{"id":667528,"date":"2025-06-13T13:00:46","date_gmt":"2025-06-13T10:00:46","guid":{"rendered":"https:\/\/nextsnkr.com\/product\/leather-boots-nylon-pouch\/"},"modified":"2026-02-01T13:38:42","modified_gmt":"2026-02-01T10:38:42","slug":"leather-boots-nylon-pouch","status":"publish","type":"product","link":"https:\/\/nextsnkr.com\/no\/produkt\/leather-boots-nylon-pouch\/","title":{"rendered":"L\u00e6rst\u00f8vler Nylonpose-l\u00e6rst\u00f8vler med nylonlomme for kvinner"},"content":{"rendered":"<h2>L\u00e6rst\u00f8vler Nylonpose-l\u00e6rst\u00f8vler med nylonlomme for kvinner<\/h2>\n<p>&nbsp;<\/p>\n<p>L\u00e6rst\u00f8vler Nylon Pouch boots er stilige og praktiske damesko laget av ekte skinn av h\u00f8y kvalitet. Modellen suppleres med en original nylonlomme, som gir bekvemmelighet og en moderne aksent til designet. Takket v\u00e6re den slitesterke s\u00e5len er st\u00f8vlene egnet for daglig bruk og en aktiv urban rytme. Fabrikkproduksjon i Kina garanterer n\u00f8yaktig utf\u00f8relse og holdbarhet. Velg L\u00e6r St\u00f8vler Nylon Veske-en kombinasjon av stil, funksjonalitet og komfort.<\/p>\n","protected":false},"excerpt":{"rendered":"<p>L\u00e6rst\u00f8vler Nylon Pouch boots er stilige og praktiske damesko laget av ekte skinn av h\u00f8y kvalitet. Modellen suppleres med en original nylonlomme, som gir bekvemmelighet og en moderne aksent til designet. Takket v\u00e6re den slitesterke s\u00e5len er st\u00f8vlene egnet for daglig bruk og en aktiv urban rytme. Fabrikkproduksjon i Kina garanterer n\u00f8yaktig utf\u00f8relse og holdbarhet. Velg L\u00e6r St\u00f8vler Nylon Veske-en kombinasjon av stil, funksjonalitet og komfort.<\/p>\n","protected":false},"featured_media":667529,"comment_status":"open","ping_status":"open","template":"","meta":[],"product_brand":[],"product_cat":[3277,3337],"product_tag":[],"class_list":{"0":"post-667528","1":"product","2":"type-product","3":"status-publish","4":"has-post-thumbnail","6":"product_cat-all-product","7":"product_cat-cherevyky","8":"pa_rozmir-910","9":"pa_rozmir-912","10":"pa_rozmir-914","11":"pa_rozmir-915","12":"pa_rozmir-916","13":"pa_rozmir-917","14":"pa_rozmir-918","15":"pa_rozmir-919","16":"pa_rozmir-920","17":"pa_rozmir-921","18":"pa_rozmir-922","20":"first","21":"onbackorder","22":"purchasable","23":"product-type-variable"},"_links":{"self":[{"href":"https:\/\/nextsnkr.com\/no\/wp-json\/wp\/v2\/product\/667528","targetHints":{"allow":["GET"]}}],"collection":[{"href":"https:\/\/nextsnkr.com\/no\/wp-json\/wp\/v2\/product"}],"about":[{"href":"https:\/\/nextsnkr.com\/no\/wp-json\/wp\/v2\/types\/product"}],"replies":[{"embeddable":true,"href":"https:\/\/nextsnkr.com\/no\/wp-json\/wp\/v2\/comments?post=667528"}],"version-history":[{"count":0,"href":"https:\/\/nextsnkr.com\/no\/wp-json\/wp\/v2\/product\/667528\/revisions"}],"wp:featuredmedia":[{"embeddable":true,"href":"https:\/\/nextsnkr.com\/no\/wp-json\/wp\/v2\/media\/667529"}],"wp:attachment":[{"href":"https:\/\/nextsnkr.com\/no\/wp-json\/wp\/v2\/media?parent=667528"}],"wp:term":[{"taxonomy":"product_brand","embeddable":true,"href":"https:\/\/nextsnkr.com\/no\/wp-json\/wp\/v2\/product_brand?post=667528"},{"taxonomy":"product_cat","embeddable":true,"href":"https:\/\/nextsnkr.com\/no\/wp-json\/wp\/v2\/product_cat?post=667528"},{"taxonomy":"product_tag","embeddable":true,"href":"https:\/\/nextsnkr.com\/no\/wp-json\/wp\/v2\/product_tag?post=667528"}],"curies":[{"name":"wp","href":"https:\/\/api.w.org\/{rel}","templated":true}]}}