{"id":667161,"date":"2025-06-18T21:35:14","date_gmt":"2025-06-18T18:35:14","guid":{"rendered":"https:\/\/nextsnkr.com\/product\/nike-sb-dunk-85-double-swoosh-pink-rabbit-premium\/"},"modified":"2026-02-01T13:38:33","modified_gmt":"2026-02-01T10:38:33","slug":"nike-sb-dunk-85-double-swoosh-pink-rabbit-premium","status":"publish","type":"product","link":"https:\/\/nextsnkr.com\/no\/produkt\/nike-sb-dunk-85-double-swoosh-pink-rabbit-premium\/","title":{"rendered":"NIKE SB Dunk &#8216; 85 Dobbel Swoosh Rosa Kanin Joggesko Premium Semsket Skinn \/ L\u00e6r"},"content":{"rendered":"<h2>NIKE SB Dunk &#8216; 85 Dobbel Swoosh Rosa Kanin Joggesko Premium Semsket Skinn \/ L\u00e6r<\/h2>\n<p>&nbsp;<\/p>\n<p>NIKE SB Dunk &#8216; 85 Double Swoosh Pink Rabbit sneakers kombinerer f\u00f8rsteklasses semsket skinn og ekte skinn for stilig og komfortabel daglig bruk. Den unike rosa doble Swoosh-designen fremhever personligheten og det fasjonable utseendet. Vietnam-produsenten garanterer ytelse og holdbarhet av h\u00f8y kvalitet. Det perfekte valget for merkevarekjennere som setter pris p\u00e5 komfort, stil og f\u00f8rsteklasses ytelse i hvert par.<\/p>\n","protected":false},"excerpt":{"rendered":"<p>NIKE SB Dunk &#8216; 85 Double Swoosh Pink Rabbit sneakers kombinerer f\u00f8rsteklasses semsket skinn og ekte skinn for stilig og komfortabel daglig bruk. Den unike rosa doble Swoosh-designen fremhever personligheten og det fasjonable utseendet. Vietnam-produsenten garanterer ytelse og holdbarhet av h\u00f8y kvalitet. Det perfekte valget for merkevarekjennere som setter pris p\u00e5 komfort, stil og f\u00f8rsteklasses ytelse i hvert par.<\/p>\n","protected":false},"featured_media":667162,"comment_status":"open","ping_status":"open","template":"","meta":[],"product_brand":[],"product_cat":[3277,3324],"product_tag":[],"class_list":{"0":"post-667161","1":"product","2":"type-product","3":"status-publish","4":"has-post-thumbnail","6":"product_cat-all-product","7":"product_cat-kedy","8":"pa_rozmir-910","9":"pa_rozmir-912","10":"pa_rozmir-914","11":"pa_rozmir-915","12":"pa_rozmir-916","13":"pa_rozmir-917","14":"pa_rozmir-918","15":"pa_rozmir-919","16":"pa_rozmir-920","17":"pa_rozmir-921","18":"pa_rozmir-922","20":"first","21":"instock","22":"purchasable","23":"product-type-variable"},"_links":{"self":[{"href":"https:\/\/nextsnkr.com\/no\/wp-json\/wp\/v2\/product\/667161","targetHints":{"allow":["GET"]}}],"collection":[{"href":"https:\/\/nextsnkr.com\/no\/wp-json\/wp\/v2\/product"}],"about":[{"href":"https:\/\/nextsnkr.com\/no\/wp-json\/wp\/v2\/types\/product"}],"replies":[{"embeddable":true,"href":"https:\/\/nextsnkr.com\/no\/wp-json\/wp\/v2\/comments?post=667161"}],"version-history":[{"count":0,"href":"https:\/\/nextsnkr.com\/no\/wp-json\/wp\/v2\/product\/667161\/revisions"}],"wp:featuredmedia":[{"embeddable":true,"href":"https:\/\/nextsnkr.com\/no\/wp-json\/wp\/v2\/media\/667162"}],"wp:attachment":[{"href":"https:\/\/nextsnkr.com\/no\/wp-json\/wp\/v2\/media?parent=667161"}],"wp:term":[{"taxonomy":"product_brand","embeddable":true,"href":"https:\/\/nextsnkr.com\/no\/wp-json\/wp\/v2\/product_brand?post=667161"},{"taxonomy":"product_cat","embeddable":true,"href":"https:\/\/nextsnkr.com\/no\/wp-json\/wp\/v2\/product_cat?post=667161"},{"taxonomy":"product_tag","embeddable":true,"href":"https:\/\/nextsnkr.com\/no\/wp-json\/wp\/v2\/product_tag?post=667161"}],"curies":[{"name":"wp","href":"https:\/\/api.w.org\/{rel}","templated":true}]}}