{"id":667035,"date":"2025-06-13T13:01:20","date_gmt":"2025-06-13T10:01:20","guid":{"rendered":"https:\/\/nextsnkr.com\/product\/louis-vuitton-easy-pouch-on-strap\/"},"modified":"2026-02-01T13:38:20","modified_gmt":"2026-02-01T10:38:20","slug":"louis-vuitton-easy-pouch-on-strap","status":"publish","type":"product","link":"https:\/\/nextsnkr.com\/no\/produkt\/louis-vuitton-easy-pouch-on-strap\/","title":{"rendered":"Louis Vuitton Easy Veske P\u00e5 Stropp-stilig \u00f8ko-l\u00e6r for kvinner"},"content":{"rendered":"<h2>Louis Vuitton Easy Veske P\u00e5 Stropp-stilig \u00f8ko-l\u00e6r for kvinner<\/h2>\n<p>&nbsp;<\/p>\n<p>Louis Vuitton Easy Pouch On Strap er et elegant og praktisk tilbeh\u00f8r til daglig bruk. Modellen er laget av \u00f8ko-l\u00e6r av h\u00f8y kvalitet, som kombinerer stilig utseende, praktisk og lettstelt. Det kompakte formatet lar deg plassere alle n\u00f8dvendige ting, og den praktiske stroppen sikrer behagelig bruk p\u00e5 skulderen eller over skulderen. Den stilige designen i \u00e5nden Til Louis Vuitton gj\u00f8r denne vesken til det perfekte tilskuddet til ethvert utseende, og understreker eierens smak og selvtillit.<\/p>\n","protected":false},"excerpt":{"rendered":"<p>Louis Vuitton Easy Pouch On Strap er et elegant og praktisk tilbeh\u00f8r til daglig bruk. Modellen er laget av \u00f8ko-l\u00e6r av h\u00f8y kvalitet, som kombinerer stilig utseende, praktisk og lettstelt. Det kompakte formatet lar deg plassere alle n\u00f8dvendige ting, og den praktiske stroppen sikrer behagelig bruk p\u00e5 skulderen eller over skulderen. Den stilige designen i \u00e5nden Til Louis Vuitton gj\u00f8r denne vesken til det perfekte tilskuddet til ethvert utseende, og understreker eierens smak og selvtillit.<\/p>\n","protected":false},"featured_media":667036,"comment_status":"open","ping_status":"open","template":"","meta":[],"product_brand":[],"product_cat":[3277,3488],"product_tag":[],"class_list":{"0":"post-667035","1":"product","2":"type-product","3":"status-publish","4":"has-post-thumbnail","6":"product_cat-all-product","7":"product_cat-sumky","8":"pa_rozmir-20kh13kh5","10":"first","11":"instock","12":"purchasable","13":"product-type-simple"},"_links":{"self":[{"href":"https:\/\/nextsnkr.com\/no\/wp-json\/wp\/v2\/product\/667035","targetHints":{"allow":["GET"]}}],"collection":[{"href":"https:\/\/nextsnkr.com\/no\/wp-json\/wp\/v2\/product"}],"about":[{"href":"https:\/\/nextsnkr.com\/no\/wp-json\/wp\/v2\/types\/product"}],"replies":[{"embeddable":true,"href":"https:\/\/nextsnkr.com\/no\/wp-json\/wp\/v2\/comments?post=667035"}],"version-history":[{"count":0,"href":"https:\/\/nextsnkr.com\/no\/wp-json\/wp\/v2\/product\/667035\/revisions"}],"wp:featuredmedia":[{"embeddable":true,"href":"https:\/\/nextsnkr.com\/no\/wp-json\/wp\/v2\/media\/667036"}],"wp:attachment":[{"href":"https:\/\/nextsnkr.com\/no\/wp-json\/wp\/v2\/media?parent=667035"}],"wp:term":[{"taxonomy":"product_brand","embeddable":true,"href":"https:\/\/nextsnkr.com\/no\/wp-json\/wp\/v2\/product_brand?post=667035"},{"taxonomy":"product_cat","embeddable":true,"href":"https:\/\/nextsnkr.com\/no\/wp-json\/wp\/v2\/product_cat?post=667035"},{"taxonomy":"product_tag","embeddable":true,"href":"https:\/\/nextsnkr.com\/no\/wp-json\/wp\/v2\/product_tag?post=667035"}],"curies":[{"name":"wp","href":"https:\/\/api.w.org\/{rel}","templated":true}]}}