{"id":666767,"date":"2025-06-13T13:04:17","date_gmt":"2025-06-13T10:04:17","guid":{"rendered":"https:\/\/nextsnkr.com\/product\/guess-crossbody-2\/"},"modified":"2026-02-01T13:37:29","modified_gmt":"2026-02-01T10:37:29","slug":"guess-crossbody-2","status":"publish","type":"product","link":"https:\/\/nextsnkr.com\/no\/produkt\/guess-crossbody-2\/","title":{"rendered":"Guess Crossbody bag er en stilig crossbody bag for kvinner laget av \u00f8ko-l\u00e6r"},"content":{"rendered":"<h2>Guess Crossbody bag er en stilig crossbody bag for kvinner laget av \u00f8ko-l\u00e6r<\/h2>\n<p>&nbsp;<\/p>\n<p>Guess Crossbody-vesken er en kompakt og komfortabel modell laget av \u00f8ko-l\u00e6r av h\u00f8y kvalitet, designet for daglig bruk. Det praktiske formatet over skulderen sikrer bevegelsesfrihet, Og Guess stilige design understreker individualitet. Holdbare materialer garanterer holdbarhet, og den gjennomtenkte romsligheten lar deg enkelt plassere alle n\u00f8dvendige ting. Det perfekte valget for moderne kvinner som setter pris p\u00e5 komfort og eleganse.<\/p>\n","protected":false},"excerpt":{"rendered":"<p>Guess Crossbody-vesken er en kompakt og komfortabel modell laget av \u00f8ko-l\u00e6r av h\u00f8y kvalitet, designet for daglig bruk. Det praktiske formatet over skulderen sikrer bevegelsesfrihet, Og Guess stilige design understreker individualitet. Holdbare materialer garanterer holdbarhet, og den gjennomtenkte romsligheten lar deg enkelt plassere alle n\u00f8dvendige ting. Det perfekte valget for moderne kvinner som setter pris p\u00e5 komfort og eleganse.<\/p>\n","protected":false},"featured_media":666768,"comment_status":"open","ping_status":"open","template":"","meta":[],"product_brand":[],"product_cat":[3277,3488],"product_tag":[],"class_list":{"0":"post-666767","1":"product","2":"type-product","3":"status-publish","4":"has-post-thumbnail","6":"product_cat-all-product","7":"product_cat-sumky","9":"first","10":"instock","11":"purchasable","12":"product-type-simple"},"_links":{"self":[{"href":"https:\/\/nextsnkr.com\/no\/wp-json\/wp\/v2\/product\/666767","targetHints":{"allow":["GET"]}}],"collection":[{"href":"https:\/\/nextsnkr.com\/no\/wp-json\/wp\/v2\/product"}],"about":[{"href":"https:\/\/nextsnkr.com\/no\/wp-json\/wp\/v2\/types\/product"}],"replies":[{"embeddable":true,"href":"https:\/\/nextsnkr.com\/no\/wp-json\/wp\/v2\/comments?post=666767"}],"version-history":[{"count":0,"href":"https:\/\/nextsnkr.com\/no\/wp-json\/wp\/v2\/product\/666767\/revisions"}],"wp:featuredmedia":[{"embeddable":true,"href":"https:\/\/nextsnkr.com\/no\/wp-json\/wp\/v2\/media\/666768"}],"wp:attachment":[{"href":"https:\/\/nextsnkr.com\/no\/wp-json\/wp\/v2\/media?parent=666767"}],"wp:term":[{"taxonomy":"product_brand","embeddable":true,"href":"https:\/\/nextsnkr.com\/no\/wp-json\/wp\/v2\/product_brand?post=666767"},{"taxonomy":"product_cat","embeddable":true,"href":"https:\/\/nextsnkr.com\/no\/wp-json\/wp\/v2\/product_cat?post=666767"},{"taxonomy":"product_tag","embeddable":true,"href":"https:\/\/nextsnkr.com\/no\/wp-json\/wp\/v2\/product_tag?post=666767"}],"curies":[{"name":"wp","href":"https:\/\/api.w.org\/{rel}","templated":true}]}}