{"id":666150,"date":"2025-06-13T13:05:23","date_gmt":"2025-06-13T10:05:23","guid":{"rendered":"https:\/\/nextsnkr.com\/product\/prada-diamond\/"},"modified":"2026-02-01T13:36:59","modified_gmt":"2026-02-01T10:36:59","slug":"prada-diamond","status":"publish","type":"product","link":"https:\/\/nextsnkr.com\/no\/produkt\/prada-diamond\/","title":{"rendered":"Prada Diamond bag er en stilig kvinners veske i et moderne design"},"content":{"rendered":"<h2>Prada Diamond bag er en stilig kvinners veske i et moderne design<\/h2>\n<p>&nbsp;<\/p>\n<p>Den elegante Prada Diamond handbag er et uts\u00f8kt tilbeh\u00f8r som kombinerer moderne stil og premium utseende. Takket v\u00e6re den gjennomtenkte designen understreker modellen individualitet og gir raffinement til bildet. Kompakt, praktisk og allsidig, den er egnet for daglig bruk, byvandringer og spesielle arrangementer. Vesken kjennetegnes av sin h\u00f8ykvalitets design og pene detaljer, noe som gj\u00f8r den til et utmerket valg for kvinner som setter pris p\u00e5 stil, praktisk og motetrender.<\/p>\n","protected":false},"excerpt":{"rendered":"<p>Den elegante Prada Diamond handbag er et uts\u00f8kt tilbeh\u00f8r som kombinerer moderne stil og premium utseende. Takket v\u00e6re den gjennomtenkte designen understreker modellen individualitet og gir raffinement til bildet. Kompakt, praktisk og allsidig, den er egnet for daglig bruk, byvandringer og spesielle arrangementer. Vesken kjennetegnes av sin h\u00f8ykvalitets design og pene detaljer, noe som gj\u00f8r den til et utmerket valg for kvinner som setter pris p\u00e5 stil, praktisk og motetrender.<\/p>\n","protected":false},"featured_media":666151,"comment_status":"open","ping_status":"open","template":"","meta":[],"product_brand":[],"product_cat":[3277,3488],"product_tag":[],"class_list":{"0":"post-666150","1":"product","2":"type-product","3":"status-publish","4":"has-post-thumbnail","6":"product_cat-all-product","7":"product_cat-sumky","8":"pa_rozmir-20x12x5","10":"first","11":"instock","12":"purchasable","13":"product-type-simple"},"_links":{"self":[{"href":"https:\/\/nextsnkr.com\/no\/wp-json\/wp\/v2\/product\/666150","targetHints":{"allow":["GET"]}}],"collection":[{"href":"https:\/\/nextsnkr.com\/no\/wp-json\/wp\/v2\/product"}],"about":[{"href":"https:\/\/nextsnkr.com\/no\/wp-json\/wp\/v2\/types\/product"}],"replies":[{"embeddable":true,"href":"https:\/\/nextsnkr.com\/no\/wp-json\/wp\/v2\/comments?post=666150"}],"version-history":[{"count":0,"href":"https:\/\/nextsnkr.com\/no\/wp-json\/wp\/v2\/product\/666150\/revisions"}],"wp:featuredmedia":[{"embeddable":true,"href":"https:\/\/nextsnkr.com\/no\/wp-json\/wp\/v2\/media\/666151"}],"wp:attachment":[{"href":"https:\/\/nextsnkr.com\/no\/wp-json\/wp\/v2\/media?parent=666150"}],"wp:term":[{"taxonomy":"product_brand","embeddable":true,"href":"https:\/\/nextsnkr.com\/no\/wp-json\/wp\/v2\/product_brand?post=666150"},{"taxonomy":"product_cat","embeddable":true,"href":"https:\/\/nextsnkr.com\/no\/wp-json\/wp\/v2\/product_cat?post=666150"},{"taxonomy":"product_tag","embeddable":true,"href":"https:\/\/nextsnkr.com\/no\/wp-json\/wp\/v2\/product_tag?post=666150"}],"curies":[{"name":"wp","href":"https:\/\/api.w.org\/{rel}","templated":true}]}}