{"id":666003,"date":"2025-06-13T13:05:59","date_gmt":"2025-06-13T10:05:59","guid":{"rendered":"https:\/\/nextsnkr.com\/product\/chanel-tweed\/"},"modified":"2026-02-01T13:36:51","modified_gmt":"2026-02-01T10:36:51","slug":"chanel-tweed","status":"publish","type":"product","link":"https:\/\/nextsnkr.com\/no\/produkt\/chanel-tweed\/","title":{"rendered":"Chanel Tweed tekstilpose-elegant og stilig"},"content":{"rendered":"<h2>Chanel Tweed tekstilpose-elegant og stilig<\/h2>\n<p>&nbsp;<\/p>\n<p>Chanel Tweed-vesken er laget av tekstiler av h\u00f8y kvalitet som kombinerer mykhet, letthet og holdbarhet. Tweed-teksturen gir tilbeh\u00f8ret et raffinert utseende, noe som gj\u00f8r det til et ideelt tillegg til uformelt og festlig utseende. Det romslige innvendige rommet og den praktiske formen sikrer komfort i bruk. En stilig og praktisk veske vil bli en spektakul\u00e6r aksent i garderoben til en moderne kvinne.<\/p>\n","protected":false},"excerpt":{"rendered":"<p>Chanel Tweed-vesken er laget av tekstiler av h\u00f8y kvalitet som kombinerer mykhet, letthet og holdbarhet. Tweed-teksturen gir tilbeh\u00f8ret et raffinert utseende, noe som gj\u00f8r det til et ideelt tillegg til uformelt og festlig utseende. Det romslige innvendige rommet og den praktiske formen sikrer komfort i bruk. En stilig og praktisk veske vil bli en spektakul\u00e6r aksent i garderoben til en moderne kvinne.<\/p>\n","protected":false},"featured_media":666007,"comment_status":"open","ping_status":"open","template":"","meta":[],"product_brand":[],"product_cat":[3277,3488],"product_tag":[],"class_list":{"0":"post-666003","1":"product","2":"type-product","3":"status-publish","4":"has-post-thumbnail","6":"product_cat-all-product","7":"product_cat-sumky","8":"pa_rozmir-20kh14","10":"first","11":"instock","12":"purchasable","13":"product-type-simple"},"_links":{"self":[{"href":"https:\/\/nextsnkr.com\/no\/wp-json\/wp\/v2\/product\/666003","targetHints":{"allow":["GET"]}}],"collection":[{"href":"https:\/\/nextsnkr.com\/no\/wp-json\/wp\/v2\/product"}],"about":[{"href":"https:\/\/nextsnkr.com\/no\/wp-json\/wp\/v2\/types\/product"}],"replies":[{"embeddable":true,"href":"https:\/\/nextsnkr.com\/no\/wp-json\/wp\/v2\/comments?post=666003"}],"version-history":[{"count":0,"href":"https:\/\/nextsnkr.com\/no\/wp-json\/wp\/v2\/product\/666003\/revisions"}],"wp:featuredmedia":[{"embeddable":true,"href":"https:\/\/nextsnkr.com\/no\/wp-json\/wp\/v2\/media\/666007"}],"wp:attachment":[{"href":"https:\/\/nextsnkr.com\/no\/wp-json\/wp\/v2\/media?parent=666003"}],"wp:term":[{"taxonomy":"product_brand","embeddable":true,"href":"https:\/\/nextsnkr.com\/no\/wp-json\/wp\/v2\/product_brand?post=666003"},{"taxonomy":"product_cat","embeddable":true,"href":"https:\/\/nextsnkr.com\/no\/wp-json\/wp\/v2\/product_cat?post=666003"},{"taxonomy":"product_tag","embeddable":true,"href":"https:\/\/nextsnkr.com\/no\/wp-json\/wp\/v2\/product_tag?post=666003"}],"curies":[{"name":"wp","href":"https:\/\/api.w.org\/{rel}","templated":true}]}}