{"id":664922,"date":"2025-06-13T13:08:35","date_gmt":"2025-06-13T10:08:35","guid":{"rendered":"https:\/\/nextsnkr.com\/product\/pinko-puff\/"},"modified":"2026-02-01T13:35:51","modified_gmt":"2026-02-01T10:35:51","slug":"pinko-puff","status":"publish","type":"product","link":"https:\/\/nextsnkr.com\/no\/produkt\/pinko-puff\/","title":{"rendered":"Pinko Puff \u00f8ko-l\u00e6rveske er et stilig tilbeh\u00f8r for kvinner"},"content":{"rendered":"<h2>Pinko Puff \u00f8ko-l\u00e6rveske er et stilig tilbeh\u00f8r for kvinner<\/h2>\n<p>&nbsp;<\/p>\n<p>Pinko Puff bag er en elegant og moderne modell laget for de som setter pris p\u00e5 stil og bekvemmelighet. Laget av \u00f8ko-l\u00e6r av h\u00f8y kvalitet, kombinerer det enkel pleie, behagelig tekstur og lang levetid. Den stilige designen med relevante detaljer gj\u00f8r vesken allsidig for daglig bruk, turer eller kveldsutseende. Pinko Puff vil perfekt utfylle garderoben og vil bli en lys aksent som vil understreke eierens individualitet.<\/p>\n","protected":false},"excerpt":{"rendered":"<p>Pinko Puff bag er en elegant og moderne modell laget for de som setter pris p\u00e5 stil og bekvemmelighet. Laget av \u00f8ko-l\u00e6r av h\u00f8y kvalitet, kombinerer det enkel pleie, behagelig tekstur og lang levetid. Den stilige designen med relevante detaljer gj\u00f8r vesken allsidig for daglig bruk, turer eller kveldsutseende. Pinko Puff vil perfekt utfylle garderoben og vil bli en lys aksent som vil understreke eierens individualitet.<\/p>\n","protected":false},"featured_media":664926,"comment_status":"open","ping_status":"open","template":"","meta":[],"product_brand":[],"product_cat":[3277,3488],"product_tag":[],"class_list":{"0":"post-664922","1":"product","2":"type-product","3":"status-publish","4":"has-post-thumbnail","6":"product_cat-all-product","7":"product_cat-sumky","8":"pa_rozmir-25x20-sale","10":"first","11":"instock","12":"purchasable","13":"product-type-simple"},"_links":{"self":[{"href":"https:\/\/nextsnkr.com\/no\/wp-json\/wp\/v2\/product\/664922","targetHints":{"allow":["GET"]}}],"collection":[{"href":"https:\/\/nextsnkr.com\/no\/wp-json\/wp\/v2\/product"}],"about":[{"href":"https:\/\/nextsnkr.com\/no\/wp-json\/wp\/v2\/types\/product"}],"replies":[{"embeddable":true,"href":"https:\/\/nextsnkr.com\/no\/wp-json\/wp\/v2\/comments?post=664922"}],"version-history":[{"count":0,"href":"https:\/\/nextsnkr.com\/no\/wp-json\/wp\/v2\/product\/664922\/revisions"}],"wp:featuredmedia":[{"embeddable":true,"href":"https:\/\/nextsnkr.com\/no\/wp-json\/wp\/v2\/media\/664926"}],"wp:attachment":[{"href":"https:\/\/nextsnkr.com\/no\/wp-json\/wp\/v2\/media?parent=664922"}],"wp:term":[{"taxonomy":"product_brand","embeddable":true,"href":"https:\/\/nextsnkr.com\/no\/wp-json\/wp\/v2\/product_brand?post=664922"},{"taxonomy":"product_cat","embeddable":true,"href":"https:\/\/nextsnkr.com\/no\/wp-json\/wp\/v2\/product_cat?post=664922"},{"taxonomy":"product_tag","embeddable":true,"href":"https:\/\/nextsnkr.com\/no\/wp-json\/wp\/v2\/product_tag?post=664922"}],"curies":[{"name":"wp","href":"https:\/\/api.w.org\/{rel}","templated":true}]}}