{"id":664720,"date":"2025-06-13T13:08:35","date_gmt":"2025-06-13T10:08:35","guid":{"rendered":"https:\/\/nextsnkr.com\/product\/pinko-puff-khaki\/"},"modified":"2026-02-01T13:35:43","modified_gmt":"2026-02-01T10:35:43","slug":"pinko-puff-khaki","status":"publish","type":"product","link":"https:\/\/nextsnkr.com\/no\/produkt\/pinko-puff-khaki\/","title":{"rendered":"Pinko Puff Khaki bag er en stilig dameveske laget av \u00f8ko-l\u00e6r"},"content":{"rendered":"<h2>Pinko Puff Khaki bag er en stilig dameveske laget av \u00f8ko-l\u00e6r<\/h2>\n<p>&nbsp;<\/p>\n<p>Pinko Puff Khaki bag er en fasjonabel og allsidig modell laget av \u00f8ko-l\u00e6r av h\u00f8y kvalitet i en trendy khaki-nyanse. Den myke formen og den stilige designen gj\u00f8r den ideell for daglig bruk. Posen har en stor kapasitet, praktisk plassering av rom og en behagelig tekstur til ber\u00f8ring. Det kombineres enkelt med uformelt og mer raffinert utseende, og understreker smaken til eieren.<\/p>\n","protected":false},"excerpt":{"rendered":"<p>Pinko Puff Khaki bag er en fasjonabel og allsidig modell laget av \u00f8ko-l\u00e6r av h\u00f8y kvalitet i en trendy khaki-nyanse. Den myke formen og den stilige designen gj\u00f8r den ideell for daglig bruk. Posen har en stor kapasitet, praktisk plassering av rom og en behagelig tekstur til ber\u00f8ring. Det kombineres enkelt med uformelt og mer raffinert utseende, og understreker smaken til eieren.<\/p>\n","protected":false},"featured_media":664721,"comment_status":"open","ping_status":"open","template":"","meta":[],"product_brand":[],"product_cat":[3277,3488],"product_tag":[],"class_list":{"0":"post-664720","1":"product","2":"type-product","3":"status-publish","4":"has-post-thumbnail","6":"product_cat-all-product","7":"product_cat-sumky","8":"pa_rozmir-25x20-sale","10":"first","11":"instock","12":"purchasable","13":"product-type-simple"},"_links":{"self":[{"href":"https:\/\/nextsnkr.com\/no\/wp-json\/wp\/v2\/product\/664720","targetHints":{"allow":["GET"]}}],"collection":[{"href":"https:\/\/nextsnkr.com\/no\/wp-json\/wp\/v2\/product"}],"about":[{"href":"https:\/\/nextsnkr.com\/no\/wp-json\/wp\/v2\/types\/product"}],"replies":[{"embeddable":true,"href":"https:\/\/nextsnkr.com\/no\/wp-json\/wp\/v2\/comments?post=664720"}],"version-history":[{"count":0,"href":"https:\/\/nextsnkr.com\/no\/wp-json\/wp\/v2\/product\/664720\/revisions"}],"wp:featuredmedia":[{"embeddable":true,"href":"https:\/\/nextsnkr.com\/no\/wp-json\/wp\/v2\/media\/664721"}],"wp:attachment":[{"href":"https:\/\/nextsnkr.com\/no\/wp-json\/wp\/v2\/media?parent=664720"}],"wp:term":[{"taxonomy":"product_brand","embeddable":true,"href":"https:\/\/nextsnkr.com\/no\/wp-json\/wp\/v2\/product_brand?post=664720"},{"taxonomy":"product_cat","embeddable":true,"href":"https:\/\/nextsnkr.com\/no\/wp-json\/wp\/v2\/product_cat?post=664720"},{"taxonomy":"product_tag","embeddable":true,"href":"https:\/\/nextsnkr.com\/no\/wp-json\/wp\/v2\/product_tag?post=664720"}],"curies":[{"name":"wp","href":"https:\/\/api.w.org\/{rel}","templated":true}]}}