{"id":663944,"date":"2025-06-14T15:01:02","date_gmt":"2025-06-14T12:01:02","guid":{"rendered":"https:\/\/nextsnkr.com\/product\/louis-vuitton-onthego\/"},"modified":"2026-02-01T13:35:08","modified_gmt":"2026-02-01T10:35:08","slug":"louis-vuitton-onthego","status":"publish","type":"product","link":"https:\/\/nextsnkr.com\/no\/produkt\/louis-vuitton-onthego\/","title":{"rendered":"Louis Vuitton Onthego Skulderveske-Kvinner stilig \u00d8KO-l\u00e6r Skulderveske"},"content":{"rendered":"<h2>Louis Vuitton Onthego Skulderveske-Kvinner stilig \u00d8KO-l\u00e6r Skulderveske<\/h2>\n<p>&nbsp;<\/p>\n<p>Louis Vuitton Onthego-vesken er en romslig og sofistikert modell designet for moderne kvinner som setter pris p\u00e5 stil og funksjonalitet. Laget av \u00f8ko-l\u00e6r av h\u00f8y kvalitet, har den en solid konstruksjon og komfortable h\u00e5ndtak, noe som gj\u00f8r den ideell for daglig bruk. Det romslige rommet lar deg plassere alle n\u00f8dvendige ting \u2014 fra dokumenter til tilbeh\u00f8r. Velg Onthego for \u00e5 understreke ditt elegante utseende og praktiske i hver dag. Kode: 4196-547901.<\/p>\n","protected":false},"excerpt":{"rendered":"<p>Louis Vuitton Onthego-vesken er en romslig og sofistikert modell designet for moderne kvinner som setter pris p\u00e5 stil og funksjonalitet. Laget av \u00f8ko-l\u00e6r av h\u00f8y kvalitet, har den en solid konstruksjon og komfortable h\u00e5ndtak, noe som gj\u00f8r den ideell for daglig bruk. Det romslige rommet lar deg plassere alle n\u00f8dvendige ting \u2014 fra dokumenter til tilbeh\u00f8r. Velg Onthego for \u00e5 understreke ditt elegante utseende og praktiske i hver dag. Kode: 4196-547901.<\/p>\n","protected":false},"featured_media":663948,"comment_status":"open","ping_status":"open","template":"","meta":[],"product_brand":[],"product_cat":[3277,3488],"product_tag":[],"class_list":{"0":"post-663944","1":"product","2":"type-product","3":"status-publish","4":"has-post-thumbnail","6":"product_cat-all-product","7":"product_cat-sumky","8":"pa_rozmir-41x31","10":"first","11":"instock","12":"purchasable","13":"product-type-simple"},"_links":{"self":[{"href":"https:\/\/nextsnkr.com\/no\/wp-json\/wp\/v2\/product\/663944","targetHints":{"allow":["GET"]}}],"collection":[{"href":"https:\/\/nextsnkr.com\/no\/wp-json\/wp\/v2\/product"}],"about":[{"href":"https:\/\/nextsnkr.com\/no\/wp-json\/wp\/v2\/types\/product"}],"replies":[{"embeddable":true,"href":"https:\/\/nextsnkr.com\/no\/wp-json\/wp\/v2\/comments?post=663944"}],"version-history":[{"count":0,"href":"https:\/\/nextsnkr.com\/no\/wp-json\/wp\/v2\/product\/663944\/revisions"}],"wp:featuredmedia":[{"embeddable":true,"href":"https:\/\/nextsnkr.com\/no\/wp-json\/wp\/v2\/media\/663948"}],"wp:attachment":[{"href":"https:\/\/nextsnkr.com\/no\/wp-json\/wp\/v2\/media?parent=663944"}],"wp:term":[{"taxonomy":"product_brand","embeddable":true,"href":"https:\/\/nextsnkr.com\/no\/wp-json\/wp\/v2\/product_brand?post=663944"},{"taxonomy":"product_cat","embeddable":true,"href":"https:\/\/nextsnkr.com\/no\/wp-json\/wp\/v2\/product_cat?post=663944"},{"taxonomy":"product_tag","embeddable":true,"href":"https:\/\/nextsnkr.com\/no\/wp-json\/wp\/v2\/product_tag?post=663944"}],"curies":[{"name":"wp","href":"https:\/\/api.w.org\/{rel}","templated":true}]}}